{"id":70812,"date":"2025-06-01T18:00:26","date_gmt":"2025-06-01T18:00:26","guid":{"rendered":"https:\/\/e.kosmolat.eu\/product\/famirel-botoderm-action-mitrinoss-dienas-sejas-krems-50-ml\/"},"modified":"2026-04-10T07:43:11","modified_gmt":"2026-04-10T07:43:11","slug":"famirel-botoderm-action-mitrinoss-dienas-sejas-krems-50-ml","status":"publish","type":"product","link":"https:\/\/e.kosmolat.eu\/lv\/product\/famirel-botoderm-action-mitrinoss-dienas-sejas-krems-50-ml\/","title":{"rendered":"Famirel Botoderm Action Mitrino\u0161s dienas sejas kr\u0113ms, 50 ml"},"content":{"rendered":"<p>Famirel BOTODERM \u2014 inovat\u012bva tehnolo\u0123ija, kas nodro\u0161ina botoksa efektu. Lietojiet \u0161o l\u012bdzekli ikdien\u0101 sejas un kakla \u0101das kop\u0161anai, lai mazin\u0101tu krunci\u0146as un pie\u0161\u0137irtu \u0101dai tvirtu izskatu, par k\u0101du vienm\u0113r esat sap\u0146oju\u0161i.<\/p>\n<p>Mitrino\u0161s dienas kr\u0113ms ar vieglu tekst\u016bru un akt\u012bvo e\u013c\u013cu kompleksu \u2014 hohobas, avokado, sojas un ol\u012bvu e\u013c\u013c\u0101m \u2014 dzi\u013ci mitrina \u0101du un vienlaikus pal\u012bdz nov\u0113rst s\u012bko krunci\u0146u veido\u0161anos.<\/p>\n<p>Lieto\u0161ana: Uzkl\u0101jiet kr\u0113mu uz t\u012bras sejas un kakla \u0101das, maigi iemas\u0113jot, l\u012bdz tas piln\u012bb\u0101 ies\u016bcas. Ide\u0101li piem\u0113rots k\u0101 grima b\u0101ze. Lai ieg\u016btu lab\u0101kos rezult\u0101tus, lietojiet katru dienu vismaz 30 dienas.<\/p>\n<p>Br\u012bdin\u0101jums: Satur A vitam\u012bnu. L\u016bgums pirms lieto\u0161anas p\u0101rdom\u0101t savu dienas devu.<\/p>\n<p>Piesardz\u012bbas pas\u0101kumi:<br \/>\n\u2022 Lietot saska\u0146\u0101 ar nor\u0101d\u012bjumiem.<br \/>\n\u2022 Nenor\u012bt.<br \/>\n\u2022 Izvair\u012bties no saskares ar ac\u012bm.<br \/>\n\u2022 Glab\u0101t b\u0113rniem nepieejam\u0101 viet\u0101.<br \/>\n\u2022 Nelietot, ja ir paaugstin\u0101ta individu\u0101la jut\u012bba pret k\u0101du no sast\u0101vda\u013c\u0101m.<br \/>\n\u2022 Nekav\u0113joties p\u0101rtraukt lieto\u0161anu, ja rodas kairin\u0101jums.<br \/>\n\u2022 Nesatur parab\u0113nus. <\/p>\n<p>Uzglab\u0101\u0161anas noteikumi: uzglab\u0101t temperat\u016br\u0101 no +5 l\u012bdz +39 \u00b0C un relat\u012bvaj\u0101 gaisa mitrum\u0101 no 55% l\u012bdz 70%.<\/p>\n","protected":false},"excerpt":{"rendered":"<p>Famirel BOTODERM \u2014 inovat\u012bva tehnolo\u0123ija, kas nodro\u0161ina botoksa efektu. Lietojiet \u0161o l\u012bdzekli ikdien\u0101 sejas un kakla \u0101das kop\u0161anai, lai mazin\u0101tu krunci\u0146as un pie\u0161\u0137irtu \u0101dai tvirtu izskatu, par k\u0101du vienm\u0113r esat sap\u0146oju\u0161i. Mitrino\u0161s dienas kr\u0113ms ar vieglu tekst\u016bru un akt\u012bvo e\u013c\u013cu kompleksu \u2014 hohobas, avokado, sojas un ol\u012bvu e\u013c\u013c\u0101m \u2014 dzi\u013ci mitrina \u0101du un vienlaikus pal\u012bdz [&#8230;]\n","protected":false},"featured_media":78441,"template":"","meta":[],"product_cat":[1320],"product_tag":[],"class_list":{"0":"post-70812","1":"product","2":"type-product","3":"status-publish","4":"has-post-thumbnail","6":"product_brand-famirel-il","7":"product_cat-sejas-kremi","9":"first","10":"instock","11":"taxable","12":"shipping-taxable","13":"product-type-simple"},"_links":{"self":[{"href":"https:\/\/e.kosmolat.eu\/lv\/wp-json\/wp\/v2\/product\/70812","targetHints":{"allow":["GET"]}}],"collection":[{"href":"https:\/\/e.kosmolat.eu\/lv\/wp-json\/wp\/v2\/product"}],"about":[{"href":"https:\/\/e.kosmolat.eu\/lv\/wp-json\/wp\/v2\/types\/product"}],"wp:featuredmedia":[{"embeddable":true,"href":"https:\/\/e.kosmolat.eu\/lv\/wp-json\/wp\/v2\/media\/78441"}],"wp:attachment":[{"href":"https:\/\/e.kosmolat.eu\/lv\/wp-json\/wp\/v2\/media?parent=70812"}],"wp:term":[{"taxonomy":"product_cat","embeddable":true,"href":"https:\/\/e.kosmolat.eu\/lv\/wp-json\/wp\/v2\/product_cat?post=70812"},{"taxonomy":"product_tag","embeddable":true,"href":"https:\/\/e.kosmolat.eu\/lv\/wp-json\/wp\/v2\/product_tag?post=70812"}],"curies":[{"name":"wp","href":"https:\/\/api.w.org\/{rel}","templated":true}]}}