{"id":70804,"date":"2025-06-01T17:59:47","date_gmt":"2025-06-01T17:59:47","guid":{"rendered":"https:\/\/e.kosmolat.eu\/product\/famirel-delicate-hydro-intensive-mitrin-dienas-kr-50-ml\/"},"modified":"2026-04-10T07:39:48","modified_gmt":"2026-04-10T07:39:48","slug":"famirel-delicate-hydro-intensive-mitrin-dienas-kr-50-ml","status":"publish","type":"product","link":"https:\/\/e.kosmolat.eu\/lv\/product\/famirel-delicate-hydro-intensive-mitrin-dienas-kr-50-ml\/","title":{"rendered":"Famirel Delicate &#038; Hydro Intensive Mitrin. dienas kr., 50 ml"},"content":{"rendered":"<p>Sausai, jut\u012bgai, dehidrat\u0113tai un norm\u0101lai \u0101dai. Piem\u0113rots jebkuram vecumam.<\/p>\n<p>Mitrino\u0161s dienas kr\u0113ms ar formulu, kas apvieno N\u0101ves j\u016bras s\u0101ls unik\u0101l\u0101s \u012bpa\u0161\u012bbas, augu e\u013c\u013cas un ekstraktus. Augsts vitam\u012bnu un miner\u0101lvielu saturs aizsarg\u0101 \u0101du no nelabv\u0113l\u012bgas apk\u0101rt\u0113j\u0101s vides ietekmes, atsvaidzina to un padara gludu.<\/p>\n<p>Lieto\u0161ana: Uzkl\u0101jiet kr\u0113mu uz t\u012bras sejas un kakla \u0101das, maigi iemas\u0113jot, l\u012bdz tas piln\u012bb\u0101 ies\u016bcas. Ide\u0101li piem\u0113rots k\u0101 grima b\u0101ze. Lai ieg\u016btu lab\u0101kos rezult\u0101tus, lietojiet katru dienu vismaz 30 dienas.<\/p>\n<p>Br\u012bdin\u0101jums: Satur A vitam\u012bnu. L\u016bgums pirms lieto\u0161anas p\u0101rdom\u0101t savu dienas devu.<\/p>\n<p>Piesardz\u012bbas pas\u0101kumi:<br \/>\n\u2022 Lietot saska\u0146\u0101 ar nor\u0101d\u012bjumiem.<br \/>\n\u2022 Nenor\u012bt.<br \/>\n\u2022 Izvair\u012bties no saskares ar ac\u012bm.<br \/>\n\u2022 Glab\u0101t b\u0113rniem nepieejam\u0101 viet\u0101.<br \/>\n\u2022 Nelietot, ja ir paaugstin\u0101ta individu\u0101la jut\u012bba pret k\u0101du no sast\u0101vda\u013c\u0101m.<br \/>\n\u2022 Nekav\u0113joties p\u0101rtraukt lieto\u0161anu, ja rodas kairin\u0101jums.<br \/>\n\u2022 Nesatur parab\u0113nus.<br \/>\nUzglab\u0101\u0161anas noteikumi: uzglab\u0101t temperat\u016br\u0101 no +5 l\u012bdz +39 \u00b0C un relat\u012bvaj\u0101 gaisa mitrum\u0101 no 55% l\u012bdz 70%.<\/p>\n","protected":false},"excerpt":{"rendered":"<p>Sausai, jut\u012bgai, dehidrat\u0113tai un norm\u0101lai \u0101dai. Piem\u0113rots jebkuram vecumam. Mitrino\u0161s dienas kr\u0113ms ar formulu, kas apvieno N\u0101ves j\u016bras s\u0101ls unik\u0101l\u0101s \u012bpa\u0161\u012bbas, augu e\u013c\u013cas un ekstraktus. Augsts vitam\u012bnu un miner\u0101lvielu saturs aizsarg\u0101 \u0101du no nelabv\u0113l\u012bgas apk\u0101rt\u0113j\u0101s vides ietekmes, atsvaidzina to un padara gludu. Lieto\u0161ana: Uzkl\u0101jiet kr\u0113mu uz t\u012bras sejas un kakla \u0101das, maigi iemas\u0113jot, l\u012bdz tas [&#8230;]\n","protected":false},"featured_media":106932,"template":"","meta":[],"product_cat":[1320],"product_tag":[],"class_list":{"0":"post-70804","1":"product","2":"type-product","3":"status-publish","4":"has-post-thumbnail","6":"product_brand-famirel-il","7":"product_cat-sejas-kremi","9":"first","10":"instock","11":"taxable","12":"shipping-taxable","13":"product-type-simple"},"_links":{"self":[{"href":"https:\/\/e.kosmolat.eu\/lv\/wp-json\/wp\/v2\/product\/70804","targetHints":{"allow":["GET"]}}],"collection":[{"href":"https:\/\/e.kosmolat.eu\/lv\/wp-json\/wp\/v2\/product"}],"about":[{"href":"https:\/\/e.kosmolat.eu\/lv\/wp-json\/wp\/v2\/types\/product"}],"wp:featuredmedia":[{"embeddable":true,"href":"https:\/\/e.kosmolat.eu\/lv\/wp-json\/wp\/v2\/media\/106932"}],"wp:attachment":[{"href":"https:\/\/e.kosmolat.eu\/lv\/wp-json\/wp\/v2\/media?parent=70804"}],"wp:term":[{"taxonomy":"product_cat","embeddable":true,"href":"https:\/\/e.kosmolat.eu\/lv\/wp-json\/wp\/v2\/product_cat?post=70804"},{"taxonomy":"product_tag","embeddable":true,"href":"https:\/\/e.kosmolat.eu\/lv\/wp-json\/wp\/v2\/product_tag?post=70804"}],"curies":[{"name":"wp","href":"https:\/\/api.w.org\/{rel}","templated":true}]}}