{"id":70796,"date":"2025-06-01T17:57:18","date_gmt":"2025-06-01T17:57:18","guid":{"rendered":"https:\/\/e.kosmolat.eu\/product\/gc-baroj-dusas-un-vannas-zel-savvalas-karpatu-zalu-un-ogu-speks-500-ml\/"},"modified":"2026-03-30T17:36:33","modified_gmt":"2026-03-30T17:36:33","slug":"i_gc-baroj-dusas-un-vannas-zel-savvalas-karpatu-zalu-un-ogu-speks-500-ml","status":"publish","type":"product","link":"https:\/\/e.kosmolat.eu\/lv\/product\/i_gc-baroj-dusas-un-vannas-zel-savvalas-karpatu-zalu-un-ogu-speks-500-ml\/","title":{"rendered":"I_GC Baroj. du\u0161as un vannas \u017eel. Savva\u013cas Karpatu z\u0101\u013cu un ogu sp\u0113ks, 500 ml"},"content":{"rendered":"<p>Grezn\u0101 du\u0161as un vannas \u017eeleja \u201cSavva\u013cas Karpatu z\u0101\u013cu un ogu sp\u0113ks\u201d satur 23 akt\u012bv\u0101s sast\u0101vda\u013cas, kas bag\u0101tas ar vitam\u012bniem un savva\u013cas z\u0101\u013cu ener\u0123iju. Sast\u0101v\u0101 ietilpst m\u0101ll\u0113pe, kumel\u012bte, kli\u0146\u0123er\u012bte, liepa, raudene, \u0101boli\u0146\u0161, rudzupu\u0137e, vilk\u0101bele, \u017ee\u0146\u0161e\u0146s, asinsz\u0101le, melisa, timi\u0101ns, maijpu\u0137\u012bte, piparm\u0113tra un pienenes. Komplekss ar 5 v\u0113rt\u012bg\u0101m e\u013c\u013c\u0101m \u2014 mande\u013cu, kumel\u012b\u0161u, salvijas, \u0161\u012b sviestu un kadi\u0137u e\u013c\u013cu \u2014 baro un m\u012bkstina \u0101du. Maig\u0101 formula ar br\u016bkle\u0146u ekstraktu, ziepjusakni un vitam\u012bnu kompleksu saudz\u012bgi att\u012bra \u0101du, t\u0101p\u0113c \u017eeleja ir piem\u0113rota gan du\u0161ai, gan k\u0101 maigas vannas putas. Savva\u013cas ogu un z\u0101\u013cu arom\u0101ts piepilda ar ener\u0123iju un uzlabo garast\u0101vokli.<\/p>\n<p>Lieto\u0161ana: K\u0101 du\u0161as \u017eeleja \u2014 uzkl\u0101t uz mitras \u0101das, iemas\u0113t, noskalot ar \u016bdeni. K\u0101 vannas putas \u2014 nelielu daudzumu \u017eelejas saputot zem teko\u0161a \u016bdens. P\u0113c vannas noskalot \u0101du ar t\u012bru \u016bdeni.<\/p>\n<p>Piesardz\u012bbas pas\u0101kumi: Tikai \u0101r\u012bgai lieto\u0161anai. Ja nok\u013c\u016bst ac\u012bs, r\u016bp\u012bgi izskalot ar \u016bdeni, nepiecie\u0161am\u012bbas gad\u012bjum\u0101 v\u0113rsties pie<br \/>\n\u0101rsta. Iesp\u0113jama individu\u0101la jut\u012bba pret sast\u0101vda\u013c\u0101m.<\/p>\n<p>Br\u012bdin\u0101jums: Satur A vitam\u012bnu. L\u016bgums pirms lieto\u0161anas p\u0101rdom\u0101t savu dienas devu.<\/p>\n<p>Der\u012bguma termi\u0146\u0161: 30 m\u0113ne\u0161i no izgatavo\u0161anas datuma.<\/p>\n<p>Uzglab\u0101t temperat\u016br\u0101 no +5 \u00b0C l\u012bdz +25\u00b0C, sarg\u0101jot no tie\u0161iem saules stariem. Uzglab\u0101t vismaz 0,5 m att\u0101lum\u0101 no apkures ier\u012bc\u0113m.<\/p>\n","protected":false},"excerpt":{"rendered":"<p>Grezn\u0101 du\u0161as un vannas \u017eeleja \u201cSavva\u013cas Karpatu z\u0101\u013cu un ogu sp\u0113ks\u201d satur 23 akt\u012bv\u0101s sast\u0101vda\u013cas, kas bag\u0101tas ar vitam\u012bniem un savva\u013cas z\u0101\u013cu ener\u0123iju. Sast\u0101v\u0101 ietilpst m\u0101ll\u0113pe, kumel\u012bte, kli\u0146\u0123er\u012bte, liepa, raudene, \u0101boli\u0146\u0161, rudzupu\u0137e, vilk\u0101bele, \u017ee\u0146\u0161e\u0146s, asinsz\u0101le, melisa, timi\u0101ns, maijpu\u0137\u012bte, piparm\u0113tra un pienenes. Komplekss ar 5 v\u0113rt\u012bg\u0101m e\u013c\u013c\u0101m \u2014 mande\u013cu, kumel\u012b\u0161u, salvijas, \u0161\u012b sviestu un kadi\u0137u e\u013c\u013cu [&#8230;]\n","protected":false},"featured_media":99425,"template":"","meta":[],"product_cat":[1610],"product_tag":[],"class_list":{"0":"post-70796","1":"product","2":"type-product","3":"status-publish","4":"has-post-thumbnail","6":"product_brand-aljans-krasoti_ua","7":"product_cat-vannas-putas-sali-bumbas","9":"first","10":"outofstock","11":"taxable","12":"shipping-taxable","13":"product-type-simple"},"_links":{"self":[{"href":"https:\/\/e.kosmolat.eu\/lv\/wp-json\/wp\/v2\/product\/70796","targetHints":{"allow":["GET"]}}],"collection":[{"href":"https:\/\/e.kosmolat.eu\/lv\/wp-json\/wp\/v2\/product"}],"about":[{"href":"https:\/\/e.kosmolat.eu\/lv\/wp-json\/wp\/v2\/types\/product"}],"wp:featuredmedia":[{"embeddable":true,"href":"https:\/\/e.kosmolat.eu\/lv\/wp-json\/wp\/v2\/media\/99425"}],"wp:attachment":[{"href":"https:\/\/e.kosmolat.eu\/lv\/wp-json\/wp\/v2\/media?parent=70796"}],"wp:term":[{"taxonomy":"product_cat","embeddable":true,"href":"https:\/\/e.kosmolat.eu\/lv\/wp-json\/wp\/v2\/product_cat?post=70796"},{"taxonomy":"product_tag","embeddable":true,"href":"https:\/\/e.kosmolat.eu\/lv\/wp-json\/wp\/v2\/product_tag?post=70796"}],"curies":[{"name":"wp","href":"https:\/\/api.w.org\/{rel}","templated":true}]}}