{"id":70788,"date":"2025-06-01T17:56:31","date_gmt":"2025-06-01T17:56:31","guid":{"rendered":"https:\/\/e.kosmolat.eu\/product\/pharma-bio-lab-tradic-darvas-samp-pret-blaugznam-200-ml\/"},"modified":"2026-04-10T07:39:13","modified_gmt":"2026-04-10T07:39:13","slug":"pharma-bio-lab-tradic-darvas-samp-pret-blaugznam-200-ml","status":"publish","type":"product","link":"https:\/\/e.kosmolat.eu\/lv\/product\/pharma-bio-lab-tradic-darvas-samp-pret-blaugznam-200-ml\/","title":{"rendered":"Pharma Bio Lab. Tradic. darvas \u0161amp. pret blaugzn\u0101m, 200 ml"},"content":{"rendered":"<p>Darvas \u0161amp\u016bns \u012bpa\u0161i izstr\u0101d\u0101ts saudz\u012bgai galvas \u0101das un matu att\u012br\u012b\u0161anai ar noslieci uz blaugzn\u0101m. Formula ar \u0101rstniec\u012bbas augu ekstraktiem un SYMCALMIN kompleksu nomierina galvas \u0101du un mazina niezi.<\/p>\n<p>Lieto\u0161ana: uzkl\u0101jiet \u0161amp\u016bnu uz mitriem matiem, sadaliet vis\u0101 garum\u0101, atst\u0101jiet uz 2-3 min\u016bt\u0113m un noskalojiet ar siltu \u016bdeni.<\/p>\n<p>Piesardz\u012bbas pas\u0101kumi: tikai \u0101r\u012bgai lieto\u0161anai. Ja produkts iek\u013c\u016bst ac\u012bs, r\u016bp\u012bgi izskalojiet t\u0101s ar \u016bdeni, ja nepiecie\u0161ams, konsult\u0113jieties ar \u0101rstu.<\/p>\n<p>Br\u012bdin\u0101jums: iesp\u0113jama paaugstin\u0101ta individu\u0101la jut\u012bba pret atsevi\u0161\u0137\u0101m sast\u0101vda\u013c\u0101m. <\/p>\n<p>Uzglab\u0101t temperat\u016br\u0101 no +5 \u00b0C l\u012bdz +25\u00b0C, sarg\u0101jot no tie\u0161iem saules stariem. Uzglab\u0101t vismaz 0,5 m att\u0101lum\u0101 no apkures ier\u012bc\u0113m.<\/p>\n<p>Der\u012bguma termi\u0146\u0161: 24 m\u0113ne\u0161i no izgatavo\u0161anas datuma.<\/p>\n","protected":false},"excerpt":{"rendered":"<p>Darvas \u0161amp\u016bns \u012bpa\u0161i izstr\u0101d\u0101ts saudz\u012bgai galvas \u0101das un matu att\u012br\u012b\u0161anai ar noslieci uz blaugzn\u0101m. Formula ar \u0101rstniec\u012bbas augu ekstraktiem un SYMCALMIN kompleksu nomierina galvas \u0101du un mazina niezi. Lieto\u0161ana: uzkl\u0101jiet \u0161amp\u016bnu uz mitriem matiem, sadaliet vis\u0101 garum\u0101, atst\u0101jiet uz 2-3 min\u016bt\u0113m un noskalojiet ar siltu \u016bdeni. Piesardz\u012bbas pas\u0101kumi: tikai \u0101r\u012bgai lieto\u0161anai. Ja produkts iek\u013c\u016bst ac\u012bs, [&#8230;]\n","protected":false},"featured_media":100576,"template":"","meta":[],"product_cat":[1248],"product_tag":[],"class_list":{"0":"post-70788","1":"product","2":"type-product","3":"status-publish","4":"has-post-thumbnail","6":"product_brand-aljans-krasoti_ua","7":"product_cat-sampuni","9":"first","10":"outofstock","11":"taxable","12":"shipping-taxable","13":"product-type-simple"},"_links":{"self":[{"href":"https:\/\/e.kosmolat.eu\/lv\/wp-json\/wp\/v2\/product\/70788","targetHints":{"allow":["GET"]}}],"collection":[{"href":"https:\/\/e.kosmolat.eu\/lv\/wp-json\/wp\/v2\/product"}],"about":[{"href":"https:\/\/e.kosmolat.eu\/lv\/wp-json\/wp\/v2\/types\/product"}],"wp:featuredmedia":[{"embeddable":true,"href":"https:\/\/e.kosmolat.eu\/lv\/wp-json\/wp\/v2\/media\/100576"}],"wp:attachment":[{"href":"https:\/\/e.kosmolat.eu\/lv\/wp-json\/wp\/v2\/media?parent=70788"}],"wp:term":[{"taxonomy":"product_cat","embeddable":true,"href":"https:\/\/e.kosmolat.eu\/lv\/wp-json\/wp\/v2\/product_cat?post=70788"},{"taxonomy":"product_tag","embeddable":true,"href":"https:\/\/e.kosmolat.eu\/lv\/wp-json\/wp\/v2\/product_tag?post=70788"}],"curies":[{"name":"wp","href":"https:\/\/api.w.org\/{rel}","templated":true}]}}