{"id":70772,"date":"2025-06-01T17:55:45","date_gmt":"2025-06-01T17:55:45","guid":{"rendered":"https:\/\/e.kosmolat.eu\/product\/lk-kremziepes-atsvaidzinoss-arbuzs-doypack-450-ml\/"},"modified":"2026-04-23T09:19:19","modified_gmt":"2026-04-23T09:19:19","slug":"lk-kremziepes-atsvaidzinoss-arbuzs-doypack-450-ml","status":"publish","type":"product","link":"https:\/\/e.kosmolat.eu\/lv\/product\/lk-kremziepes-atsvaidzinoss-arbuzs-doypack-450-ml\/","title":{"rendered":"LK Kr\u0113mziepes Atsvaidzino\u0161s arb\u016bzs, doypack, 450 ml"},"content":{"rendered":"<p>Arom\u0101tiskas kr\u0113mziepes ar arb\u016bza ekstraktu un glicer\u012bnu maigi att\u012bra \u0101du no net\u012brumiem, atst\u0101jot svaiguma un t\u012br\u012bbas saj\u016btu. T\u0101m piem\u012bt viegls arb\u016bza arom\u0101ts.<\/p>\n<p>Lieto\u0161ana: Uzkl\u0101jiet ziepes uz mitras \u0101das un r\u016bp\u012bgi noskalojiet ar \u016bdeni. \u0112rt\u0101kai lieto\u0161anai p\u0101rlejiet iepakojuma saturu pudel\u0113 ar dozatoru.<\/p>\n<p>Piesardz\u012bbas pas\u0101kumi: Tikai \u0101r\u012bgai lieto\u0161anai. Ja produkts nok\u013c\u016bst ac\u012bs, r\u016bp\u012bgi izskalojiet t\u0101s ar \u016bdeni. Ja nepiecie\u0161ams, konsult\u0113jieties ar \u0101rstu.<\/p>\n<p>Br\u012bdin\u0101jums: Iesp\u0113jama individu\u0101la jut\u012bba pret produkta sast\u0101vda\u013c\u0101m.<\/p>\n<p>Uzglab\u0101\u0161anas noteikumi: Uzglab\u0101t temperat\u016br\u0101 no +5\u202f\u00b0C l\u012bdz +25\u202f\u00b0C, sarg\u0101jot no tie\u0161iem saules stariem, vismaz 0,5\u202fm att\u0101lum\u0101 no iesl\u0113gt\u0101m apkures ier\u012bc\u0113m.<\/p>\n<p>Der\u012bguma termi\u0146\u0161: 30 m\u0113ne\u0161i no izgatavo\u0161anas datuma.<\/p>\n","protected":false},"excerpt":{"rendered":"<p>Arom\u0101tiskas kr\u0113mziepes ar arb\u016bza ekstraktu un glicer\u012bnu maigi att\u012bra \u0101du no net\u012brumiem, atst\u0101jot svaiguma un t\u012br\u012bbas saj\u016btu. T\u0101m piem\u012bt viegls arb\u016bza arom\u0101ts. Lieto\u0161ana: Uzkl\u0101jiet ziepes uz mitras \u0101das un r\u016bp\u012bgi noskalojiet ar \u016bdeni. \u0112rt\u0101kai lieto\u0161anai p\u0101rlejiet iepakojuma saturu pudel\u0113 ar dozatoru. Piesardz\u012bbas pas\u0101kumi: Tikai \u0101r\u012bgai lieto\u0161anai. Ja produkts nok\u013c\u016bst ac\u012bs, r\u016bp\u012bgi izskalojiet t\u0101s ar \u016bdeni. [&#8230;]\n","protected":false},"featured_media":100572,"template":"","meta":[],"product_cat":[1999],"product_tag":[],"class_list":{"0":"post-70772","1":"product","2":"type-product","3":"status-publish","4":"has-post-thumbnail","6":"product_brand-aljans-krasoti_ua","7":"product_cat-bez-kategorijas","9":"first","10":"instock","11":"taxable","12":"shipping-taxable","13":"product-type-simple"},"_links":{"self":[{"href":"https:\/\/e.kosmolat.eu\/lv\/wp-json\/wp\/v2\/product\/70772","targetHints":{"allow":["GET"]}}],"collection":[{"href":"https:\/\/e.kosmolat.eu\/lv\/wp-json\/wp\/v2\/product"}],"about":[{"href":"https:\/\/e.kosmolat.eu\/lv\/wp-json\/wp\/v2\/types\/product"}],"wp:featuredmedia":[{"embeddable":true,"href":"https:\/\/e.kosmolat.eu\/lv\/wp-json\/wp\/v2\/media\/100572"}],"wp:attachment":[{"href":"https:\/\/e.kosmolat.eu\/lv\/wp-json\/wp\/v2\/media?parent=70772"}],"wp:term":[{"taxonomy":"product_cat","embeddable":true,"href":"https:\/\/e.kosmolat.eu\/lv\/wp-json\/wp\/v2\/product_cat?post=70772"},{"taxonomy":"product_tag","embeddable":true,"href":"https:\/\/e.kosmolat.eu\/lv\/wp-json\/wp\/v2\/product_tag?post=70772"}],"curies":[{"name":"wp","href":"https:\/\/api.w.org\/{rel}","templated":true}]}}