{"id":70764,"date":"2025-06-01T17:55:27","date_gmt":"2025-06-01T17:55:27","guid":{"rendered":"https:\/\/e.kosmolat.eu\/product\/lk-kremziepes-mitrinoss-bumbieris-doypack-450-ml\/"},"modified":"2026-04-16T10:47:50","modified_gmt":"2026-04-16T10:47:50","slug":"lk-kremziepes-mitrinoss-bumbieris-doypack-450-ml","status":"publish","type":"product","link":"https:\/\/e.kosmolat.eu\/lv\/product\/lk-kremziepes-mitrinoss-bumbieris-doypack-450-ml\/","title":{"rendered":"LK Kr\u0113mziepes Mitrino\u0161s bumbieris, doypack, 450 ml"},"content":{"rendered":"<p>\u0160\u012bs maigas, kopjo\u0161as kr\u0113mziepes ar bumbieru ekstraktu un glicer\u012bnu labi puto un r\u016bp\u012bgi att\u012bra \u0101du no net\u012brumiem. Burv\u012bgais aug\u013cu arom\u0101ts atst\u0101j svaiguma un komforta saj\u016btu.<\/p>\n<p>Lieto\u0161ana: Uzkl\u0101jiet ziepes uz mitras \u0101das un r\u016bp\u012bgi noskalojiet ar \u016bdeni. \u0112rt\u0101kai lieto\u0161anai p\u0101rlejiet iepakojuma saturu pudel\u0113 ar dozatoru.<\/p>\n<p>Uzglab\u0101\u0161anas noteikumi: Tikai \u0101r\u012bgai lieto\u0161anai. Ja produkts nok\u013c\u016bst ac\u012bs, r\u016bp\u012bgi izskalojiet t\u0101s ar \u016bdeni. Ja nepiecie\u0161ams, konsult\u0113jieties ar \u0101rstu.<\/p>\n<p>Br\u012bdin\u0101jums: Iesp\u0113jama individu\u0101la jut\u012bba pret produkta sast\u0101vda\u013c\u0101m.<\/p>\n<p>Uzglab\u0101\u0161ana: Uzglab\u0101t temperat\u016br\u0101 no +5\u202f\u00b0C l\u012bdz +25\u202f\u00b0C, sarg\u0101jot no tie\u0161iem saules stariem, vismaz 0,5\u202fm att\u0101lum\u0101 no iesl\u0113gt\u0101m apkures ier\u012bc\u0113m.<\/p>\n<p>Der\u012bguma termi\u0146\u0161: 30 m\u0113ne\u0161i no izgatavo\u0161anas datuma.<\/p>\n","protected":false},"excerpt":{"rendered":"<p>\u0160\u012bs maigas, kopjo\u0161as kr\u0113mziepes ar bumbieru ekstraktu un glicer\u012bnu labi puto un r\u016bp\u012bgi att\u012bra \u0101du no net\u012brumiem. Burv\u012bgais aug\u013cu arom\u0101ts atst\u0101j svaiguma un komforta saj\u016btu. Lieto\u0161ana: Uzkl\u0101jiet ziepes uz mitras \u0101das un r\u016bp\u012bgi noskalojiet ar \u016bdeni. \u0112rt\u0101kai lieto\u0161anai p\u0101rlejiet iepakojuma saturu pudel\u0113 ar dozatoru. Uzglab\u0101\u0161anas noteikumi: Tikai \u0101r\u012bgai lieto\u0161anai. Ja produkts nok\u013c\u016bst ac\u012bs, r\u016bp\u012bgi izskalojiet [&#8230;]\n","protected":false},"featured_media":99904,"template":"","meta":[],"product_cat":[1746],"product_tag":[],"class_list":{"0":"post-70764","1":"product","2":"type-product","3":"status-publish","4":"has-post-thumbnail","6":"product_brand-aljans-krasoti_ua","7":"product_cat-skidras-ziepes","9":"first","10":"instock","11":"taxable","12":"shipping-taxable","13":"product-type-simple"},"_links":{"self":[{"href":"https:\/\/e.kosmolat.eu\/lv\/wp-json\/wp\/v2\/product\/70764","targetHints":{"allow":["GET"]}}],"collection":[{"href":"https:\/\/e.kosmolat.eu\/lv\/wp-json\/wp\/v2\/product"}],"about":[{"href":"https:\/\/e.kosmolat.eu\/lv\/wp-json\/wp\/v2\/types\/product"}],"wp:featuredmedia":[{"embeddable":true,"href":"https:\/\/e.kosmolat.eu\/lv\/wp-json\/wp\/v2\/media\/99904"}],"wp:attachment":[{"href":"https:\/\/e.kosmolat.eu\/lv\/wp-json\/wp\/v2\/media?parent=70764"}],"wp:term":[{"taxonomy":"product_cat","embeddable":true,"href":"https:\/\/e.kosmolat.eu\/lv\/wp-json\/wp\/v2\/product_cat?post=70764"},{"taxonomy":"product_tag","embeddable":true,"href":"https:\/\/e.kosmolat.eu\/lv\/wp-json\/wp\/v2\/product_tag?post=70764"}],"curies":[{"name":"wp","href":"https:\/\/api.w.org\/{rel}","templated":true}]}}