{"id":70756,"date":"2025-06-01T17:55:10","date_gmt":"2025-06-01T17:55:10","guid":{"rendered":"https:\/\/e.kosmolat.eu\/product\/fd-roku-kremziep-nonem-nepatik-smakas-un-taukus-550-ml\/"},"modified":"2026-04-16T08:50:18","modified_gmt":"2026-04-16T08:50:18","slug":"fd-roku-kremziep-nonem-nepatik-smakas-un-taukus-550-ml","status":"publish","type":"product","link":"https:\/\/e.kosmolat.eu\/lv\/product\/fd-roku-kremziep-nonem-nepatik-smakas-un-taukus-550-ml\/","title":{"rendered":"FD Roku kr\u0113mziep. No\u0146em nepat\u012bk. smakas un taukus, 550 ml"},"content":{"rendered":"<p>Unik\u0101l\u0101s roku kr\u0113mziepes, \u012bpa\u0161i izstr\u0101d\u0101tas m\u0101jsaimniec\u0113m. T\u0101s maigi att\u012bra \u0101du no net\u012brumiem un taukiem, k\u0101 ar\u012b t\u0101m piem\u012bt pat\u012bkams arom\u0101ts. Piem\u0113rotas ikdienas lieto\u0161anai.<\/p>\n<p>Lieto\u0161ana: uzkl\u0101t kr\u0113mziepes uz rok\u0101m, noskalot ar \u016bdeni.<\/p>\n<p>Uzglab\u0101\u0161anas noteikumi: Tikai \u0101r\u012bgai lieto\u0161anai. Ja produkts nok\u013c\u016bst ac\u012bs, r\u016bp\u012bgi izskalojiet t\u0101s ar \u016bdeni. Ja nepiecie\u0161ams, konsult\u0113jieties ar \u0101rstu.<\/p>\n<p>Br\u012bdin\u0101jums: Iesp\u0113jama individu\u0101la jut\u012bba pret produkta sast\u0101vda\u013c\u0101m.<\/p>\n<p>Uzglab\u0101\u0161ana: Uzglab\u0101t temperat\u016br\u0101 no +5\u202f\u00b0C l\u012bdz +25\u202f\u00b0C, sarg\u0101jot no tie\u0161iem saules stariem, vismaz 0,5\u202fm att\u0101lum\u0101 no iesl\u0113gt\u0101m apkures ier\u012bc\u0113m.<\/p>\n<p>Der\u012bguma termi\u0146\u0161: 30 m\u0113ne\u0161i no izgatavo\u0161anas datuma.<\/p>\n","protected":false},"excerpt":{"rendered":"<p>Unik\u0101l\u0101s roku kr\u0113mziepes, \u012bpa\u0161i izstr\u0101d\u0101tas m\u0101jsaimniec\u0113m. T\u0101s maigi att\u012bra \u0101du no net\u012brumiem un taukiem, k\u0101 ar\u012b t\u0101m piem\u012bt pat\u012bkams arom\u0101ts. Piem\u0113rotas ikdienas lieto\u0161anai. Lieto\u0161ana: uzkl\u0101t kr\u0113mziepes uz rok\u0101m, noskalot ar \u016bdeni. Uzglab\u0101\u0161anas noteikumi: Tikai \u0101r\u012bgai lieto\u0161anai. Ja produkts nok\u013c\u016bst ac\u012bs, r\u016bp\u012bgi izskalojiet t\u0101s ar \u016bdeni. Ja nepiecie\u0161ams, konsult\u0113jieties ar \u0101rstu. Br\u012bdin\u0101jums: Iesp\u0113jama individu\u0101la jut\u012bba pret [&#8230;]\n","protected":false},"featured_media":98767,"template":"","meta":[],"product_cat":[1746],"product_tag":[],"class_list":{"0":"post-70756","1":"product","2":"type-product","3":"status-publish","4":"has-post-thumbnail","6":"product_brand-aljans-krasoti_ua","7":"product_cat-skidras-ziepes","9":"first","10":"instock","11":"taxable","12":"shipping-taxable","13":"product-type-simple"},"_links":{"self":[{"href":"https:\/\/e.kosmolat.eu\/lv\/wp-json\/wp\/v2\/product\/70756","targetHints":{"allow":["GET"]}}],"collection":[{"href":"https:\/\/e.kosmolat.eu\/lv\/wp-json\/wp\/v2\/product"}],"about":[{"href":"https:\/\/e.kosmolat.eu\/lv\/wp-json\/wp\/v2\/types\/product"}],"wp:featuredmedia":[{"embeddable":true,"href":"https:\/\/e.kosmolat.eu\/lv\/wp-json\/wp\/v2\/media\/98767"}],"wp:attachment":[{"href":"https:\/\/e.kosmolat.eu\/lv\/wp-json\/wp\/v2\/media?parent=70756"}],"wp:term":[{"taxonomy":"product_cat","embeddable":true,"href":"https:\/\/e.kosmolat.eu\/lv\/wp-json\/wp\/v2\/product_cat?post=70756"},{"taxonomy":"product_tag","embeddable":true,"href":"https:\/\/e.kosmolat.eu\/lv\/wp-json\/wp\/v2\/product_tag?post=70756"}],"curies":[{"name":"wp","href":"https:\/\/api.w.org\/{rel}","templated":true}]}}