{"id":70732,"date":"2025-06-01T17:54:14","date_gmt":"2025-06-01T17:54:14","guid":{"rendered":"https:\/\/e.kosmolat.eu\/product\/family-doctor-kompleksais-nakts-roku-kopsanas-krems-75-ml\/"},"modified":"2026-04-23T06:01:20","modified_gmt":"2026-04-23T06:01:20","slug":"i_family-doctor-kompleksais-nakts-roku-kopsanas-krems-75-ml","status":"publish","type":"product","link":"https:\/\/e.kosmolat.eu\/lv\/product\/i_family-doctor-kompleksais-nakts-roku-kopsanas-krems-75-ml\/","title":{"rendered":"I_Family Doctor Kompleksais nakts roku kop\u0161anas kr\u0113ms, 75 ml"},"content":{"rendered":"<p>Ar z\u012bda prote\u012bnu ekstraktu un persiku e\u013c\u013cu. Kopj roku \u0101du.<\/p>\n<p>Lieto\u0161ana: uzkl\u0101t kr\u0113mu uz t\u012bras, sausas roku \u0101das.<\/p>\n<p>Piesardz\u012bbas pas\u0101kumi: tikai \u0101r\u012bgai lieto\u0161anai. Ja produkts nok\u013c\u016bst ac\u012bs, r\u016bp\u012bgi izskalot t\u0101s ar \u016bdeni, un, ja nepiecie\u0161ams, konsult\u0113ties ar \u0101rstu.<\/p>\n<p>Br\u012bdin\u0101jums: iesp\u0113jama paaugstin\u0101ta individu\u0101l\u0101 jut\u012bba pret atsevi\u0161\u0137\u0101m sast\u0101vda\u013c\u0101m. <\/p>\n<p>Der\u012bguma termi\u0146\u0161: 30 m\u0113ne\u0161i no izgatavo\u0161anas datuma.<\/p>\n<p>Uzglab\u0101t temperat\u016br\u0101 no +5 \u00b0C l\u012bdz +25\u00b0C, sarg\u0101jot no tie\u0161iem saules stariem. Uzglab\u0101t vismaz 0,5 m att\u0101lum\u0101 no apkures ier\u012bc\u0113m.<\/p>\n","protected":false},"excerpt":{"rendered":"<p>Ar z\u012bda prote\u012bnu ekstraktu un persiku e\u013c\u013cu. Kopj roku \u0101du. Lieto\u0161ana: uzkl\u0101t kr\u0113mu uz t\u012bras, sausas roku \u0101das. Piesardz\u012bbas pas\u0101kumi: tikai \u0101r\u012bgai lieto\u0161anai. Ja produkts nok\u013c\u016bst ac\u012bs, r\u016bp\u012bgi izskalot t\u0101s ar \u016bdeni, un, ja nepiecie\u0161ams, konsult\u0113ties ar \u0101rstu. Br\u012bdin\u0101jums: iesp\u0113jama paaugstin\u0101ta individu\u0101l\u0101 jut\u012bba pret atsevi\u0161\u0137\u0101m sast\u0101vda\u013c\u0101m. Der\u012bguma termi\u0146\u0161: 30 m\u0113ne\u0161i no izgatavo\u0161anas datuma. Uzglab\u0101t temperat\u016br\u0101 [&#8230;]\n","protected":false},"featured_media":99168,"template":"","meta":[],"product_cat":[1302],"product_tag":[],"class_list":{"0":"post-70732","1":"product","2":"type-product","3":"status-publish","4":"has-post-thumbnail","6":"product_brand-aljans-krasoti_ua","7":"product_cat-roku-kopsanas-kosmetika","9":"first","10":"instock","11":"taxable","12":"shipping-taxable","13":"product-type-simple"},"_links":{"self":[{"href":"https:\/\/e.kosmolat.eu\/lv\/wp-json\/wp\/v2\/product\/70732","targetHints":{"allow":["GET"]}}],"collection":[{"href":"https:\/\/e.kosmolat.eu\/lv\/wp-json\/wp\/v2\/product"}],"about":[{"href":"https:\/\/e.kosmolat.eu\/lv\/wp-json\/wp\/v2\/types\/product"}],"wp:featuredmedia":[{"embeddable":true,"href":"https:\/\/e.kosmolat.eu\/lv\/wp-json\/wp\/v2\/media\/99168"}],"wp:attachment":[{"href":"https:\/\/e.kosmolat.eu\/lv\/wp-json\/wp\/v2\/media?parent=70732"}],"wp:term":[{"taxonomy":"product_cat","embeddable":true,"href":"https:\/\/e.kosmolat.eu\/lv\/wp-json\/wp\/v2\/product_cat?post=70732"},{"taxonomy":"product_tag","embeddable":true,"href":"https:\/\/e.kosmolat.eu\/lv\/wp-json\/wp\/v2\/product_tag?post=70732"}],"curies":[{"name":"wp","href":"https:\/\/api.w.org\/{rel}","templated":true}]}}