{"id":70724,"date":"2025-06-01T17:53:57","date_gmt":"2025-06-01T17:53:57","guid":{"rendered":"https:\/\/e.kosmolat.eu\/product\/fd-micel-ud-visiem-adas-tip-pat-loti-saus-ar-nosl-uz-kairinajumu-265-ml\/"},"modified":"2026-04-23T06:29:39","modified_gmt":"2026-04-23T06:29:39","slug":"fd-micel-ud-visiem-adas-tip-pat-loti-saus-ar-nosl-uz-kairinajumu-265-ml","status":"publish","type":"product","link":"https:\/\/e.kosmolat.eu\/lv\/product\/fd-micel-ud-visiem-adas-tip-pat-loti-saus-ar-nosl-uz-kairinajumu-265-ml\/","title":{"rendered":"FD Micel. \u016bd. visiem \u0101das tip., pat \u013coti saus., ar nosl. uz kairin\u0101jumu, 265 ml"},"content":{"rendered":"<p>Pateicoties \u012bpa\u0161ajai formulai, micel\u0101rais \u016bdens r\u016bp\u0113jas par sejas \u0101du. Tas maigi un efekt\u012bvi att\u012bra \u0101du no net\u012brumiem, neatst\u0101jot taukainu pl\u0113vi un diskomforta saj\u016btu p\u0113c lieto\u0161anas.<\/p>\n<p>Lieto\u0161ana: uzkl\u0101t uz vates diska un noslauc\u012bt visu seju, ieskaitot l\u016bpu un acu zonu. Nav nepiecie\u0161ams noskalot.<\/p>\n<p>Piesardz\u012bbas pas\u0101kumi: tikai \u0101r\u012bgai lieto\u0161anai. Ja iek\u013c\u016bst ac\u012bs, r\u016bp\u012bgi izskalojiet t\u0101s ar \u016bdeni, ja nepiecie\u0161ams, konsult\u0113jieties ar \u0101rstu.<\/p>\n<p>Br\u012bdin\u0101jums: iesp\u0113jama individu\u0101la paaugstin\u0101ta jut\u012bba pret atsevi\u0161\u0137\u0101m sast\u0101vda\u013c\u0101m. <\/p>\n<p>Der\u012bguma termi\u0146\u0161: 24 m\u0113ne\u0161i no izgatavo\u0161anas datuma.<\/p>\n<p>Uzglab\u0101t temperat\u016br\u0101 no +5 \u00b0C l\u012bdz +25\u00b0C, sarg\u0101jot no tie\u0161iem saules stariem. Uzglab\u0101t vismaz 0,5 m att\u0101lum\u0101 no apkures ier\u012bc\u0113m.<\/p>\n","protected":false},"excerpt":{"rendered":"<p>Pateicoties \u012bpa\u0161ajai formulai, micel\u0101rais \u016bdens r\u016bp\u0113jas par sejas \u0101du. Tas maigi un efekt\u012bvi att\u012bra \u0101du no net\u012brumiem, neatst\u0101jot taukainu pl\u0113vi un diskomforta saj\u016btu p\u0113c lieto\u0161anas. Lieto\u0161ana: uzkl\u0101t uz vates diska un noslauc\u012bt visu seju, ieskaitot l\u016bpu un acu zonu. Nav nepiecie\u0161ams noskalot. Piesardz\u012bbas pas\u0101kumi: tikai \u0101r\u012bgai lieto\u0161anai. Ja iek\u013c\u016bst ac\u012bs, r\u016bp\u012bgi izskalojiet t\u0101s ar \u016bdeni, [&#8230;]\n","protected":false},"featured_media":99164,"template":"","meta":[],"product_cat":[1570],"product_tag":[],"class_list":{"0":"post-70724","1":"product","2":"type-product","3":"status-publish","4":"has-post-thumbnail","6":"product_brand-aljans-krasoti_ua","7":"product_cat-micelinis-vanduo","9":"first","10":"instock","11":"taxable","12":"shipping-taxable","13":"product-type-simple"},"_links":{"self":[{"href":"https:\/\/e.kosmolat.eu\/lv\/wp-json\/wp\/v2\/product\/70724","targetHints":{"allow":["GET"]}}],"collection":[{"href":"https:\/\/e.kosmolat.eu\/lv\/wp-json\/wp\/v2\/product"}],"about":[{"href":"https:\/\/e.kosmolat.eu\/lv\/wp-json\/wp\/v2\/types\/product"}],"wp:featuredmedia":[{"embeddable":true,"href":"https:\/\/e.kosmolat.eu\/lv\/wp-json\/wp\/v2\/media\/99164"}],"wp:attachment":[{"href":"https:\/\/e.kosmolat.eu\/lv\/wp-json\/wp\/v2\/media?parent=70724"}],"wp:term":[{"taxonomy":"product_cat","embeddable":true,"href":"https:\/\/e.kosmolat.eu\/lv\/wp-json\/wp\/v2\/product_cat?post=70724"},{"taxonomy":"product_tag","embeddable":true,"href":"https:\/\/e.kosmolat.eu\/lv\/wp-json\/wp\/v2\/product_tag?post=70724"}],"curies":[{"name":"wp","href":"https:\/\/api.w.org\/{rel}","templated":true}]}}