{"id":70716,"date":"2025-06-01T17:53:42","date_gmt":"2025-06-01T17:53:42","guid":{"rendered":"https:\/\/e.kosmolat.eu\/product\/fd-attir-zeleja-tira-ada-matejosa-kops-tauk-un-probl-adai-250-ml\/"},"modified":"2026-03-30T17:35:25","modified_gmt":"2026-03-30T17:35:25","slug":"i_fd-attir-zeleja-tira-ada-matejosa-kops-tauk-un-probl-adai-250-ml","status":"publish","type":"product","link":"https:\/\/e.kosmolat.eu\/lv\/product\/i_fd-attir-zeleja-tira-ada-matejosa-kops-tauk-un-probl-adai-250-ml\/","title":{"rendered":"I_FD Att\u012br. \u017eeleja T\u012bra \u0101da + Mat\u0113jo\u0161a kop\u0161. tauk. un probl. \u0101dai, 250 ml"},"content":{"rendered":"<p>Att\u012bro\u0161\u0101 \u017eeleja sejas mazg\u0101\u0161anai ir paredz\u0113ta ikdienas taukainas un problem\u0101tiskas \u0101das kop\u0161anai. T\u0101 r\u016bp\u012bgi att\u012bra \u0101du no net\u012brumiem un kosm\u0113tikas paliek\u0101m. Ingveram piem\u012bt pretiekaisuma \u012bpa\u0161\u012bbas. Greipfr\u016bts atsvaidzina \u0101du un sniedz vieglu mat\u0113jo\u0161u efektu.<\/p>\n<p>Lieto\u0161ana: nelielu \u017eelejas daudzumu saputot plaukst\u0101s, uzkl\u0101t uz mitras \u0101das un noskalot ar \u016bdeni.<\/p>\n<p>Piesardz\u012bbas pas\u0101kumi: tikai \u0101r\u012bgai lieto\u0161anai. Ja iek\u013c\u016bst ac\u012bs, r\u016bp\u012bgi izskalojiet t\u0101s ar \u016bdeni, ja nepiecie\u0161ams, konsult\u0113jieties ar \u0101rstu.<\/p>\n<p>Br\u012bdin\u0101jums: iesp\u0113jama individu\u0101la paaugstin\u0101ta jut\u012bba pret atsevi\u0161\u0137\u0101m sast\u0101vda\u013c\u0101m. <\/p>\n<p>Der\u012bguma termi\u0146\u0161: 30 m\u0113ne\u0161i no izgatavo\u0161anas datuma.<\/p>\n<p>Uzglab\u0101t temperat\u016br\u0101 no +5 \u00b0C l\u012bdz +25\u00b0C, sarg\u0101jot no tie\u0161iem saules stariem. Uzglab\u0101t vismaz 0,5 m att\u0101lum\u0101 no apkures ier\u012bc\u0113m.<\/p>\n","protected":false},"excerpt":{"rendered":"<p>Att\u012bro\u0161\u0101 \u017eeleja sejas mazg\u0101\u0161anai ir paredz\u0113ta ikdienas taukainas un problem\u0101tiskas \u0101das kop\u0161anai. T\u0101 r\u016bp\u012bgi att\u012bra \u0101du no net\u012brumiem un kosm\u0113tikas paliek\u0101m. Ingveram piem\u012bt pretiekaisuma \u012bpa\u0161\u012bbas. Greipfr\u016bts atsvaidzina \u0101du un sniedz vieglu mat\u0113jo\u0161u efektu. Lieto\u0161ana: nelielu \u017eelejas daudzumu saputot plaukst\u0101s, uzkl\u0101t uz mitras \u0101das un noskalot ar \u016bdeni. Piesardz\u012bbas pas\u0101kumi: tikai \u0101r\u012bgai lieto\u0161anai. Ja iek\u013c\u016bst ac\u012bs, [&#8230;]\n","protected":false},"featured_media":100436,"template":"","meta":[],"product_cat":[1576],"product_tag":[],"class_list":{"0":"post-70716","1":"product","2":"type-product","3":"status-publish","4":"has-post-thumbnail","6":"product_brand-aljans-krasoti_ua","7":"product_cat-1576","9":"first","10":"instock","11":"taxable","12":"shipping-taxable","13":"product-type-simple"},"_links":{"self":[{"href":"https:\/\/e.kosmolat.eu\/lv\/wp-json\/wp\/v2\/product\/70716","targetHints":{"allow":["GET"]}}],"collection":[{"href":"https:\/\/e.kosmolat.eu\/lv\/wp-json\/wp\/v2\/product"}],"about":[{"href":"https:\/\/e.kosmolat.eu\/lv\/wp-json\/wp\/v2\/types\/product"}],"wp:featuredmedia":[{"embeddable":true,"href":"https:\/\/e.kosmolat.eu\/lv\/wp-json\/wp\/v2\/media\/100436"}],"wp:attachment":[{"href":"https:\/\/e.kosmolat.eu\/lv\/wp-json\/wp\/v2\/media?parent=70716"}],"wp:term":[{"taxonomy":"product_cat","embeddable":true,"href":"https:\/\/e.kosmolat.eu\/lv\/wp-json\/wp\/v2\/product_cat?post=70716"},{"taxonomy":"product_tag","embeddable":true,"href":"https:\/\/e.kosmolat.eu\/lv\/wp-json\/wp\/v2\/product_tag?post=70716"}],"curies":[{"name":"wp","href":"https:\/\/api.w.org\/{rel}","templated":true}]}}