{"id":70700,"date":"2025-06-01T17:53:09","date_gmt":"2025-06-01T17:53:09","guid":{"rendered":"https:\/\/e.kosmolat.eu\/product\/spa-natural-nomierin-zel-intum-higi-jutigai-adai-ar-kumeliti-un-piena-sukalam-250-ml\/"},"modified":"2026-04-08T07:07:40","modified_gmt":"2026-04-08T07:07:40","slug":"spa-natural-nomierin-zel-intum-higi-jutigai-adai-ar-kumeliti-un-piena-sukalam-250-ml","status":"publish","type":"product","link":"https:\/\/e.kosmolat.eu\/lv\/product\/spa-natural-nomierin-zel-intum-higi-jutigai-adai-ar-kumeliti-un-piena-sukalam-250-ml\/","title":{"rendered":"Spa Natural Nomierin. \u017eel. int\u016bm. higi. jut\u012bgai \u0101dai ar kumel\u012bti un piena s\u016bkal\u0101m, 250 ml"},"content":{"rendered":"<p>Nomierino\u0161a \u017eeleja int\u012bmai higi\u0113nai ar kumel\u012bti un piena s\u016bkal\u0101m ir \u012bpa\u0161i izstr\u0101d\u0101ta, \u0146emot v\u0113r\u0101 int\u012bm\u0101s zonas vajadz\u012bbas. T\u0101 saudz\u012bgi att\u012bra jut\u012bgu \u0101du, pal\u012bdzot saglab\u0101t komfortu visas dienas garum\u0101.<\/p>\n<p>Lieto\u0161ana: Uzkl\u0101t \u017eeleju uz int\u012bmo zonu \u0101das un noskalot ar \u016bdeni.<\/p>\n<p>Piesardz\u012bbas pas\u0101kumi: tikai \u0101r\u012bgai lieto\u0161anai. Ja iek\u013c\u016bst ac\u012bs, r\u016bp\u012bgi izskalojiet t\u0101s ar \u016bdeni, ja nepiecie\u0161ams, konsult\u0113jieties ar \u0101rstu.<\/p>\n<p>Br\u012bdin\u0101jums: iesp\u0113jama individu\u0101la paaugstin\u0101ta jut\u012bba pret atsevi\u0161\u0137\u0101m sast\u0101vda\u013c\u0101m. <\/p>\n<p>Der\u012bguma termi\u0146\u0161: 30 m\u0113ne\u0161i no izgatavo\u0161anas datuma.<\/p>\n<p>Uzglab\u0101t temperat\u016br\u0101 no +5 \u00b0C l\u012bdz<br \/>\n+25\u00b0C, sarg\u0101jot no tie\u0161iem saules stariem. Uzglab\u0101t vismaz 0,5 m att\u0101lum\u0101 no apkures ier\u012bc\u0113m.<\/p>\n","protected":false},"excerpt":{"rendered":"<p>Nomierino\u0161a \u017eeleja int\u012bmai higi\u0113nai ar kumel\u012bti un piena s\u016bkal\u0101m ir \u012bpa\u0161i izstr\u0101d\u0101ta, \u0146emot v\u0113r\u0101 int\u012bm\u0101s zonas vajadz\u012bbas. T\u0101 saudz\u012bgi att\u012bra jut\u012bgu \u0101du, pal\u012bdzot saglab\u0101t komfortu visas dienas garum\u0101. Lieto\u0161ana: Uzkl\u0101t \u017eeleju uz int\u012bmo zonu \u0101das un noskalot ar \u016bdeni. Piesardz\u012bbas pas\u0101kumi: tikai \u0101r\u012bgai lieto\u0161anai. Ja iek\u013c\u016bst ac\u012bs, r\u016bp\u012bgi izskalojiet t\u0101s ar \u016bdeni, ja nepiecie\u0161ams, konsult\u0113jieties [&#8230;]\n","protected":false},"featured_media":99795,"template":"","meta":[],"product_cat":[1372],"product_tag":[],"class_list":{"0":"post-70700","1":"product","2":"type-product","3":"status-publish","4":"has-post-thumbnail","6":"product_brand-aljans-krasoti_ua","7":"product_cat-intima-higiena","9":"first","10":"instock","11":"taxable","12":"shipping-taxable","13":"product-type-simple"},"_links":{"self":[{"href":"https:\/\/e.kosmolat.eu\/lv\/wp-json\/wp\/v2\/product\/70700","targetHints":{"allow":["GET"]}}],"collection":[{"href":"https:\/\/e.kosmolat.eu\/lv\/wp-json\/wp\/v2\/product"}],"about":[{"href":"https:\/\/e.kosmolat.eu\/lv\/wp-json\/wp\/v2\/types\/product"}],"wp:featuredmedia":[{"embeddable":true,"href":"https:\/\/e.kosmolat.eu\/lv\/wp-json\/wp\/v2\/media\/99795"}],"wp:attachment":[{"href":"https:\/\/e.kosmolat.eu\/lv\/wp-json\/wp\/v2\/media?parent=70700"}],"wp:term":[{"taxonomy":"product_cat","embeddable":true,"href":"https:\/\/e.kosmolat.eu\/lv\/wp-json\/wp\/v2\/product_cat?post=70700"},{"taxonomy":"product_tag","embeddable":true,"href":"https:\/\/e.kosmolat.eu\/lv\/wp-json\/wp\/v2\/product_tag?post=70700"}],"curies":[{"name":"wp","href":"https:\/\/api.w.org\/{rel}","templated":true}]}}