{"id":70680,"date":"2025-06-01T17:52:24","date_gmt":"2025-06-01T17:52:24","guid":{"rendered":"https:\/\/e.kosmolat.eu\/product\/lady-wow-ceraclinix-ampoule-ampula-filleris-matiem-ar-keramidiem-15-ml\/"},"modified":"2026-03-30T17:34:43","modified_gmt":"2026-03-30T17:34:43","slug":"lady-wow-ceraclinix-ampoule-ampula-filleris-matiem-ar-keramidiem-15-ml","status":"publish","type":"product","link":"https:\/\/e.kosmolat.eu\/lv\/product\/lady-wow-ceraclinix-ampoule-ampula-filleris-matiem-ar-keramidiem-15-ml\/","title":{"rendered":"Lady Wow Ceraclinix Ampoule ampula-filleris matiem ar keram\u012bdiem, 15 ml"},"content":{"rendered":"<p>Lieto\u0161ana:<br \/>\n1. Nomazg\u0101jiet matus ar \u0161amp\u016bnu. Sajauciet filleru ar aukstu \u016bdeni proporcij\u0101 1:1 nemetalisk\u0101 trauk\u0101, l\u012bdz maska piln\u012bb\u0101 iz\u0161\u0137\u012bst.<br \/>\n2. Ieg\u016bto mais\u012bjumu uzkl\u0101jiet uz t\u012briem, mitriem matiem vis\u0101 to garum\u0101, izvairoties no galvas \u0101das un matu sakn\u0113m.<br \/>\n3. Lai pastiprin\u0101tu efektu, uzlieciet du\u0161as cepuri un sildiet galvu ar f\u0113nu 5 min\u016btes.<br \/>\n4. Atst\u0101jiet l\u012bdzekli uz 10-15 min\u016bt\u0113m, aptinot galvu ar dvieli.<br \/>\n5. P\u0113c tam izskalojiet l\u012bdzekli ar siltu \u016bdeni.<\/p>\n<p>Piesardz\u012bbas pas\u0101kumi: tikai \u0101r\u012bgai lieto\u0161anai. Ja produkts iek\u013c\u016bst ac\u012bs, r\u016bp\u012bgi izskalojiet t\u0101s ar \u016bdeni, ja nepiecie\u0161ams, konsult\u0113jieties ar \u0101rstu.<\/p>\n<p>Br\u012bdin\u0101jums: iesp\u0113jama paaugstin\u0101ta individu\u0101la jut\u012bba pret atsevi\u0161\u0137\u0101m sast\u0101vda\u013c\u0101m. <\/p>\n<p>Uzglab\u0101t temperat\u016br\u0101 no +5 \u00b0C l\u012bdz +25\u00b0C, sarg\u0101jot no tie\u0161iem saules stariem. Uzglab\u0101t vismaz 0,5 m att\u0101lum\u0101 no apkures ier\u012bc\u0113m.<\/p>\n<p>Der\u012bguma termi\u0146\u0161: 24 m\u0113ne\u0161i.<\/p>\n","protected":false},"excerpt":{"rendered":"<p>Lieto\u0161ana: 1. Nomazg\u0101jiet matus ar \u0161amp\u016bnu. Sajauciet filleru ar aukstu \u016bdeni proporcij\u0101 1:1 nemetalisk\u0101 trauk\u0101, l\u012bdz maska piln\u012bb\u0101 iz\u0161\u0137\u012bst. 2. Ieg\u016bto mais\u012bjumu uzkl\u0101jiet uz t\u012briem, mitriem matiem vis\u0101 to garum\u0101, izvairoties no galvas \u0101das un matu sakn\u0113m. 3. Lai pastiprin\u0101tu efektu, uzlieciet du\u0161as cepuri un sildiet galvu ar f\u0113nu 5 min\u016btes. 4. Atst\u0101jiet l\u012bdzekli uz [&#8230;]\n","protected":false},"featured_media":98763,"template":"","meta":[],"product_cat":[1257],"product_tag":[],"class_list":{"0":"post-70680","1":"product","2":"type-product","3":"status-publish","4":"has-post-thumbnail","6":"product_brand-aljans-krasoti_ua","7":"product_cat-1257","9":"first","10":"instock","11":"taxable","12":"shipping-taxable","13":"product-type-simple"},"_links":{"self":[{"href":"https:\/\/e.kosmolat.eu\/lv\/wp-json\/wp\/v2\/product\/70680","targetHints":{"allow":["GET"]}}],"collection":[{"href":"https:\/\/e.kosmolat.eu\/lv\/wp-json\/wp\/v2\/product"}],"about":[{"href":"https:\/\/e.kosmolat.eu\/lv\/wp-json\/wp\/v2\/types\/product"}],"wp:featuredmedia":[{"embeddable":true,"href":"https:\/\/e.kosmolat.eu\/lv\/wp-json\/wp\/v2\/media\/98763"}],"wp:attachment":[{"href":"https:\/\/e.kosmolat.eu\/lv\/wp-json\/wp\/v2\/media?parent=70680"}],"wp:term":[{"taxonomy":"product_cat","embeddable":true,"href":"https:\/\/e.kosmolat.eu\/lv\/wp-json\/wp\/v2\/product_cat?post=70680"},{"taxonomy":"product_tag","embeddable":true,"href":"https:\/\/e.kosmolat.eu\/lv\/wp-json\/wp\/v2\/product_tag?post=70680"}],"curies":[{"name":"wp","href":"https:\/\/api.w.org\/{rel}","templated":true}]}}