{"id":70672,"date":"2025-06-01T17:52:08","date_gmt":"2025-06-01T17:52:08","guid":{"rendered":"https:\/\/e.kosmolat.eu\/product\/lady-wow-keratin-ampoule-matu-sprejs-fillers-15-in-1-ar-keratnu-200-ml\/"},"modified":"2026-04-22T13:24:14","modified_gmt":"2026-04-22T13:24:14","slug":"lady-wow-keratin-ampoule-matu-sprejs-fillers-15-in-1-ar-keratnu-200-ml","status":"publish","type":"product","link":"https:\/\/e.kosmolat.eu\/lv\/product\/lady-wow-keratin-ampoule-matu-sprejs-fillers-15-in-1-ar-keratnu-200-ml\/","title":{"rendered":"Lady Wow Keratin Ampoule Matu sprejs-fillers 15 in 1 ar kerat?nu, 200 ml"},"content":{"rendered":"<p>1) Pies\u0101tina ar kerat\u012bnu;<br \/>\n2) Aizpilda boj\u0101t\u0101s matu zonas;<br \/>\n3) Izl\u012bdzin\u0101\u0161ana ar lamin\u0113\u0161anas efektu;<br \/>\n4) Atjauno boj\u0101to matu strukt\u016bru;<br \/>\n5) Aizsarg\u0101 no negat\u012bviem faktoriem;<br \/>\n6) Sabiez\u0113 matus un pie\u0161\u0137ir tiem elast\u012bbu;<br \/>\n7) Nov\u0113r\u0161 sa\u0161\u0137eltus matu galus;<br \/>\n8) Nenoslogo matus;<br \/>\n9) Termoaizsardz\u012bba;<br \/>\n10) Nodro\u0161ina mitrin\u0101\u0161anu vis\u0101 matu garum\u0101;<br \/>\n11) M\u012bkstina cietos matus;<br \/>\n12) Atvieglo \u0137emm\u0113\u0161anu un ieveido\u0161anu;<br \/>\n13) Samazina p\u016bko\u0161anos;<br \/>\n14) Pie\u0161\u0137ir sp\u012bdumu;<br \/>\n15) Saglab\u0101 kr\u0101sotu matu spilgtumu.<\/p>\n<p>Multifunkcion\u0101lais nenoskalojamais matu sprejs-fillers ir izstr\u0101d\u0101ts, lai r\u016bp\u0113tos par sausiem un boj\u0101tiem matiem. Tas pies\u0101tina matus ar kerat\u012bnu, nodro\u0161ina matu kop\u0161anu un pie\u0161\u0137ir tiem sp\u012bdumu jau no pirm\u0101s lieto\u0161anas reizes.<\/p>\n<p>Lieto\u0161ana: izsmidziniet l\u012bdzekli uz mitriem matiem no aptuveni 20 cm att\u0101luma, izvairoties no sakn\u0113m. Iz\u0137emm\u0113jiet matus, lai l\u012bdzeklis lab\u0101k sadal\u012btos vis\u0101 matu garum\u0101. Nav j\u0101noskalo. P\u0113c tam ieveidojiet matus, k\u0101 parasti.<\/p>\n<p>Piesardz\u012bbas pas\u0101kumi: tikai \u0101r\u012bgai lieto\u0161anai. Ja iek\u013c\u016bst ac\u012bs, r\u016bp\u012bgi izskalojiet t\u0101s ar \u016bdeni, ja nepiecie\u0161ams, konsult\u0113jieties ar \u0101rstu.<\/p>\n<p>Br\u012bdin\u0101jums: iesp\u0113jama individu\u0101la paaugstin\u0101ta jut\u012bba pret atsevi\u0161\u0137\u0101m sast\u0101vda\u013c\u0101m. <\/p>\n<p>Uzglab\u0101t temperat\u016br\u0101 no +5 \u00b0C l\u012bdz +25\u00b0C, sarg\u0101jot no tie\u0161iem saules stariem. Uzglab\u0101t vismaz 0,5 m att\u0101lum\u0101 no apkures ier\u012bc\u0113m. <\/p>\n<p>Der\u012bguma termi\u0146\u0161: 24 m\u0113ne\u0161i no izgatavo\u0161anas datuma.<\/p>\n","protected":false},"excerpt":{"rendered":"<p>1) Pies\u0101tina ar kerat\u012bnu; 2) Aizpilda boj\u0101t\u0101s matu zonas; 3) Izl\u012bdzin\u0101\u0161ana ar lamin\u0113\u0161anas efektu; 4) Atjauno boj\u0101to matu strukt\u016bru; 5) Aizsarg\u0101 no negat\u012bviem faktoriem; 6) Sabiez\u0113 matus un pie\u0161\u0137ir tiem elast\u012bbu; 7) Nov\u0113r\u0161 sa\u0161\u0137eltus matu galus; 8) Nenoslogo matus; 9) Termoaizsardz\u012bba; 10) Nodro\u0161ina mitrin\u0101\u0161anu vis\u0101 matu garum\u0101; 11) M\u012bkstina cietos matus; 12) Atvieglo \u0137emm\u0113\u0161anu un [&#8230;]\n","protected":false},"featured_media":100748,"template":"","meta":[],"product_cat":[1999],"product_tag":[],"class_list":{"0":"post-70672","1":"product","2":"type-product","3":"status-publish","4":"has-post-thumbnail","6":"product_brand-aljans-krasoti_ua","7":"product_cat-bez-kategorijas","9":"first","10":"instock","11":"taxable","12":"shipping-taxable","13":"product-type-simple"},"_links":{"self":[{"href":"https:\/\/e.kosmolat.eu\/lv\/wp-json\/wp\/v2\/product\/70672","targetHints":{"allow":["GET"]}}],"collection":[{"href":"https:\/\/e.kosmolat.eu\/lv\/wp-json\/wp\/v2\/product"}],"about":[{"href":"https:\/\/e.kosmolat.eu\/lv\/wp-json\/wp\/v2\/types\/product"}],"wp:featuredmedia":[{"embeddable":true,"href":"https:\/\/e.kosmolat.eu\/lv\/wp-json\/wp\/v2\/media\/100748"}],"wp:attachment":[{"href":"https:\/\/e.kosmolat.eu\/lv\/wp-json\/wp\/v2\/media?parent=70672"}],"wp:term":[{"taxonomy":"product_cat","embeddable":true,"href":"https:\/\/e.kosmolat.eu\/lv\/wp-json\/wp\/v2\/product_cat?post=70672"},{"taxonomy":"product_tag","embeddable":true,"href":"https:\/\/e.kosmolat.eu\/lv\/wp-json\/wp\/v2\/product_tag?post=70672"}],"curies":[{"name":"wp","href":"https:\/\/api.w.org\/{rel}","templated":true}]}}