{"id":70640,"date":"2025-06-01T17:50:34","date_gmt":"2025-06-01T17:50:34","guid":{"rendered":"https:\/\/e.kosmolat.eu\/product\/jc-profilaktiska-zobu-pasta-3d-balinosa-50-ml\/"},"modified":"2026-04-24T06:12:43","modified_gmt":"2026-04-24T06:12:43","slug":"jc-profilaktiska-zobu-pasta-3d-balinosa-50-ml","status":"publish","type":"product","link":"https:\/\/e.kosmolat.eu\/lv\/product\/jc-profilaktiska-zobu-pasta-3d-balinosa-50-ml\/","title":{"rendered":"JC Profilaktisk\u0101 zobu pasta 3D Balino\u0161a, 50 ml"},"content":{"rendered":"<p>Uz dab\u012bgas b\u0101zes. Akt\u012bvi c\u012bn\u0101s ar kariesu, efekt\u012bvi balina un atsvaidzina mutes dobumu.<\/p>\n<p>Lieto\u0161ana: ikdienas lieto\u0161anai, 2-3 reizes dien\u0101. Nenor\u012bt, izsp\u013caut. Satur n\u0101trija monofluorfosf\u0101tu. Fluor\u012bda masas da\u013ca 0,125%, kas apr\u0113\u0137in\u0101ti k\u0101 F. Glab\u0101t b\u0113rniem nepieejam\u0101 viet\u0101.<\/p>\n<p>B\u0113rniem vecum\u0101 l\u012bdz se\u0161iem gadiem: lietot pastu zir\u0146a lielum\u0101 un t\u012br\u012bt zobus pieaugu\u0161\u0101 uzraudz\u012bb\u0101, lai samazin\u0101tu nor\u012b\u0161anas iesp\u0113ju. Ja lietojat citus fluoru saturo\u0161us l\u012bdzek\u013cus, konsult\u0113jieties ar zob\u0101rstu vai \u0101rstu.<\/p>\n<p>Uzglab\u0101t temperat\u016br\u0101 no +5\u00b0C l\u012bdz +25\u00b0C, b\u0113rniem nepieejam\u0101 viet\u0101.<\/p>\n<p>Der\u012bguma termi\u0146\u0161: 36 m\u0113ne\u0161i.<\/p>\n","protected":false},"excerpt":{"rendered":"<p>Uz dab\u012bgas b\u0101zes. Akt\u012bvi c\u012bn\u0101s ar kariesu, efekt\u012bvi balina un atsvaidzina mutes dobumu. Lieto\u0161ana: ikdienas lieto\u0161anai, 2-3 reizes dien\u0101. Nenor\u012bt, izsp\u013caut. Satur n\u0101trija monofluorfosf\u0101tu. Fluor\u012bda masas da\u013ca 0,125%, kas apr\u0113\u0137in\u0101ti k\u0101 F. Glab\u0101t b\u0113rniem nepieejam\u0101 viet\u0101. B\u0113rniem vecum\u0101 l\u012bdz se\u0161iem gadiem: lietot pastu zir\u0146a lielum\u0101 un t\u012br\u012bt zobus pieaugu\u0161\u0101 uzraudz\u012bb\u0101, lai samazin\u0101tu nor\u012b\u0161anas iesp\u0113ju. Ja [&#8230;]\n","protected":false},"featured_media":97098,"template":"","meta":[],"product_cat":[1308],"product_tag":[],"class_list":{"0":"post-70640","1":"product","2":"type-product","3":"status-publish","4":"has-post-thumbnail","6":"product_brand-kombi_ua","7":"product_cat-dantu-pastos-ir-geliai","9":"first","10":"instock","11":"taxable","12":"shipping-taxable","13":"product-type-simple"},"_links":{"self":[{"href":"https:\/\/e.kosmolat.eu\/lv\/wp-json\/wp\/v2\/product\/70640","targetHints":{"allow":["GET"]}}],"collection":[{"href":"https:\/\/e.kosmolat.eu\/lv\/wp-json\/wp\/v2\/product"}],"about":[{"href":"https:\/\/e.kosmolat.eu\/lv\/wp-json\/wp\/v2\/types\/product"}],"wp:featuredmedia":[{"embeddable":true,"href":"https:\/\/e.kosmolat.eu\/lv\/wp-json\/wp\/v2\/media\/97098"}],"wp:attachment":[{"href":"https:\/\/e.kosmolat.eu\/lv\/wp-json\/wp\/v2\/media?parent=70640"}],"wp:term":[{"taxonomy":"product_cat","embeddable":true,"href":"https:\/\/e.kosmolat.eu\/lv\/wp-json\/wp\/v2\/product_cat?post=70640"},{"taxonomy":"product_tag","embeddable":true,"href":"https:\/\/e.kosmolat.eu\/lv\/wp-json\/wp\/v2\/product_tag?post=70640"}],"curies":[{"name":"wp","href":"https:\/\/api.w.org\/{rel}","templated":true}]}}