{"id":70560,"date":"2025-06-01T16:15:36","date_gmt":"2025-06-01T16:15:36","guid":{"rendered":"https:\/\/e.kosmolat.eu\/product\/shelly-soft-blade-prof-lidzeklis-kutikulu-mikstinasanai-30-ml\/"},"modified":"2026-03-03T07:51:30","modified_gmt":"2026-03-03T07:51:30","slug":"shelly-soft-blade-prof-lidzeklis-kutikulu-mikstinasanai-30-ml","status":"publish","type":"product","link":"https:\/\/e.kosmolat.eu\/lv\/product\/shelly-soft-blade-prof-lidzeklis-kutikulu-mikstinasanai-30-ml\/","title":{"rendered":"Shelly Soft Blade Prof. l\u012bdzeklis kutikulu m\u012bkstin\u0101\u0161anai, 30 ml"},"content":{"rendered":"<p>Kutikulu no\u0146\u0113m\u0113js manik\u012bram un pedik\u012bram.<\/p>\n<p>Lieto\u0161ana: uzkl\u0101jiet uz \u0101das ap nagiem un no\u0146emiet kutikulu ar koci\u0146u vai pu\u0161eri.<\/p>\n<p>Dro\u0161\u012bbas pas\u0101kumi: satur s\u0101rmu. Izvairieties no saskares ar ac\u012bm. Var izrais\u012bt aklumu. Uzglab\u0101t b\u0113rniem nepieejam\u0101 viet\u0101.<\/p>\n<p>Der\u012bguma termi\u0146\u0161: 24 m\u0113ne\u0161i.<\/p>\n","protected":false},"excerpt":{"rendered":"<p>Kutikulu no\u0146\u0113m\u0113js manik\u012bram un pedik\u012bram. Lieto\u0161ana: uzkl\u0101jiet uz \u0101das ap nagiem un no\u0146emiet kutikulu ar koci\u0146u vai pu\u0161eri. Dro\u0161\u012bbas pas\u0101kumi: satur s\u0101rmu. Izvairieties no saskares ar ac\u012bm. Var izrais\u012bt aklumu. Uzglab\u0101t b\u0113rniem nepieejam\u0101 viet\u0101. Der\u012bguma termi\u0146\u0161: 24 m\u0113ne\u0161i.<\/p>\n","protected":false},"featured_media":100356,"template":"","meta":[],"product_cat":[2181],"product_tag":[],"class_list":{"0":"post-70560","1":"product","2":"type-product","3":"status-publish","4":"has-post-thumbnail","6":"product_brand-procare_ua","7":"product_cat-bez-kategorijas-lt","9":"first","10":"outofstock","11":"taxable","12":"shipping-taxable","13":"product-type-simple"},"_links":{"self":[{"href":"https:\/\/e.kosmolat.eu\/lv\/wp-json\/wp\/v2\/product\/70560","targetHints":{"allow":["GET"]}}],"collection":[{"href":"https:\/\/e.kosmolat.eu\/lv\/wp-json\/wp\/v2\/product"}],"about":[{"href":"https:\/\/e.kosmolat.eu\/lv\/wp-json\/wp\/v2\/types\/product"}],"wp:featuredmedia":[{"embeddable":true,"href":"https:\/\/e.kosmolat.eu\/lv\/wp-json\/wp\/v2\/media\/100356"}],"wp:attachment":[{"href":"https:\/\/e.kosmolat.eu\/lv\/wp-json\/wp\/v2\/media?parent=70560"}],"wp:term":[{"taxonomy":"product_cat","embeddable":true,"href":"https:\/\/e.kosmolat.eu\/lv\/wp-json\/wp\/v2\/product_cat?post=70560"},{"taxonomy":"product_tag","embeddable":true,"href":"https:\/\/e.kosmolat.eu\/lv\/wp-json\/wp\/v2\/product_tag?post=70560"}],"curies":[{"name":"wp","href":"https:\/\/api.w.org\/{rel}","templated":true}]}}