{"id":70544,"date":"2025-06-01T15:00:56","date_gmt":"2025-06-01T15:00:56","guid":{"rendered":"https:\/\/e.kosmolat.eu\/product\/norka-kosmetiskais-vazelins-krems-ar-udelu-ellu-10-g\/"},"modified":"2026-04-02T08:24:59","modified_gmt":"2026-04-02T08:24:59","slug":"norka-kosmetiskais-vazelins-krems-ar-udelu-ellu-10-g","status":"publish","type":"product","link":"https:\/\/e.kosmolat.eu\/lv\/product\/norka-kosmetiskais-vazelins-krems-ar-udelu-ellu-10-g\/","title":{"rendered":"NORKA Kosm\u0113tiskais vazel\u012bns-kr\u0113ms ar \u016bde\u013cu e\u013clu, 10 g"},"content":{"rendered":"<p>Viegli ies\u016bcas \u0101d\u0101, aizsarg\u0101 epidermas \u0161\u016bnas no priek\u0161laic\u012bgas noveco\u0161an\u0101s, uzlabo elast\u012bbu un baro \u0101du.<\/p>\n<p>Lieto\u0161ana: uzkl\u0101t pl\u0101n\u0101 k\u0101rt\u0101 uz iepriek\u0161 att\u012br\u012btas \u0101das.<\/p>\n<p>Der\u012bguma termi\u0146\u0161: 36 m\u0113ne\u0161i.<\/p>\n","protected":false},"excerpt":{"rendered":"<p>Viegli ies\u016bcas \u0101d\u0101, aizsarg\u0101 epidermas \u0161\u016bnas no priek\u0161laic\u012bgas noveco\u0161an\u0101s, uzlabo elast\u012bbu un baro \u0101du. Lieto\u0161ana: uzkl\u0101t pl\u0101n\u0101 k\u0101rt\u0101 uz iepriek\u0161 att\u012br\u012btas \u0101das. Der\u012bguma termi\u0146\u0161: 36 m\u0113ne\u0161i.<\/p>\n","protected":false},"featured_media":100248,"template":"","meta":[],"product_cat":[1999],"product_tag":[],"class_list":{"0":"post-70544","1":"product","2":"type-product","3":"status-publish","4":"has-post-thumbnail","6":"product_brand-healer-cosmetics_ua","7":"product_cat-bez-kategorijas","9":"first","10":"instock","11":"taxable","12":"shipping-taxable","13":"product-type-simple"},"_links":{"self":[{"href":"https:\/\/e.kosmolat.eu\/lv\/wp-json\/wp\/v2\/product\/70544","targetHints":{"allow":["GET"]}}],"collection":[{"href":"https:\/\/e.kosmolat.eu\/lv\/wp-json\/wp\/v2\/product"}],"about":[{"href":"https:\/\/e.kosmolat.eu\/lv\/wp-json\/wp\/v2\/types\/product"}],"wp:featuredmedia":[{"embeddable":true,"href":"https:\/\/e.kosmolat.eu\/lv\/wp-json\/wp\/v2\/media\/100248"}],"wp:attachment":[{"href":"https:\/\/e.kosmolat.eu\/lv\/wp-json\/wp\/v2\/media?parent=70544"}],"wp:term":[{"taxonomy":"product_cat","embeddable":true,"href":"https:\/\/e.kosmolat.eu\/lv\/wp-json\/wp\/v2\/product_cat?post=70544"},{"taxonomy":"product_tag","embeddable":true,"href":"https:\/\/e.kosmolat.eu\/lv\/wp-json\/wp\/v2\/product_tag?post=70544"}],"curies":[{"name":"wp","href":"https:\/\/api.w.org\/{rel}","templated":true}]}}