{"id":70528,"date":"2025-06-01T14:07:58","date_gmt":"2025-06-01T14:07:58","guid":{"rendered":"https:\/\/e.kosmolat.eu\/product\/deba-vitamin-c-micelarais-toniks-sejai-200-ml\/"},"modified":"2026-04-17T11:16:41","modified_gmt":"2026-04-17T11:16:41","slug":"deba-vitamin-c-micelarais-toniks-sejai-200-ml","status":"publish","type":"product","link":"https:\/\/e.kosmolat.eu\/lv\/product\/deba-vitamin-c-micelarais-toniks-sejai-200-ml\/","title":{"rendered":"DeBa Vitamin C Micel\u0101rais toniks sejai, 200 ml"},"content":{"rendered":"<p>Piem\u0113rots visiem \u0101das tipiem, ikdienas lieto&scaron;anai. Att\u012bro&scaron;s micel\u0101rais toniks pal\u012bdz\u0113s \u0101tri un viegli no\u0146emt ma\u0137ij\u0101\u017eu. Taj\u0101 pa&scaron;\u0101 laik\u0101 tas mitrina, atsvaidzina un nomierina \u0101du. Formula ir bag\u0101tin\u0101ta ar C vitam\u012bnu. Piem\u0113rots veg\u0101niem.<\/p>\n<p><strong>Akt\u012bv\u0101s sast\u0101vda\u013cas:<\/strong><\/p>\n<p><strong>C vitam\u012bns<\/strong> &ndash; sp\u0113c\u012bgs antioksidants, izl\u012bdzina \u0101das toni un padara to gai&scaron;\u0101ku.<br \/>\n<strong>Bio ro\u017e\u016bdens<\/strong> &ndash; atsvaidzina un nomierina \u0101du.<\/p>\n<p><strong>Lieto&scaron;ana:<\/strong> uzkl\u0101t uz vates diska un maigi att\u012bt\u012bt sejas, kakla un dekolt\u0113 zonas \u0101du.<\/p>\n","protected":false},"excerpt":{"rendered":"<p>Piem\u0113rots visiem \u0101das tipiem, ikdienas lieto&scaron;anai. Att\u012bro&scaron;s micel\u0101rais toniks pal\u012bdz\u0113s \u0101tri un viegli no\u0146emt ma\u0137ij\u0101\u017eu. Taj\u0101 pa&scaron;\u0101 laik\u0101 tas mitrina, atsvaidzina un nomierina \u0101du. Formula ir bag\u0101tin\u0101ta ar C vitam\u012bnu. Piem\u0113rots veg\u0101niem. Akt\u012bv\u0101s sast\u0101vda\u013cas: C vitam\u012bns &ndash; sp\u0113c\u012bgs antioksidants, izl\u012bdzina \u0101das toni un padara to gai&scaron;\u0101ku. Bio ro\u017e\u016bdens &ndash; atsvaidzina un nomierina \u0101du. Lieto&scaron;ana: uzkl\u0101t [&#8230;]\n","protected":false},"featured_media":90990,"template":"","meta":[],"product_cat":[1578],"product_tag":[],"class_list":{"0":"post-70528","1":"product","2":"type-product","3":"status-publish","4":"has-post-thumbnail","6":"product_brand-rubella-bg","7":"product_cat-losjoni-un-toniki","9":"first","10":"outofstock","11":"taxable","12":"shipping-taxable","13":"product-type-simple"},"_links":{"self":[{"href":"https:\/\/e.kosmolat.eu\/lv\/wp-json\/wp\/v2\/product\/70528","targetHints":{"allow":["GET"]}}],"collection":[{"href":"https:\/\/e.kosmolat.eu\/lv\/wp-json\/wp\/v2\/product"}],"about":[{"href":"https:\/\/e.kosmolat.eu\/lv\/wp-json\/wp\/v2\/types\/product"}],"wp:featuredmedia":[{"embeddable":true,"href":"https:\/\/e.kosmolat.eu\/lv\/wp-json\/wp\/v2\/media\/90990"}],"wp:attachment":[{"href":"https:\/\/e.kosmolat.eu\/lv\/wp-json\/wp\/v2\/media?parent=70528"}],"wp:term":[{"taxonomy":"product_cat","embeddable":true,"href":"https:\/\/e.kosmolat.eu\/lv\/wp-json\/wp\/v2\/product_cat?post=70528"},{"taxonomy":"product_tag","embeddable":true,"href":"https:\/\/e.kosmolat.eu\/lv\/wp-json\/wp\/v2\/product_tag?post=70528"}],"curies":[{"name":"wp","href":"https:\/\/api.w.org\/{rel}","templated":true}]}}