{"id":70520,"date":"2025-06-01T13:50:53","date_gmt":"2025-06-01T13:50:53","guid":{"rendered":"https:\/\/e.kosmolat.eu\/product\/i_hs-kids-bernu-dus-zel-laims-un-piparmetra-2in1-400-ml\/"},"modified":"2026-03-31T20:26:39","modified_gmt":"2026-03-31T20:26:39","slug":"i_hs-kids-bernu-dus-zel-laims-un-piparmetra-2in1-400-ml","status":"publish","type":"product","link":"https:\/\/e.kosmolat.eu\/lv\/product\/i_hs-kids-bernu-dus-zel-laims-un-piparmetra-2in1-400-ml\/","title":{"rendered":"I_HS Kids B\u0113rnu du\u0161. \u017eel. Laims un Piparm\u0113tra 2in1, 400 ml"},"content":{"rendered":"<p>Izbaudiet vannu ar p\u0101rsteidzo&scaron;i smar\u017e\u012bg\u0101m put\u0101m, kas sniegs jums daudz prieka un ar\u012b par\u016bp\u0113sies par j\u016bsu \u0101das vesel\u012bbu un skaistumu.&nbsp;Satur 98% dabiskas izcelsmes sast\u0101vda\u013cu, tostarp alvejas lapu sulu, kas ir lielisks vitam\u012bnu, miner\u0101lvielu un fermentu avots. Alvejas lapu sula un trehaloze pal\u012bdz uztur\u0113t optim\u0101lu mitruma l\u012bmeni \u0101d\u0101. Savuk\u0101rt pantenols atjauno \u0101du, padarot to samtaini maigu. Ja jums nav laika vannoties, l\u012bdzekli var izmantot k\u0101 du&scaron;as \u017eeleju.<\/p>\n<p><strong>Lieto&scaron;ana:<\/strong> uzkl\u0101jiet nelielu daudzumu uz rokas vai du&scaron;as &scaron;vammes un uzkl\u0101jiet uz b\u0113rna \u0101das un matiem. Noskalojiet ar \u016bdeni.<\/p>\n<p>Dermatolo\u0123iski p\u0101rbaud\u012bts.<br \/>\n&nbsp;<\/p>\n","protected":false},"excerpt":{"rendered":"<p>Izbaudiet vannu ar p\u0101rsteidzo&scaron;i smar\u017e\u012bg\u0101m put\u0101m, kas sniegs jums daudz prieka un ar\u012b par\u016bp\u0113sies par j\u016bsu \u0101das vesel\u012bbu un skaistumu.&nbsp;Satur 98% dabiskas izcelsmes sast\u0101vda\u013cu, tostarp alvejas lapu sulu, kas ir lielisks vitam\u012bnu, miner\u0101lvielu un fermentu avots. Alvejas lapu sula un trehaloze pal\u012bdz uztur\u0113t optim\u0101lu mitruma l\u012bmeni \u0101d\u0101. Savuk\u0101rt pantenols atjauno \u0101du, padarot to samtaini maigu. [&#8230;]\n","protected":false},"featured_media":90526,"template":"","meta":[],"product_cat":[1797],"product_tag":[],"class_list":{"0":"post-70520","1":"product","2":"type-product","3":"status-publish","4":"has-post-thumbnail","6":"product_brand-hiskin_pl","7":"product_cat-dusas-zelejas-ziepes-putas","9":"first","10":"outofstock","11":"taxable","12":"shipping-taxable","13":"product-type-simple"},"_links":{"self":[{"href":"https:\/\/e.kosmolat.eu\/lv\/wp-json\/wp\/v2\/product\/70520","targetHints":{"allow":["GET"]}}],"collection":[{"href":"https:\/\/e.kosmolat.eu\/lv\/wp-json\/wp\/v2\/product"}],"about":[{"href":"https:\/\/e.kosmolat.eu\/lv\/wp-json\/wp\/v2\/types\/product"}],"wp:featuredmedia":[{"embeddable":true,"href":"https:\/\/e.kosmolat.eu\/lv\/wp-json\/wp\/v2\/media\/90526"}],"wp:attachment":[{"href":"https:\/\/e.kosmolat.eu\/lv\/wp-json\/wp\/v2\/media?parent=70520"}],"wp:term":[{"taxonomy":"product_cat","embeddable":true,"href":"https:\/\/e.kosmolat.eu\/lv\/wp-json\/wp\/v2\/product_cat?post=70520"},{"taxonomy":"product_tag","embeddable":true,"href":"https:\/\/e.kosmolat.eu\/lv\/wp-json\/wp\/v2\/product_tag?post=70520"}],"curies":[{"name":"wp","href":"https:\/\/api.w.org\/{rel}","templated":true}]}}