{"id":70512,"date":"2025-06-01T13:23:01","date_gmt":"2025-06-01T13:23:01","guid":{"rendered":"https:\/\/e.kosmolat.eu\/product\/shik-uti-puti-tual-ziepes-berniem-ar-celtekas-ekstraktu-75-g\/"},"modified":"2026-04-01T12:16:55","modified_gmt":"2026-04-01T12:16:55","slug":"shik-uti-puti-tual-ziepes-berniem-ar-celtekas-ekstraktu-75-g","status":"publish","type":"product","link":"https:\/\/e.kosmolat.eu\/lv\/product\/shik-uti-puti-tual-ziepes-berniem-ar-celtekas-ekstraktu-75-g\/","title":{"rendered":"Shik Uti-puti Tual.ziepes b\u0113rniem ar ce\u013ctekas ekstraktu, 75 g"},"content":{"rendered":"<p><strong>Uzglab\u0101&scaron;anas termi\u0146&scaron;:<\/strong> 5 gadi no izgatavo&scaron;anas datuma.<\/p>\n<p>Uzglab\u0101t saus\u0101, sl\u0113gt\u0101, labi v\u0113din\u0101m\u0101 telp\u0101.<br \/>\n&nbsp;<\/p>\n","protected":false},"excerpt":{"rendered":"<p>Uzglab\u0101&scaron;anas termi\u0146&scaron;: 5 gadi no izgatavo&scaron;anas datuma. Uzglab\u0101t saus\u0101, sl\u0113gt\u0101, labi v\u0113din\u0101m\u0101 telp\u0101. &nbsp;<\/p>\n","protected":false},"featured_media":89590,"template":"","meta":[],"product_cat":[1799],"product_tag":[],"class_list":{"0":"post-70512","1":"product","2":"type-product","3":"status-publish","4":"has-post-thumbnail","6":"product_brand-slobozanskij-milovar_ua","7":"product_cat-duso-geliai-muilas-vonios-putos","9":"first","10":"instock","11":"taxable","12":"shipping-taxable","13":"product-type-simple"},"_links":{"self":[{"href":"https:\/\/e.kosmolat.eu\/lv\/wp-json\/wp\/v2\/product\/70512","targetHints":{"allow":["GET"]}}],"collection":[{"href":"https:\/\/e.kosmolat.eu\/lv\/wp-json\/wp\/v2\/product"}],"about":[{"href":"https:\/\/e.kosmolat.eu\/lv\/wp-json\/wp\/v2\/types\/product"}],"wp:featuredmedia":[{"embeddable":true,"href":"https:\/\/e.kosmolat.eu\/lv\/wp-json\/wp\/v2\/media\/89590"}],"wp:attachment":[{"href":"https:\/\/e.kosmolat.eu\/lv\/wp-json\/wp\/v2\/media?parent=70512"}],"wp:term":[{"taxonomy":"product_cat","embeddable":true,"href":"https:\/\/e.kosmolat.eu\/lv\/wp-json\/wp\/v2\/product_cat?post=70512"},{"taxonomy":"product_tag","embeddable":true,"href":"https:\/\/e.kosmolat.eu\/lv\/wp-json\/wp\/v2\/product_tag?post=70512"}],"curies":[{"name":"wp","href":"https:\/\/api.w.org\/{rel}","templated":true}]}}