{"id":70504,"date":"2025-06-01T13:22:32","date_gmt":"2025-06-01T13:22:32","guid":{"rendered":"https:\/\/e.kosmolat.eu\/product\/i_sila-color-pulveris-krasainas-velas-mazg-350-g\/"},"modified":"2025-09-20T02:11:01","modified_gmt":"2025-09-20T02:11:01","slug":"i_sila-color-pulveris-krasainas-velas-mazg-350-g","status":"publish","type":"product","link":"https:\/\/e.kosmolat.eu\/lv\/product\/i_sila-color-pulveris-krasainas-velas-mazg-350-g\/","title":{"rendered":"I_SILA Color Pulveris kr\u0101sainas ve\u013cas mazg., 350 g"},"content":{"rendered":"<p>Univers\u0101ls pulverveid\u012bgs l\u012bdzeklis ar zemu puto&scaron;anas l\u012bmeni ve\u013cas mazg\u0101&scaron;anai ar rok\u0101m un ve\u013cas ma&scaron;\u012bn\u0101. Nodro&scaron;ina aizsardz\u012bbu pret katlakmens veido&scaron;anos. Paredz\u0113ts kr\u0101sainiem tekstilizstr\u0101d\u0101jumiem no kokvilnas, lina, vilnas, sint\u0113tisk\u0101m &scaron;\u0137iedr\u0101m un to mais\u012bjumiem. Pie&scaron;\u0137ir svaigu un maigu arom\u0101tu. Pateicoties akt\u012bvajai formulai, efekt\u012bvi no\u0146em net\u012brumus un viegli izskalojas. Piem\u0113rots mazg\u0101&scaron;anai zem\u0101 temperat\u016br\u0101.<\/p>\n<p><strong>Lieto&scaron;ana:<\/strong><br \/>\n&bull;&nbsp;&nbsp; &nbsp;M\u0113rc\u0113jot: norm\u0101l\u0101 un m\u012bkst\u0101 \u016bden\u012b pievienot 25-35 g l\u012bdzek\u013ca, ciet\u0101 \u016bden\u012b &ndash; 45-55 g l\u012bdzek\u013ca.<br \/>\n&bull;&nbsp;&nbsp; &nbsp;Mazg\u0101jot ar rok\u0101m un aktiv\u0101tora tipa ve\u013cas ma&scaron;\u012bn\u0101s: norm\u0101l\u0101 un m\u012bkst\u0101 \u016bden\u012b pievienot 45-55 g l\u012bdzek\u013ca, ciet\u0101 \u016bden\u012b &ndash; 70-80 g l\u012bdzek\u013ca.<br \/>\n&bull;&nbsp;&nbsp; &nbsp;Mazg\u0101jot autom\u0101tiskaj\u0101 ve\u013cas ma&scaron;\u012bn\u0101: uz 4-5 kg ve\u013cas norm\u0101l\u0101 un m\u012bkst\u0101 \u016bden\u012b pievienot 50-110 g produkta, ciet\u0101 \u016bden\u012b &ndash; 75-150 g l\u012bdzek\u013ca.<br \/>\n&bull;&nbsp;&nbsp; &nbsp;Mazg\u0101jot \u013coti net\u012bru ve\u013cu, pulvera deva j\u0101palielina 2 reizes. Iev\u0113rojiet mazg\u0101&scaron;anas re\u017e\u012bmu, kas nor\u0101d\u012bts uz izstr\u0101d\u0101juma eti\u0137etes.<\/p>\n<p><strong>Der\u012bguma termi\u0146&scaron;:<\/strong> 5 gadi.<\/p>\n<p>Uzglab\u0101t temperat\u016br\u0101 l\u012bdz +35 &ordm;C, gaisa mitrum\u0101, kas nep\u0101rsniedz 95%, sarg\u0101jot no tie&scaron;iem saules stariem.<\/p>\n<p><strong>Sast\u0101v\u0101: <\/strong>5 % un vair\u0101k, bet maz\u0101k nek\u0101 15 % anjonu virsmakt\u012bvo vielu, maz\u0101k par 5 % polikarboksil\u0101tu. Optiskais balin\u0101t\u0101js. Smar\u017eas un arom\u0101tisk\u0101s kompoz\u012bcijas.<br \/>\n&nbsp;<\/p>\n","protected":false},"excerpt":{"rendered":"<p>Univers\u0101ls pulverveid\u012bgs l\u012bdzeklis ar zemu puto&scaron;anas l\u012bmeni ve\u013cas mazg\u0101&scaron;anai ar rok\u0101m un ve\u013cas ma&scaron;\u012bn\u0101. Nodro&scaron;ina aizsardz\u012bbu pret katlakmens veido&scaron;anos. Paredz\u0113ts kr\u0101sainiem tekstilizstr\u0101d\u0101jumiem no kokvilnas, lina, vilnas, sint\u0113tisk\u0101m &scaron;\u0137iedr\u0101m un to mais\u012bjumiem. Pie&scaron;\u0137ir svaigu un maigu arom\u0101tu. Pateicoties akt\u012bvajai formulai, efekt\u012bvi no\u0146em net\u012brumus un viegli izskalojas. Piem\u0113rots mazg\u0101&scaron;anai zem\u0101 temperat\u016br\u0101. Lieto&scaron;ana: &bull;&nbsp;&nbsp; &nbsp;M\u0113rc\u0113jot: norm\u0101l\u0101 un m\u012bkst\u0101 [&#8230;]\n","protected":false},"featured_media":89714,"template":"","meta":[],"product_cat":[1484],"product_tag":[],"class_list":{"0":"post-70504","1":"product","2":"type-product","3":"status-publish","4":"has-post-thumbnail","6":"product_brand-slobozanskij-milovar_ua","7":"product_cat-1484","9":"first","10":"outofstock","11":"taxable","12":"shipping-taxable","13":"product-type-simple"},"_links":{"self":[{"href":"https:\/\/e.kosmolat.eu\/lv\/wp-json\/wp\/v2\/product\/70504","targetHints":{"allow":["GET"]}}],"collection":[{"href":"https:\/\/e.kosmolat.eu\/lv\/wp-json\/wp\/v2\/product"}],"about":[{"href":"https:\/\/e.kosmolat.eu\/lv\/wp-json\/wp\/v2\/types\/product"}],"wp:featuredmedia":[{"embeddable":true,"href":"https:\/\/e.kosmolat.eu\/lv\/wp-json\/wp\/v2\/media\/89714"}],"wp:attachment":[{"href":"https:\/\/e.kosmolat.eu\/lv\/wp-json\/wp\/v2\/media?parent=70504"}],"wp:term":[{"taxonomy":"product_cat","embeddable":true,"href":"https:\/\/e.kosmolat.eu\/lv\/wp-json\/wp\/v2\/product_cat?post=70504"},{"taxonomy":"product_tag","embeddable":true,"href":"https:\/\/e.kosmolat.eu\/lv\/wp-json\/wp\/v2\/product_tag?post=70504"}],"curies":[{"name":"wp","href":"https:\/\/api.w.org\/{rel}","templated":true}]}}