{"id":70476,"date":"2025-06-01T11:20:58","date_gmt":"2025-06-01T11:20:58","guid":{"rendered":"https:\/\/e.kosmolat.eu\/product\/cz-sejas-mazg-krems-zeleja-sausai-un-jut-adai-110-ml\/"},"modified":"2025-06-05T05:12:53","modified_gmt":"2025-06-05T05:12:53","slug":"cz-sejas-mazg-krems-zeleja-sausai-un-jut-adai-110-ml","status":"publish","type":"product","link":"https:\/\/e.kosmolat.eu\/lv\/product\/cz-sejas-mazg-krems-zeleja-sausai-un-jut-adai-110-ml\/","title":{"rendered":"CZ Sejas mazg. kr\u0113ms-\u017eeleja sausai un jut. \u0101dai, 110 ml"},"content":{"rendered":"<p>Divk\u0101r\u0161a \u0101das att\u012br\u012b\u0161ana un komforta saj\u016bta. Att\u012br\u012b\u0161ana + kop\u0161ana &ndash; jaunais \u0101das att\u012br\u012b\u0161anas standarts. Unik\u0101la tehnolo\u0123ija: formula ar 20% akt\u012bv\u0101 seruma, kolag\u0113nu, kam\u0113lijas e\u013c\u013cu un hialuronu mitrina, baro un padara \u0101du elast\u012bg\u0101ku jau t\u0101s att\u012br\u012b\u0161anas posm\u0101. Turpina darboties pat p\u0113c noskalo\u0161anas. \u0100das kop\u0161ana k\u013c\u016bst divreiz efekt\u012bv\u0101ka.<\/p>\n<p><strong>Lieto\u0161ana:<\/strong> ar mas\u0113jo\u0161\u0101m kust\u012bb\u0101m uzkl\u0101jiet kr\u0113mu-\u017eeleju uz mitr\u0101s sejas \u0101das, tad nomazg\u0101jiet ar \u016bdeni.&nbsp;<\/p>\n<p>Uzglab\u0101t temperat\u016br\u0101 no 0&deg;C l\u012bdz +25&deg;C.<\/p>\n<p><strong>Der\u012bguma termi\u0146\u0161: <\/strong>36 m\u0113ne\u0161i no izgatavo\u0161anas datuma.<br \/>\n&nbsp;<\/p>\n","protected":false},"excerpt":{"rendered":"<p>Divk\u0101r\u0161a \u0101das att\u012br\u012b\u0161ana un komforta saj\u016bta. Att\u012br\u012b\u0161ana + kop\u0161ana &ndash; jaunais \u0101das att\u012br\u012b\u0161anas standarts. Unik\u0101la tehnolo\u0123ija: formula ar 20% akt\u012bv\u0101 seruma, kolag\u0113nu, kam\u0113lijas e\u013c\u013cu un hialuronu mitrina, baro un padara \u0101du elast\u012bg\u0101ku jau t\u0101s att\u012br\u012b\u0161anas posm\u0101. Turpina darboties pat p\u0113c noskalo\u0161anas. \u0100das kop\u0161ana k\u013c\u016bst divreiz efekt\u012bv\u0101ka. Lieto\u0161ana: ar mas\u0113jo\u0161\u0101m kust\u012bb\u0101m uzkl\u0101jiet kr\u0113mu-\u017eeleju uz mitr\u0101s sejas [&#8230;]\n","protected":false},"featured_media":624,"template":"","meta":[],"product_cat":[1575],"product_tag":[],"class_list":{"0":"post-70476","1":"product","2":"type-product","3":"status-publish","4":"has-post-thumbnail","6":"product_brand-unilever-ua","7":"product_cat-zelejas","9":"first","10":"outofstock","11":"taxable","12":"shipping-taxable","13":"product-type-simple"},"_links":{"self":[{"href":"https:\/\/e.kosmolat.eu\/lv\/wp-json\/wp\/v2\/product\/70476","targetHints":{"allow":["GET"]}}],"collection":[{"href":"https:\/\/e.kosmolat.eu\/lv\/wp-json\/wp\/v2\/product"}],"about":[{"href":"https:\/\/e.kosmolat.eu\/lv\/wp-json\/wp\/v2\/types\/product"}],"wp:featuredmedia":[{"embeddable":true,"href":"https:\/\/e.kosmolat.eu\/lv\/wp-json\/wp\/v2\/media\/624"}],"wp:attachment":[{"href":"https:\/\/e.kosmolat.eu\/lv\/wp-json\/wp\/v2\/media?parent=70476"}],"wp:term":[{"taxonomy":"product_cat","embeddable":true,"href":"https:\/\/e.kosmolat.eu\/lv\/wp-json\/wp\/v2\/product_cat?post=70476"},{"taxonomy":"product_tag","embeddable":true,"href":"https:\/\/e.kosmolat.eu\/lv\/wp-json\/wp\/v2\/product_tag?post=70476"}],"curies":[{"name":"wp","href":"https:\/\/api.w.org\/{rel}","templated":true}]}}