{"id":70460,"date":"2025-06-01T10:50:05","date_gmt":"2025-06-01T10:50:05","guid":{"rendered":"https:\/\/e.kosmolat.eu\/product\/i_naturpro-100-nerafineta-kokosella-400-ml\/"},"modified":"2026-02-02T07:13:23","modified_gmt":"2026-02-02T07:13:23","slug":"i_naturpro-100-nerafineta-kokosriekstu-ella-400-ml","status":"publish","type":"product","link":"https:\/\/e.kosmolat.eu\/lv\/product\/i_naturpro-100-nerafineta-kokosriekstu-ella-400-ml\/","title":{"rendered":"I_NATURPRO 100% Nerafin\u0113ta kokosriekstu e\u013c\u013ca, 400 ml"},"content":{"rendered":"<p>Nerafin\u0113ta pirm\u0101 spieduma kokose\u013c\u013ca.<br \/>\nDzi\u013ca dabiska kop\u0161ana matiem un \u0101dai!<br \/>\n<strong>Matiem:<\/strong><br \/>\n&#8211; dzi\u013ci atjauno matus<br \/>\n&#8211; nov\u0113r\u0161 matu izkri\u0161anu un mitrina boj\u0101tus matus<br \/>\n&#8211; pie\u0161\u0137ir matiem elast\u012bbu un sp\u012bdumu<br \/>\n<strong>\u0100dai:<\/strong><br \/>\n&#8211; dzi\u013ci mitrina \u0101du<br \/>\n&#8211; m\u012bkstina un baro \u0137erme\u0146a \u0101du<br \/>\n-samazina noguruma paz\u012bmes un pal\u0113nina \u0101das noveco\u0161an\u0101s procesus<br \/>\n<strong>Lieto\u0161anas veids: Matiem:<\/strong> uzkl\u0101t nepiecie\u0161amo daudzumu kokose\u013c\u013cas matos un uz galvas \u0101das. Izkl\u0101t vis\u0101 matu garum\u0101. Tur\u0113t 30-60 min\u016btes. R\u016bp\u012bgi izskalot matus ar \u0161amp\u016bnu, l\u012bdz tie piln\u012bb\u0101 ir att\u012br\u012bti no e\u013c\u013cas paliek\u0101m. <strong>\u0136ermenim:<\/strong> ar mas\u0101\u017eas kust\u012bb\u0101m uzkl\u0101t nepiecie\u0161amo kokose\u013c\u013cas daudzumu uz mitras \u0101das. Iemas\u0113t l\u012bdz piln\u012bgai uzs\u016bk\u0161anai. Ieteicams lietot k\u0101 mas\u0101\u017eas e\u013c\u013cu.&nbsp;<br \/>\nTikai \u0101r\u012bgai lieto\u0161anai, neizmantot uztur\u0101, izvair\u012bties no saskares ar ac\u012bm un g\u013cot\u0101du.&nbsp;Pirms lieto\u0161anas produkts ir j\u0101p\u0101rbauda uz neliela \u0101das laukuma. Ja tiek konstat\u0113ta reakcija, p\u0101rtrauciet lieto\u0161anu.&nbsp;Temperat\u016br\u0101 zem +22&deg;C t\u0101 ir balta cieta viela, temperat\u016br\u0101 virs +22&deg;C t\u0101 p\u0101rv\u0113r\u0161as \u0161\u0137idrum\u0101. Lietot tikai \u0161\u0137idr\u0101 st\u0101vokl\u012b. Lai e\u013c\u013cu padar\u012btu par \u0161\u0137idru, novietot pudeli zem karsta \u016bdens.&nbsp;Uzglab\u0101t temperat\u016br\u0101: no +5&deg;C l\u012bdz +20&deg;C un relat\u012bvaj\u0101 mitrum\u0101 55-70% aizsarg\u0101t\u0101 no tie\u0161iem saules stariem. Nav at\u013cauts uzglab\u0101t produktu maz\u0101k par 1 m att\u0101lum\u0101 no augstas temperat\u016bras avotiem.&nbsp;<\/p>\n","protected":false},"excerpt":{"rendered":"<p>Nerafin\u0113ta pirm\u0101 spieduma kokose\u013c\u013ca. Dzi\u013ca dabiska kop\u0161ana matiem un \u0101dai! Matiem: &#8211; dzi\u013ci atjauno matus &#8211; nov\u0113r\u0161 matu izkri\u0161anu un mitrina boj\u0101tus matus &#8211; pie\u0161\u0137ir matiem elast\u012bbu un sp\u012bdumu \u0100dai: &#8211; dzi\u013ci mitrina \u0101du &#8211; m\u012bkstina un baro \u0137erme\u0146a \u0101du -samazina noguruma paz\u012bmes un pal\u0113nina \u0101das noveco\u0161an\u0101s procesus Lieto\u0161anas veids: Matiem: uzkl\u0101t nepiecie\u0161amo daudzumu kokose\u013c\u013cas [&#8230;]\n","protected":false},"featured_media":87066,"template":"","meta":[],"product_cat":[1999],"product_tag":[],"class_list":{"0":"post-70460","1":"product","2":"type-product","3":"status-publish","4":"has-post-thumbnail","6":"product_brand-naturpro_ua","7":"product_cat-bez-kategorijas","9":"first","10":"outofstock","11":"taxable","12":"shipping-taxable","13":"product-type-simple"},"_links":{"self":[{"href":"https:\/\/e.kosmolat.eu\/lv\/wp-json\/wp\/v2\/product\/70460","targetHints":{"allow":["GET"]}}],"collection":[{"href":"https:\/\/e.kosmolat.eu\/lv\/wp-json\/wp\/v2\/product"}],"about":[{"href":"https:\/\/e.kosmolat.eu\/lv\/wp-json\/wp\/v2\/types\/product"}],"wp:featuredmedia":[{"embeddable":true,"href":"https:\/\/e.kosmolat.eu\/lv\/wp-json\/wp\/v2\/media\/87066"}],"wp:attachment":[{"href":"https:\/\/e.kosmolat.eu\/lv\/wp-json\/wp\/v2\/media?parent=70460"}],"wp:term":[{"taxonomy":"product_cat","embeddable":true,"href":"https:\/\/e.kosmolat.eu\/lv\/wp-json\/wp\/v2\/product_cat?post=70460"},{"taxonomy":"product_tag","embeddable":true,"href":"https:\/\/e.kosmolat.eu\/lv\/wp-json\/wp\/v2\/product_tag?post=70460"}],"curies":[{"name":"wp","href":"https:\/\/api.w.org\/{rel}","templated":true}]}}