{"id":70452,"date":"2025-06-01T10:49:43","date_gmt":"2025-06-01T10:49:43","guid":{"rendered":"https:\/\/e.kosmolat.eu\/product\/i_naturpro-100-naturala-kokosella-200-ml\/"},"modified":"2025-10-28T15:32:20","modified_gmt":"2025-10-28T15:32:20","slug":"naturpro-100-dabiga-kokosriekstu-ella-200-ml","status":"publish","type":"product","link":"https:\/\/e.kosmolat.eu\/lv\/product\/naturpro-100-dabiga-kokosriekstu-ella-200-ml\/","title":{"rendered":"NATURPRO 100% Dab\u012bga kokosriekstu e\u013c\u013ca, 200 ml"},"content":{"rendered":"<p>Dzi\u013ca dab\u012bga matu un \u0101das kop\u0161ana!&nbsp;<br \/>\n<strong>\u0100dai:<\/strong><br \/>\n&#8211; dzi\u013ci mitrina \u0101du<br \/>\n&#8211; m\u012bkstina un baro<br \/>\n-samazina noguruma paz\u012bmes un pal\u0113nina \u0101das noveco\u0161an\u0101s procesus<br \/>\n<strong>Matiem:<\/strong><br \/>\n&#8211; dzi\u013ci atjauno matus<br \/>\n&#8211; nov\u0113r\u0161 matu izkri\u0161anu un mitrina boj\u0101tus matus<br \/>\n&#8211; pie\u0161\u0137ir matiem elast\u012bbu un sp\u012bdumu<br \/>\n<strong>Lieto\u0161anas veids:<\/strong> <strong>\u0136ermenim:<\/strong> ar mas\u0101\u017eas kust\u012bb\u0101m uzkl\u0101t nepiecie\u0161amo kokose\u013c\u013cas daudzumu uz mitras \u0101das. Iemas\u0113t l\u012bdz piln\u012bgai uzs\u016bk\u0161anai. Ieteicams lietot k\u0101 mas\u0101\u017eas e\u013c\u013cu. <strong>Matiem:<\/strong> uzkl\u0101t nepiecie\u0161amo daudzumu kokose\u013c\u013cas matos un uz galvas \u0101das. Izkl\u0101t vis\u0101 matu garum\u0101. Tur\u0113t 30-60 min\u016btes. R\u016bp\u012bgi izskalot matus ar \u0161amp\u016bnu, l\u012bdz tie piln\u012bb\u0101 ir att\u012br\u012bti no e\u013c\u013cas paliek\u0101m.<br \/>\n<strong>Br\u012bdin\u0101jumi:<\/strong> tikai \u0101r\u012bgai lieto\u0161anai. Izvair\u012bties no saskares ar ac\u012bm un g\u013cot\u0101du. Ja nok\u013c\u016bst ac\u012bs, skalot ar lielu daudzumu teko\u0161a \u016bdens. Sasalst temperat\u016br\u0101 zem +22&deg;C. Lietot tikai \u0161\u0137idr\u0101 st\u0101vokl\u012b. Lai e\u013c\u013cu padar\u012btu par \u0161\u0137idru, novietot pudeli zem karsta \u016bdens.&nbsp;Uzglab\u0101t temperat\u016br\u0101: no +5&deg;C l\u012bdz +25&deg;C un relat\u012bvaj\u0101 mitrum\u0101 55-70% aizsarg\u0101t\u0101 no tie\u0161iem saules stariem. Nav at\u013cauts uzglab\u0101t produktu maz\u0101k par 1 m att\u0101lum\u0101 no augstas temperat\u016bras avotiem.<\/p>\n","protected":false},"excerpt":{"rendered":"<p>Dzi\u013ca dab\u012bga matu un \u0101das kop\u0161ana!&nbsp; \u0100dai: &#8211; dzi\u013ci mitrina \u0101du &#8211; m\u012bkstina un baro -samazina noguruma paz\u012bmes un pal\u0113nina \u0101das noveco\u0161an\u0101s procesus Matiem: &#8211; dzi\u013ci atjauno matus &#8211; nov\u0113r\u0161 matu izkri\u0161anu un mitrina boj\u0101tus matus &#8211; pie\u0161\u0137ir matiem elast\u012bbu un sp\u012bdumu Lieto\u0161anas veids: \u0136ermenim: ar mas\u0101\u017eas kust\u012bb\u0101m uzkl\u0101t nepiecie\u0161amo kokose\u013c\u013cas daudzumu uz mitras \u0101das. [&#8230;]\n","protected":false},"featured_media":87062,"template":"","meta":[],"product_cat":[1999],"product_tag":[],"class_list":{"0":"post-70452","1":"product","2":"type-product","3":"status-publish","4":"has-post-thumbnail","6":"product_brand-naturpro_ua","7":"product_cat-bez-kategorijas","9":"first","10":"outofstock","11":"taxable","12":"shipping-taxable","13":"product-type-simple"},"_links":{"self":[{"href":"https:\/\/e.kosmolat.eu\/lv\/wp-json\/wp\/v2\/product\/70452","targetHints":{"allow":["GET"]}}],"collection":[{"href":"https:\/\/e.kosmolat.eu\/lv\/wp-json\/wp\/v2\/product"}],"about":[{"href":"https:\/\/e.kosmolat.eu\/lv\/wp-json\/wp\/v2\/types\/product"}],"wp:featuredmedia":[{"embeddable":true,"href":"https:\/\/e.kosmolat.eu\/lv\/wp-json\/wp\/v2\/media\/87062"}],"wp:attachment":[{"href":"https:\/\/e.kosmolat.eu\/lv\/wp-json\/wp\/v2\/media?parent=70452"}],"wp:term":[{"taxonomy":"product_cat","embeddable":true,"href":"https:\/\/e.kosmolat.eu\/lv\/wp-json\/wp\/v2\/product_cat?post=70452"},{"taxonomy":"product_tag","embeddable":true,"href":"https:\/\/e.kosmolat.eu\/lv\/wp-json\/wp\/v2\/product_tag?post=70452"}],"curies":[{"name":"wp","href":"https:\/\/api.w.org\/{rel}","templated":true}]}}