{"id":70444,"date":"2025-06-01T10:49:03","date_gmt":"2025-06-01T10:49:03","guid":{"rendered":"https:\/\/e.kosmolat.eu\/product\/i_bd-regenerejoss-roku-krems-cica-75-ml\/"},"modified":"2026-03-09T09:55:18","modified_gmt":"2026-03-09T09:55:18","slug":"i_bd-regenerejoss-roku-krems-cica-75-ml","status":"publish","type":"product","link":"https:\/\/e.kosmolat.eu\/lv\/product\/i_bd-regenerejoss-roku-krems-cica-75-ml\/","title":{"rendered":"I_!BD Re\u0123ener\u0113jo\u0161s roku kr\u0113ms CICA, 75 ml"},"content":{"rendered":"<p><strong>Izstr\u0101d\u0101ts, lai intens\u012bvi atjaunotu dehidr\u0113to un raupjo roku \u0101du, neradot taukainas vai lip\u012bgas pl\u0113ves saj\u016btu.<br \/>\nAkt\u012bv\u0101s sast\u0101vda\u013cas:<br \/>\nGotu kolas ekstrakts<\/strong> nomierina, dzied\u0113 nelielus boj\u0101jumus un pal\u012bdz c\u012bn\u012bties ar \u0101das noveco\u0161anos.<br \/>\n<strong>D-pantenols<\/strong> mazina kairin\u0101jumu un veicina dabisko \u0161\u016bnu atjauno\u0161anos.<br \/>\n<strong>Kokose\u013c\u013ca<\/strong> stiprina epidermas barjeras sl\u0101ni.<br \/>\n<strong>Alanto\u012bns<\/strong> veicina \u0101tru \u0101das \u0161\u016bnu atjauno\u0161anos.<br \/>\n<strong>Lieto\u0161anas veids:<\/strong> uzkl\u0101jiet kr\u0113mu uz t\u012bras, sausas roku \u0101das.<br \/>\n<strong>Uzman\u012bbu:<\/strong> pirms lieto\u0161anas kr\u0113ms ir j\u0101p\u0101rbauda uz neliela \u0101das laukuma. Ja tiek konstat\u0113ta aler\u0123iska reakcija, p\u0101rtrauciet lieto\u0161anu. Izmantojiet paredz\u0113tajam m\u0113r\u0137im.<br \/>\n<strong>Kontrindik\u0101cijas:<\/strong> individu\u0101la neieciet\u012bba pret kr\u0113ma sast\u0101vda\u013c\u0101m. Uzglab\u0101t temperat\u016br\u0101 no +5&deg;C l\u012bdz +25&deg;C un relat\u012bvaj\u0101 mitrum\u0101 55-75% viet\u0101 aizsarg\u0101t\u0101 no tie\u0161iem saules stariem. Nav at\u013cauts uzglab\u0101t produktu maz\u0101k par 1 m att\u0101lum\u0101 no augstas temperat\u016bras avotiem.<\/p>\n","protected":false},"excerpt":{"rendered":"<p>Izstr\u0101d\u0101ts, lai intens\u012bvi atjaunotu dehidr\u0113to un raupjo roku \u0101du, neradot taukainas vai lip\u012bgas pl\u0113ves saj\u016btu. Akt\u012bv\u0101s sast\u0101vda\u013cas: Gotu kolas ekstrakts nomierina, dzied\u0113 nelielus boj\u0101jumus un pal\u012bdz c\u012bn\u012bties ar \u0101das noveco\u0161anos. D-pantenols mazina kairin\u0101jumu un veicina dabisko \u0161\u016bnu atjauno\u0161anos. Kokose\u013c\u013ca stiprina epidermas barjeras sl\u0101ni. Alanto\u012bns veicina \u0101tru \u0101das \u0161\u016bnu atjauno\u0161anos. Lieto\u0161anas veids: uzkl\u0101jiet kr\u0113mu uz t\u012bras, [&#8230;]\n","protected":false},"featured_media":87034,"template":"","meta":[],"product_cat":[1999],"product_tag":[],"class_list":{"0":"post-70444","1":"product","2":"type-product","3":"status-publish","4":"has-post-thumbnail","6":"product_brand-naturpro_ua","7":"product_cat-bez-kategorijas","9":"first","10":"outofstock","11":"taxable","12":"shipping-taxable","13":"product-type-simple"},"_links":{"self":[{"href":"https:\/\/e.kosmolat.eu\/lv\/wp-json\/wp\/v2\/product\/70444","targetHints":{"allow":["GET"]}}],"collection":[{"href":"https:\/\/e.kosmolat.eu\/lv\/wp-json\/wp\/v2\/product"}],"about":[{"href":"https:\/\/e.kosmolat.eu\/lv\/wp-json\/wp\/v2\/types\/product"}],"wp:featuredmedia":[{"embeddable":true,"href":"https:\/\/e.kosmolat.eu\/lv\/wp-json\/wp\/v2\/media\/87034"}],"wp:attachment":[{"href":"https:\/\/e.kosmolat.eu\/lv\/wp-json\/wp\/v2\/media?parent=70444"}],"wp:term":[{"taxonomy":"product_cat","embeddable":true,"href":"https:\/\/e.kosmolat.eu\/lv\/wp-json\/wp\/v2\/product_cat?post=70444"},{"taxonomy":"product_tag","embeddable":true,"href":"https:\/\/e.kosmolat.eu\/lv\/wp-json\/wp\/v2\/product_tag?post=70444"}],"curies":[{"name":"wp","href":"https:\/\/api.w.org\/{rel}","templated":true}]}}