{"id":70424,"date":"2025-06-01T09:07:59","date_gmt":"2025-06-01T09:07:59","guid":{"rendered":"https:\/\/e.kosmolat.eu\/product\/i_dr-s-argan-hair-maska-1-l\/"},"modified":"2025-07-08T13:55:46","modified_gmt":"2025-07-08T13:55:46","slug":"i_dr-s-argan-hair-maska-1-l","status":"publish","type":"product","link":"https:\/\/e.kosmolat.eu\/lv\/product\/i_dr-s-argan-hair-maska-1-l\/","title":{"rendered":"I_&#8221;Dr.S Argan Hair&#8221; Maska, 1 l"},"content":{"rendered":"<p>Arganas e\u013c\u013ca un kerat\u012bns, Strukt\u016bras atjauno\u0161ana, 0% parab\u0113nu, miner\u0101le\u013c\u013cu. Intens\u012bva maskas formula acumirkl\u012b atjauno un stiprina matus. Dzi\u013ci iek\u013c\u016bstot stumbr\u0101, pieg\u0101d\u0101 barojo\u0161\u0101s sast\u0101vda\u013cas elast\u012bbas un tvirtuma saglab\u0101\u0161anai. Efekt\u012bvi nogludina stumbra zv\u012b\u0146as, Maska intens\u012bvi atjauno v\u0101jus un boj\u0101tus matus. Jauna formula nodro\u0161ina 3-l\u012bme\u0146u matu atjauno\u0161anu. Mati paliek gludi un elast\u012bgi. Nesatur parab\u0113nus un miner\u0101le\u013c\u013cas.<\/p>\n<h4>Lieto\u0161ana: <\/h4>\n<p>vajadz\u012bgo daudzumu uzkl\u0101t uz matu sakn\u0113m un izl\u012bdzin\u0101t vis\u0101 to garum\u0101. P\u0113c 2 min. nomazg\u0101t ar \u016bdeni. Piem\u0113rots ikdienas lieto\u0161an\u0101.\u00a0<\/p>\n<h4>Piesardz\u012bbas pas\u0101kumi:<br \/>\n<\/h4>\n<p>\ntikai \u0101r\u012bgai lieto\u0161anai. Ja iek\u013c\u016bst ac\u012bs nomazg\u0101t ar \u016bdeni.\u00a0<\/p>\n","protected":false},"excerpt":{"rendered":"<p>Arganas e\u013c\u013ca un kerat\u012bns, Strukt\u016bras atjauno\u0161ana, 0% parab\u0113nu, miner\u0101le\u013c\u013cu. Intens\u012bva maskas formula acumirkl\u012b atjauno un stiprina matus. Dzi\u013ci iek\u013c\u016bstot stumbr\u0101, pieg\u0101d\u0101 barojo\u0161\u0101s sast\u0101vda\u013cas elast\u012bbas un tvirtuma saglab\u0101\u0161anai. Efekt\u012bvi nogludina stumbra zv\u012b\u0146as, Maska intens\u012bvi atjauno v\u0101jus un boj\u0101tus matus. Jauna formula nodro\u0161ina 3-l\u012bme\u0146u matu atjauno\u0161anu. Mati paliek gludi un elast\u012bgi. Nesatur parab\u0113nus un miner\u0101le\u013c\u013cas. Lieto\u0161ana: vajadz\u012bgo [&#8230;]\n","protected":false},"featured_media":70428,"template":"","meta":[],"product_cat":[1256],"product_tag":[],"class_list":{"0":"post-70424","1":"product","2":"type-product","3":"status-publish","4":"has-post-thumbnail","6":"product_brand-elfa_ua","7":"product_cat-plauku-kaukes","9":"first","10":"outofstock","11":"taxable","12":"shipping-taxable","13":"product-type-simple"},"_links":{"self":[{"href":"https:\/\/e.kosmolat.eu\/lv\/wp-json\/wp\/v2\/product\/70424","targetHints":{"allow":["GET"]}}],"collection":[{"href":"https:\/\/e.kosmolat.eu\/lv\/wp-json\/wp\/v2\/product"}],"about":[{"href":"https:\/\/e.kosmolat.eu\/lv\/wp-json\/wp\/v2\/types\/product"}],"wp:featuredmedia":[{"embeddable":true,"href":"https:\/\/e.kosmolat.eu\/lv\/wp-json\/wp\/v2\/media\/70428"}],"wp:attachment":[{"href":"https:\/\/e.kosmolat.eu\/lv\/wp-json\/wp\/v2\/media?parent=70424"}],"wp:term":[{"taxonomy":"product_cat","embeddable":true,"href":"https:\/\/e.kosmolat.eu\/lv\/wp-json\/wp\/v2\/product_cat?post=70424"},{"taxonomy":"product_tag","embeddable":true,"href":"https:\/\/e.kosmolat.eu\/lv\/wp-json\/wp\/v2\/product_tag?post=70424"}],"curies":[{"name":"wp","href":"https:\/\/api.w.org\/{rel}","templated":true}]}}