{"id":70391,"date":"2025-06-01T08:43:08","date_gmt":"2025-06-01T08:43:08","guid":{"rendered":"https:\/\/e.kosmolat.eu\/product\/lady-caramel-depilacijas-krems-dusa-100-ml\/"},"modified":"2026-04-01T06:27:56","modified_gmt":"2026-04-01T06:27:56","slug":"lady-caramel-depilacijas-krems-dusa-100-ml","status":"publish","type":"product","link":"https:\/\/e.kosmolat.eu\/lv\/product\/lady-caramel-depilacijas-krems-dusa-100-ml\/","title":{"rendered":"Lady Caramel Depil\u0101cijas kr\u0113ms du\u0161\u0101, 100 ml"},"content":{"rendered":"<p>Ar v\u012bnogu kauli\u0146u e\u013c\u013cu. Atbr\u012bvo no nev\u0113lamajiem mati\u0146iem, palielina \u0101das tvirtumu, uztur tauku un mitruma l\u012bdzsvaru taj\u0101, nodro&scaron;ina \u0101dai gludumu un maigumu. Nelietot kr\u0113mu uz boj\u0101tas, kairin\u0101tas un stipri iedegu&scaron;as \u0101das. Uzman\u012bbu: sp\u0113c\u012bgi iedarbojo&scaron;s l\u012bdzeklis. Glab\u0101t b\u0113rniem nepieejam\u0101 viet\u0101! Neizmantot sejas mati\u0146u depil\u0101cijai!<\/p>\n<p><strong>Lieto&scaron;ana: <\/strong>Pirms du&scaron;as, ar l\u0101psti\u0146u l\u012bdzeni uzkl\u0101t kr\u0113mu uz \u0101das. P\u0101rliecin\u0101ties, ka apstr\u0101d\u0101jam\u0101 vieta ir piln\u012bb\u0101 nokl\u0101ta ar kr\u0113mu. Neieberz\u0113t! Labi nomazg\u0101t rokas. Du&scaron;as laik\u0101 kr\u0113mam j\u0101paliek uz \u0101das. Nevirz\u012bt \u016bdens str\u016bklu uz \u0101das viet\u0101m, kuras ir p\u0101rkl\u0101tas ar kr\u0113mu. P\u0113c 5-10 min. no\u0146emt kr\u0113mu ar visiem mati\u0146iem ar l\u0101psti\u0146as pal\u012bdz\u012bbu virzien\u0101 no apak&scaron;as uz aug&scaron;u. P\u0113c depil\u0101cijas \u0101da j\u0101nomazg\u0101 ar v\u0113su \u016bdeni bez ziep\u0113m un nosusin\u0101t to ar dvieli. Kr\u0113ms nav paredz\u0113ts sejas depil\u0101cijai.<\/p>\n<p>Pirms depil\u0101cijas veikt l\u012bdzek\u013ca izm\u0113\u0123in\u0101jumu: nelielu daudzumu l\u012bdzek\u013ca uzkl\u0101t uz iek&scaron;\u0113j\u0101s rokas loc\u012btavas da\u013cas, patur\u0113t 10 min, nomazg\u0101t kr\u0113mu ar v\u0113su \u016bdeni. Ja 24 h laik\u0101 uz \u0101das nerodas kairin\u0101jums, dr\u012bkst veikt depil\u0101ciju.<\/p>\n<p>24 stundas p\u0113c depil\u0101cijas nedr\u012bkst lietot dezodorantu un parfim\u0113riju. Uzreiz p\u0113c depil\u0101cijas nedr\u012bkst sau\u013coties saules gaism\u0101 vai sol\u0101rij\u0101. Ja l\u012bdzeklis nok\u013c\u016bst ac\u012bs, nepiecie&scaron;ams t\u0101s skalot ar lielu daudzumu auksta \u016bdens un v\u0113rsties pie \u0101rsta.<\/p>\n<p>BR\u012aDIN\u0100JUMS: Satur tioglikol\u0101tu un s\u0101rmu. Iev\u0113rot nor\u0101d\u012bjumus. Sarg\u0101t no b\u0113rniem. Nepie\u013caut nok\u013c\u016b&scaron;anu ac\u012bs.<\/p>\n<p><strong>Uzglab\u0101&scaron;anas temperat\u016bra:<\/strong> no +5 &deg;\u0421 l\u012bdz +25 &deg;\u0421.<\/p>\n","protected":false},"excerpt":{"rendered":"<p>Ar v\u012bnogu kauli\u0146u e\u013c\u013cu. Atbr\u012bvo no nev\u0113lamajiem mati\u0146iem, palielina \u0101das tvirtumu, uztur tauku un mitruma l\u012bdzsvaru taj\u0101, nodro&scaron;ina \u0101dai gludumu un maigumu. Nelietot kr\u0113mu uz boj\u0101tas, kairin\u0101tas un stipri iedegu&scaron;as \u0101das. Uzman\u012bbu: sp\u0113c\u012bgi iedarbojo&scaron;s l\u012bdzeklis. Glab\u0101t b\u0113rniem nepieejam\u0101 viet\u0101! Neizmantot sejas mati\u0146u depil\u0101cijai! Lieto&scaron;ana: Pirms du&scaron;as, ar l\u0101psti\u0146u l\u012bdzeni uzkl\u0101t kr\u0113mu uz \u0101das. P\u0101rliecin\u0101ties, ka [&#8230;]\n","protected":false},"featured_media":79414,"template":"","meta":[],"product_cat":[1622],"product_tag":[],"class_list":{"0":"post-70391","1":"product","2":"type-product","3":"status-publish","4":"has-post-thumbnail","6":"product_brand-elfa_ua","7":"product_cat-depilacijas-un-skusanas-lidzekli","9":"first","10":"instock","11":"taxable","12":"shipping-taxable","13":"product-type-simple"},"_links":{"self":[{"href":"https:\/\/e.kosmolat.eu\/lv\/wp-json\/wp\/v2\/product\/70391","targetHints":{"allow":["GET"]}}],"collection":[{"href":"https:\/\/e.kosmolat.eu\/lv\/wp-json\/wp\/v2\/product"}],"about":[{"href":"https:\/\/e.kosmolat.eu\/lv\/wp-json\/wp\/v2\/types\/product"}],"wp:featuredmedia":[{"embeddable":true,"href":"https:\/\/e.kosmolat.eu\/lv\/wp-json\/wp\/v2\/media\/79414"}],"wp:attachment":[{"href":"https:\/\/e.kosmolat.eu\/lv\/wp-json\/wp\/v2\/media?parent=70391"}],"wp:term":[{"taxonomy":"product_cat","embeddable":true,"href":"https:\/\/e.kosmolat.eu\/lv\/wp-json\/wp\/v2\/product_cat?post=70391"},{"taxonomy":"product_tag","embeddable":true,"href":"https:\/\/e.kosmolat.eu\/lv\/wp-json\/wp\/v2\/product_tag?post=70391"}],"curies":[{"name":"wp","href":"https:\/\/api.w.org\/{rel}","templated":true}]}}