{"id":70342,"date":"2025-05-31T04:02:21","date_gmt":"2025-05-31T04:02:21","guid":{"rendered":"https:\/\/e.kosmolat.eu\/product\/hp-fito-linija-dus-kr-zel-magnolija-un-balta-teja-kompleksa-kops-510-ml\/"},"modified":"2026-04-18T06:36:07","modified_gmt":"2026-04-18T06:36:07","slug":"hp-fito-linija-dus-kr-zel-magnolija-un-balta-teja-kompleksa-kops-510-ml","status":"publish","type":"product","link":"https:\/\/e.kosmolat.eu\/lv\/product\/hp-fito-linija-dus-kr-zel-magnolija-un-balta-teja-kompleksa-kops-510-ml\/","title":{"rendered":"HP Fito L\u012bnija Du\u0161. kr.-\u017eel. Magnolija un Balt\u0101 t\u0113ja Kompleks\u0101 kop\u0161., 510 ml"},"content":{"rendered":"<p>Du\u0161as kr\u0113ms-\u017eeleja, p\u0101rv\u0113r\u0161oties maig\u0101s put\u0101s, saudz\u012bgi att\u012bra \u0101du, ilgsto\u0161i atst\u0101jot t\u012br\u012bbas, svaiguma saj\u016btu un pat\u012bkamu arom\u0101tu. Satur magnolijas un balt\u0101s t\u0113jas ekstraktus.<\/p>\n<p>Lieto\u0161ana: uzkl\u0101jiet du\u0161as kr\u0113mu-\u017eeleju uz mitras \u0101das, saputojiet, noskalojiet ar siltu \u016bdeni.<\/p>\n<p>Piesardz\u012bbas pas\u0101kumi: tikai \u0101r\u012bgai lieto\u0161anai. Ja nok\u013c\u016bst ac\u012bs, nekav\u0113joties izskalojiet t\u0101s ar \u016bdeni. Iesp\u0113jama individu\u0101la jut\u012bba pret atsevi\u0161\u0137\u0101m sast\u0101vda\u013c\u0101m.<\/p>\n<p>Uzglab\u0101\u0161anas noteikumi: uzglab\u0101t temperat\u016br\u0101 no +5\u202f\u00b0C l\u012bdz +25\u202f\u00b0C, sarg\u0101jot no tie\u0161iem saules stariem un ne tuv\u0101k k\u0101 0,5 m no iesl\u0113gt\u0101m apkures ier\u012bc\u0113m. Utiliz\u0113t iepakojumu k\u0101 sadz\u012bves atkritumus.<\/p>\n<p>Der\u012bguma termi\u0146\u0161: 30 m\u0113ne\u0161i no izgatavo\u0161anas datuma.<\/p>\n","protected":false},"excerpt":{"rendered":"<p>Du\u0161as kr\u0113ms-\u017eeleja, p\u0101rv\u0113r\u0161oties maig\u0101s put\u0101s, saudz\u012bgi att\u012bra \u0101du, ilgsto\u0161i atst\u0101jot t\u012br\u012bbas, svaiguma saj\u016btu un pat\u012bkamu arom\u0101tu. Satur magnolijas un balt\u0101s t\u0113jas ekstraktus. Lieto\u0161ana: uzkl\u0101jiet du\u0161as kr\u0113mu-\u017eeleju uz mitras \u0101das, saputojiet, noskalojiet ar siltu \u016bdeni. Piesardz\u012bbas pas\u0101kumi: tikai \u0101r\u012bgai lieto\u0161anai. Ja nok\u013c\u016bst ac\u012bs, nekav\u0113joties izskalojiet t\u0101s ar \u016bdeni. Iesp\u0113jama individu\u0101la jut\u012bba pret atsevi\u0161\u0137\u0101m sast\u0101vda\u013c\u0101m. Uzglab\u0101\u0161anas noteikumi: [&#8230;]\n","protected":false},"featured_media":100092,"template":"","meta":[],"product_cat":[1280],"product_tag":[],"class_list":{"0":"post-70342","1":"product","2":"type-product","3":"status-publish","4":"has-post-thumbnail","6":"product_brand-supermash_ua","7":"product_cat-dusas-zelejas-un-dusas-ellas","9":"first","10":"instock","11":"taxable","12":"shipping-taxable","13":"product-type-simple"},"_links":{"self":[{"href":"https:\/\/e.kosmolat.eu\/lv\/wp-json\/wp\/v2\/product\/70342","targetHints":{"allow":["GET"]}}],"collection":[{"href":"https:\/\/e.kosmolat.eu\/lv\/wp-json\/wp\/v2\/product"}],"about":[{"href":"https:\/\/e.kosmolat.eu\/lv\/wp-json\/wp\/v2\/types\/product"}],"wp:featuredmedia":[{"embeddable":true,"href":"https:\/\/e.kosmolat.eu\/lv\/wp-json\/wp\/v2\/media\/100092"}],"wp:attachment":[{"href":"https:\/\/e.kosmolat.eu\/lv\/wp-json\/wp\/v2\/media?parent=70342"}],"wp:term":[{"taxonomy":"product_cat","embeddable":true,"href":"https:\/\/e.kosmolat.eu\/lv\/wp-json\/wp\/v2\/product_cat?post=70342"},{"taxonomy":"product_tag","embeddable":true,"href":"https:\/\/e.kosmolat.eu\/lv\/wp-json\/wp\/v2\/product_tag?post=70342"}],"curies":[{"name":"wp","href":"https:\/\/api.w.org\/{rel}","templated":true}]}}