{"id":70308,"date":"2025-05-29T04:03:49","date_gmt":"2025-05-29T04:03:49","guid":{"rendered":"https:\/\/e.kosmolat.eu\/product\/bd-coco-dream-lupu-balzams-spf-15-10-ml\/"},"modified":"2026-04-22T08:34:37","modified_gmt":"2026-04-22T08:34:37","slug":"i_bd-coco-dream-lupu-balzams-spf-15-10-ml","status":"publish","type":"product","link":"https:\/\/e.kosmolat.eu\/lv\/product\/i_bd-coco-dream-lupu-balzams-spf-15-10-ml\/","title":{"rendered":"I_BD Coco Dream L\u016bpu balzams SPF 15, 10 ml"},"content":{"rendered":"<p>L\u016bpu balzams Coco Dream nodro\u0161ina intens\u012bvu l\u016bpu baro\u0161anu un atjauno\u0161anu, k\u0101 ar\u012b pie\u0161\u0137ir t\u0101m sp\u012bdumu.<\/p>\n<p>Lieto\u0161ana: uzkl\u0101t nelielu daudzumu balzama uz l\u016bp\u0101m p\u0113c nepiecie\u0161am\u012bbas.<\/p>\n<p>Piesardz\u012bbas pas\u0101kumi: pirms lieto\u0161anas ieteicams p\u0101rbaud\u012bt balzamu uz neliela \u0101das laukuma. Aler\u0123iskas reakcijas gad\u012bjum\u0101 p\u0101rtraukt lieto\u0161anu. Tikai \u0101r\u012bgai lieto\u0161anai. Ja nok\u013c\u016bst ac\u012bs, r\u016bp\u012bgi izskalot ar lielu daudzumu \u016bdens.<\/p>\n<p>Kontrindik\u0101cijas: individu\u0101la sast\u0101vda\u013cu nepanesam\u012bba.<\/p>\n<p>Uzglab\u0101\u0161anas noteikumi: uzglab\u0101t temperat\u016br\u0101 no +5\u202f\u00b0C l\u012bdz +25\u202f\u00b0C, relat\u012bvaj\u0101 gaisa mitrum\u0101 55\u201370%, sarg\u0101jot no tie\u0161iem saules stariem, vismaz viena metra att\u0101lum\u0101 no siltuma avotiem.<\/p>\n<p>Der\u012bguma termi\u0146\u0161: 36 m\u0113ne\u0161i.<\/p>\n","protected":false},"excerpt":{"rendered":"<p>L\u016bpu balzams Coco Dream nodro\u0161ina intens\u012bvu l\u016bpu baro\u0161anu un atjauno\u0161anu, k\u0101 ar\u012b pie\u0161\u0137ir t\u0101m sp\u012bdumu. Lieto\u0161ana: uzkl\u0101t nelielu daudzumu balzama uz l\u016bp\u0101m p\u0113c nepiecie\u0161am\u012bbas. Piesardz\u012bbas pas\u0101kumi: pirms lieto\u0161anas ieteicams p\u0101rbaud\u012bt balzamu uz neliela \u0101das laukuma. Aler\u0123iskas reakcijas gad\u012bjum\u0101 p\u0101rtraukt lieto\u0161anu. Tikai \u0101r\u012bgai lieto\u0161anai. Ja nok\u013c\u016bst ac\u012bs, r\u016bp\u012bgi izskalot ar lielu daudzumu \u016bdens. Kontrindik\u0101cijas: individu\u0101la sast\u0101vda\u013cu [&#8230;]\n","protected":false},"featured_media":97118,"template":"","meta":[],"product_cat":[1999],"product_tag":[],"class_list":{"0":"post-70308","1":"product","2":"type-product","3":"status-publish","4":"has-post-thumbnail","6":"product_brand-naturpro_ua","7":"product_cat-bez-kategorijas","9":"first","10":"instock","11":"taxable","12":"shipping-taxable","13":"product-type-simple"},"_links":{"self":[{"href":"https:\/\/e.kosmolat.eu\/lv\/wp-json\/wp\/v2\/product\/70308","targetHints":{"allow":["GET"]}}],"collection":[{"href":"https:\/\/e.kosmolat.eu\/lv\/wp-json\/wp\/v2\/product"}],"about":[{"href":"https:\/\/e.kosmolat.eu\/lv\/wp-json\/wp\/v2\/types\/product"}],"wp:featuredmedia":[{"embeddable":true,"href":"https:\/\/e.kosmolat.eu\/lv\/wp-json\/wp\/v2\/media\/97118"}],"wp:attachment":[{"href":"https:\/\/e.kosmolat.eu\/lv\/wp-json\/wp\/v2\/media?parent=70308"}],"wp:term":[{"taxonomy":"product_cat","embeddable":true,"href":"https:\/\/e.kosmolat.eu\/lv\/wp-json\/wp\/v2\/product_cat?post=70308"},{"taxonomy":"product_tag","embeddable":true,"href":"https:\/\/e.kosmolat.eu\/lv\/wp-json\/wp\/v2\/product_tag?post=70308"}],"curies":[{"name":"wp","href":"https:\/\/api.w.org\/{rel}","templated":true}]}}