{"id":70255,"date":"2025-05-28T14:06:51","date_gmt":"2025-05-28T14:06:51","guid":{"rendered":"https:\/\/e.kosmolat.eu\/product\/ec-pure-cherry-lupu-balzams-spf-15-10-ml\/"},"modified":"2026-04-10T07:32:40","modified_gmt":"2026-04-10T07:32:40","slug":"ec-pure-cherry-lupu-balzams-spf-15-10-ml","status":"publish","type":"product","link":"https:\/\/e.kosmolat.eu\/lv\/product\/ec-pure-cherry-lupu-balzams-spf-15-10-ml\/","title":{"rendered":"EC Pure Cherry L\u016bpu balzams SPF 15, 10 ml"},"content":{"rendered":"<p>Ar avokado un hohobas e\u013c\u013c\u0101m. L\u016bpu balzams Pure Cherry nodro\u0161ina intens\u012bvu baro\u0161anu, atjauno l\u016bpu \u0101du un pie\u0161\u0137ir t\u0101m greznu mirdzumu.<\/p>\n<p>Lieto\u0161ana: uzkl\u0101t nelielu daudzumu balzama uz l\u016bp\u0101m p\u0113c nepiecie\u0161am\u012bbas.<\/p>\n<p>Piesardz\u012bbas pas\u0101kumi: pirms lieto\u0161anas ieteicams p\u0101rbaud\u012bt balzamu uz neliela \u0101das laukuma. Aler\u0123iskas reakcijas gad\u012bjum\u0101 p\u0101rtraukt lieto\u0161anu. Tikai \u0101r\u012bgai lieto\u0161anai. Ja nok\u013c\u016bst ac\u012bs, r\u016bp\u012bgi izskalot ar lielu daudzumu \u016bdens.<\/p>\n<p>Kontrindik\u0101cijas: individu\u0101la sast\u0101vda\u013cu nepanesam\u012bba.<\/p>\n<p>Uzglab\u0101\u0161anas noteikumi: uzglab\u0101t temperat\u016br\u0101 no +5\u202f\u00b0C l\u012bdz +25\u202f\u00b0C, relat\u012bvaj\u0101 gaisa mitrum\u0101 55\u201370%, sarg\u0101jot no tie\u0161iem saules stariem, vismaz viena metra att\u0101lum\u0101 no siltuma avotiem.<\/p>\n<p>Der\u012bguma termi\u0146\u0161: 36 m\u0113ne\u0161i.<\/p>\n","protected":false},"excerpt":{"rendered":"<p>Ar avokado un hohobas e\u013c\u013c\u0101m. L\u016bpu balzams Pure Cherry nodro\u0161ina intens\u012bvu baro\u0161anu, atjauno l\u016bpu \u0101du un pie\u0161\u0137ir t\u0101m greznu mirdzumu. Lieto\u0161ana: uzkl\u0101t nelielu daudzumu balzama uz l\u016bp\u0101m p\u0113c nepiecie\u0161am\u012bbas. Piesardz\u012bbas pas\u0101kumi: pirms lieto\u0161anas ieteicams p\u0101rbaud\u012bt balzamu uz neliela \u0101das laukuma. Aler\u0123iskas reakcijas gad\u012bjum\u0101 p\u0101rtraukt lieto\u0161anu. Tikai \u0101r\u012bgai lieto\u0161anai. Ja nok\u013c\u016bst ac\u012bs, r\u016bp\u012bgi izskalot ar lielu [&#8230;]\n","protected":false},"featured_media":97082,"template":"","meta":[],"product_cat":[1387],"product_tag":[],"class_list":{"0":"post-70255","1":"product","2":"type-product","3":"status-publish","4":"has-post-thumbnail","6":"product_brand-naturpro_ua","7":"product_cat-1387","9":"first","10":"outofstock","11":"taxable","12":"shipping-taxable","13":"product-type-simple"},"_links":{"self":[{"href":"https:\/\/e.kosmolat.eu\/lv\/wp-json\/wp\/v2\/product\/70255","targetHints":{"allow":["GET"]}}],"collection":[{"href":"https:\/\/e.kosmolat.eu\/lv\/wp-json\/wp\/v2\/product"}],"about":[{"href":"https:\/\/e.kosmolat.eu\/lv\/wp-json\/wp\/v2\/types\/product"}],"wp:featuredmedia":[{"embeddable":true,"href":"https:\/\/e.kosmolat.eu\/lv\/wp-json\/wp\/v2\/media\/97082"}],"wp:attachment":[{"href":"https:\/\/e.kosmolat.eu\/lv\/wp-json\/wp\/v2\/media?parent=70255"}],"wp:term":[{"taxonomy":"product_cat","embeddable":true,"href":"https:\/\/e.kosmolat.eu\/lv\/wp-json\/wp\/v2\/product_cat?post=70255"},{"taxonomy":"product_tag","embeddable":true,"href":"https:\/\/e.kosmolat.eu\/lv\/wp-json\/wp\/v2\/product_tag?post=70255"}],"curies":[{"name":"wp","href":"https:\/\/api.w.org\/{rel}","templated":true}]}}