{"id":70138,"date":"2025-05-28T07:20:28","date_gmt":"2025-05-28T07:20:28","guid":{"rendered":"https:\/\/e.kosmolat.eu\/product\/shik-bernu-tual-kremziepes-ar-alvejas-ekstraktu-350-g-5x70g\/"},"modified":"2026-02-24T07:59:15","modified_gmt":"2026-02-24T07:59:15","slug":"shik-bernu-tual-kremziepes-ar-alvejas-ekstr-350-g-5-x-70-g","status":"publish","type":"product","link":"https:\/\/e.kosmolat.eu\/lv\/product\/shik-bernu-tual-kremziepes-ar-alvejas-ekstr-350-g-5-x-70-g\/","title":{"rendered":"SHIK B\u0113rnu tual. kr\u0113mziepes ar alvejas ekstr., 350 g (5 x 70 g)"},"content":{"rendered":"<p>\u2022 Ar mitrino\u0161u b\u0113rnu kr\u0113mu<br \/>\n\u2022 Maigi att\u012bra un m\u012bkstina \u0101du<br \/>\n\u2022 Alvejas ekstrakts mitrina mazu\u013ca \u0101du<br \/>\n\u2022 Nov\u0113r\u0161 dab\u012bg\u0101 mitruma zudumu<\/p>\n<p>Uzglab\u0101t saus\u0101, slegt\u0101, labi v\u0113din\u0101m\u0101 telp\u0101. Piesardz\u012bbas pas\u0101kumi: ja iek\u013c\u016bst ac\u012bs, r\u016bp\u012bgi izskalojiet ar lielu daudzumu teko\u0161a \u016bdens.<\/p>\n<p>Der\u012bguma termi\u0146\u0161: 5 gadi no izgatavo\u0161anas datuma.<\/p>\n","protected":false},"excerpt":{"rendered":"<p>\u2022 Ar mitrino\u0161u b\u0113rnu kr\u0113mu \u2022 Maigi att\u012bra un m\u012bkstina \u0101du \u2022 Alvejas ekstrakts mitrina mazu\u013ca \u0101du \u2022 Nov\u0113r\u0161 dab\u012bg\u0101 mitruma zudumu Uzglab\u0101t saus\u0101, slegt\u0101, labi v\u0113din\u0101m\u0101 telp\u0101. Piesardz\u012bbas pas\u0101kumi: ja iek\u013c\u016bst ac\u012bs, r\u016bp\u012bgi izskalojiet ar lielu daudzumu teko\u0161a \u016bdens. Der\u012bguma termi\u0146\u0161: 5 gadi no izgatavo\u0161anas datuma.<\/p>\n","protected":false},"featured_media":103152,"template":"","meta":[],"product_cat":[1999],"product_tag":[],"class_list":{"0":"post-70138","1":"product","2":"type-product","3":"status-publish","4":"has-post-thumbnail","6":"product_brand-slobozanskij-milovar_ua","7":"product_cat-bez-kategorijas","9":"first","10":"instock","11":"taxable","12":"shipping-taxable","13":"product-type-simple"},"_links":{"self":[{"href":"https:\/\/e.kosmolat.eu\/lv\/wp-json\/wp\/v2\/product\/70138","targetHints":{"allow":["GET"]}}],"collection":[{"href":"https:\/\/e.kosmolat.eu\/lv\/wp-json\/wp\/v2\/product"}],"about":[{"href":"https:\/\/e.kosmolat.eu\/lv\/wp-json\/wp\/v2\/types\/product"}],"wp:featuredmedia":[{"embeddable":true,"href":"https:\/\/e.kosmolat.eu\/lv\/wp-json\/wp\/v2\/media\/103152"}],"wp:attachment":[{"href":"https:\/\/e.kosmolat.eu\/lv\/wp-json\/wp\/v2\/media?parent=70138"}],"wp:term":[{"taxonomy":"product_cat","embeddable":true,"href":"https:\/\/e.kosmolat.eu\/lv\/wp-json\/wp\/v2\/product_cat?post=70138"},{"taxonomy":"product_tag","embeddable":true,"href":"https:\/\/e.kosmolat.eu\/lv\/wp-json\/wp\/v2\/product_tag?post=70138"}],"curies":[{"name":"wp","href":"https:\/\/api.w.org\/{rel}","templated":true}]}}