{"id":70134,"date":"2025-05-27T13:20:55","date_gmt":"2025-05-27T13:20:55","guid":{"rendered":"https:\/\/e.kosmolat.eu\/product\/shik-septitas-debesis-ziedu-rasa-kosmetiskas-ziepes-70-g\/"},"modified":"2026-04-14T07:09:10","modified_gmt":"2026-04-14T07:09:10","slug":"shik-septitas-debesis-ziedu-rasa-kosmetiskas-ziepes-70-g","status":"publish","type":"product","link":"https:\/\/e.kosmolat.eu\/lv\/product\/shik-septitas-debesis-ziedu-rasa-kosmetiskas-ziepes-70-g\/","title":{"rendered":"SHIK Sept\u012bt\u0101s debesis Ziedu rasa Kosm\u0113tisk\u0101s ziepes, 70 g"},"content":{"rendered":"<p>Uzglab\u0101t saus\u0101, slegt\u0101, labi v\u0113din\u0101m\u0101 telp\u0101. Piesardz\u012bbas pas\u0101kumi: ja iek\u013c\u016bst ac\u012bs, r\u016bp\u012bgi izskalojiet ar lielu daudzumu teko\u0161a \u016bdens.<\/p>\n<p>Der\u012bguma termi\u0146\u0161: 5 gadi no izgatavo\u0161anas datuma.<\/p>\n","protected":false},"excerpt":{"rendered":"<p>Uzglab\u0101t saus\u0101, slegt\u0101, labi v\u0113din\u0101m\u0101 telp\u0101. Piesardz\u012bbas pas\u0101kumi: ja iek\u013c\u016bst ac\u012bs, r\u016bp\u012bgi izskalojiet ar lielu daudzumu teko\u0161a \u016bdens. Der\u012bguma termi\u0146\u0161: 5 gadi no izgatavo\u0161anas datuma.<\/p>\n","protected":false},"featured_media":103144,"template":"","meta":[],"product_cat":[1751],"product_tag":[],"class_list":{"0":"post-70134","1":"product","2":"type-product","3":"status-publish","4":"has-post-thumbnail","6":"product_brand-slobozanskij-milovar_ua","7":"product_cat-kosmetinis-muilas","9":"first","10":"instock","11":"taxable","12":"shipping-taxable","13":"product-type-simple"},"_links":{"self":[{"href":"https:\/\/e.kosmolat.eu\/lv\/wp-json\/wp\/v2\/product\/70134","targetHints":{"allow":["GET"]}}],"collection":[{"href":"https:\/\/e.kosmolat.eu\/lv\/wp-json\/wp\/v2\/product"}],"about":[{"href":"https:\/\/e.kosmolat.eu\/lv\/wp-json\/wp\/v2\/types\/product"}],"wp:featuredmedia":[{"embeddable":true,"href":"https:\/\/e.kosmolat.eu\/lv\/wp-json\/wp\/v2\/media\/103144"}],"wp:attachment":[{"href":"https:\/\/e.kosmolat.eu\/lv\/wp-json\/wp\/v2\/media?parent=70134"}],"wp:term":[{"taxonomy":"product_cat","embeddable":true,"href":"https:\/\/e.kosmolat.eu\/lv\/wp-json\/wp\/v2\/product_cat?post=70134"},{"taxonomy":"product_tag","embeddable":true,"href":"https:\/\/e.kosmolat.eu\/lv\/wp-json\/wp\/v2\/product_tag?post=70134"}],"curies":[{"name":"wp","href":"https:\/\/api.w.org\/{rel}","templated":true}]}}