{"id":70122,"date":"2025-05-27T10:37:06","date_gmt":"2025-05-27T10:37:06","guid":{"rendered":"https:\/\/e.kosmolat.eu\/product\/%d0%bf%d0%bee%d0%b5%d0%b2u%d0%b5-%d1%82sa%d0%b2u-70-g\/"},"modified":"2025-11-24T16:23:41","modified_gmt":"2025-11-24T16:23:41","slug":"lode-tualetes-ziepes-plavas-zales-240-g-4-x-60-g","status":"publish","type":"product","link":"https:\/\/e.kosmolat.eu\/lv\/product\/lode-tualetes-ziepes-plavas-zales-240-g-4-x-60-g\/","title":{"rendered":"L`Ode Tualetes ziepes P\u013cavas z\u0101les, 240 g (4 x 60 g)"},"content":{"rendered":"<p>Uzglab\u0101t saus\u0101, slegt\u0101, labi v\u0113din\u0101m\u0101 telp\u0101. Piesardz\u012bbas pas\u0101kumi: ja iek\u013c\u016bst ac\u012bs, r\u016bp\u012bgi izskalojiet ar lielu daudzumu teko\u0161a \u016bdens.<\/p>\n<p>Der\u012bguma termi\u0146\u0161: 5 gadi no izgatavo\u0161anas datuma.<\/p>\n","protected":false},"excerpt":{"rendered":"<p>Uzglab\u0101t saus\u0101, slegt\u0101, labi v\u0113din\u0101m\u0101 telp\u0101. Piesardz\u012bbas pas\u0101kumi: ja iek\u013c\u016bst ac\u012bs, r\u016bp\u012bgi izskalojiet ar lielu daudzumu teko\u0161a \u016bdens. Der\u012bguma termi\u0146\u0161: 5 gadi no izgatavo\u0161anas datuma.<\/p>\n","protected":false},"featured_media":101394,"template":"","meta":[],"product_cat":[2181],"product_tag":[],"class_list":{"0":"post-70122","1":"product","2":"type-product","3":"status-publish","4":"has-post-thumbnail","6":"product_brand-slobozanskij-milovar_ua","7":"product_cat-bez-kategorijas-lt","9":"first","10":"instock","11":"taxable","12":"shipping-taxable","13":"product-type-simple"},"_links":{"self":[{"href":"https:\/\/e.kosmolat.eu\/lv\/wp-json\/wp\/v2\/product\/70122","targetHints":{"allow":["GET"]}}],"collection":[{"href":"https:\/\/e.kosmolat.eu\/lv\/wp-json\/wp\/v2\/product"}],"about":[{"href":"https:\/\/e.kosmolat.eu\/lv\/wp-json\/wp\/v2\/types\/product"}],"wp:featuredmedia":[{"embeddable":true,"href":"https:\/\/e.kosmolat.eu\/lv\/wp-json\/wp\/v2\/media\/101394"}],"wp:attachment":[{"href":"https:\/\/e.kosmolat.eu\/lv\/wp-json\/wp\/v2\/media?parent=70122"}],"wp:term":[{"taxonomy":"product_cat","embeddable":true,"href":"https:\/\/e.kosmolat.eu\/lv\/wp-json\/wp\/v2\/product_cat?post=70122"},{"taxonomy":"product_tag","embeddable":true,"href":"https:\/\/e.kosmolat.eu\/lv\/wp-json\/wp\/v2\/product_tag?post=70122"}],"curies":[{"name":"wp","href":"https:\/\/api.w.org\/{rel}","templated":true}]}}