{"id":70098,"date":"2025-05-27T09:08:52","date_gmt":"2025-05-27T09:08:52","guid":{"rendered":"https:\/\/e.kosmolat.eu\/product\/dsc-retinol-vitamin-c-atjaun-un-mitr-dienas-kr-ar-ret-un-c-vit-50-ml\/"},"modified":"2026-03-30T17:28:08","modified_gmt":"2026-03-30T17:28:08","slug":"dsc-retinol-vitamin-c-atjaun-un-mitr-dienas-kr-ar-ret-un-c-vit-50-ml","status":"publish","type":"product","link":"https:\/\/e.kosmolat.eu\/lv\/product\/dsc-retinol-vitamin-c-atjaun-un-mitr-dienas-kr-ar-ret-un-c-vit-50-ml\/","title":{"rendered":"DSC Retinol + Vitamin C Atjaun. un mitr. dienas kr.ar ret un C vit., 50 ml"},"content":{"rendered":"<p>\u0160\u012b uzlabot\u0101 pretnoveco\u0161an\u0101s formula ar retinolu, C vitam\u012bnu un N\u0101ves j\u016bras miner\u0101liem pal\u012bdz ieg\u016bt mirdzo\u0161u un vesel\u012bgu \u0101du, vienlaikus samazinot noveco\u0161an\u0101s paz\u012bmes, piem\u0113ram, smalk\u0101s un dzi\u013c\u0101s grumbi\u0146as un elast\u012bbas zudumu. Regul\u0101ri lietojot \u0161o kr\u0113mu, tas pal\u012bdz uzlabot \u0101das tvirtumu un visp\u0101r\u0113jo st\u0101vokli.<\/p>\n<p>Lieto\u0161ana: Vienm\u0113r\u012bgi uzkl\u0101jiet kr\u0113mu pl\u0101n\u0101 k\u0101rt\u0101 uz sejas un kakla. Maigi iemas\u0113jiet \u0101d\u0101. Lietojiet katru r\u012btu un dienas laik\u0101 p\u0113c nepiecie\u0161am\u012bbas. Tikai \u0101r\u012bgai lieto\u0161anai. Izvairieties no saskares ar ac\u012bm. Iev\u0113rojiet lieto\u0161anas nor\u0101d\u012bjumus. Nelietojiet uz boj\u0101tas vai kairin\u0101tas \u0101das.<\/p>\n<p>Br\u012bdin\u0101jums: satur A vitam\u012bnu. L\u016bgums pirms lieto\u0161anas p\u0101rdom\u0101t savu dienas devu.<\/p>\n","protected":false},"excerpt":{"rendered":"<p>\u0160\u012b uzlabot\u0101 pretnoveco\u0161an\u0101s formula ar retinolu, C vitam\u012bnu un N\u0101ves j\u016bras miner\u0101liem pal\u012bdz ieg\u016bt mirdzo\u0161u un vesel\u012bgu \u0101du, vienlaikus samazinot noveco\u0161an\u0101s paz\u012bmes, piem\u0113ram, smalk\u0101s un dzi\u013c\u0101s grumbi\u0146as un elast\u012bbas zudumu. Regul\u0101ri lietojot \u0161o kr\u0113mu, tas pal\u012bdz uzlabot \u0101das tvirtumu un visp\u0101r\u0113jo st\u0101vokli. Lieto\u0161ana: Vienm\u0113r\u012bgi uzkl\u0101jiet kr\u0113mu pl\u0101n\u0101 k\u0101rt\u0101 uz sejas un kakla. Maigi iemas\u0113jiet \u0101d\u0101. [&#8230;]\n","protected":false},"featured_media":99329,"template":"","meta":[],"product_cat":[1320],"product_tag":[],"class_list":{"0":"post-70098","1":"product","2":"type-product","3":"status-publish","4":"has-post-thumbnail","6":"product_brand-dead-sea_il","7":"product_cat-sejas-kremi","9":"first","10":"outofstock","11":"taxable","12":"shipping-taxable","13":"product-type-simple"},"_links":{"self":[{"href":"https:\/\/e.kosmolat.eu\/lv\/wp-json\/wp\/v2\/product\/70098","targetHints":{"allow":["GET"]}}],"collection":[{"href":"https:\/\/e.kosmolat.eu\/lv\/wp-json\/wp\/v2\/product"}],"about":[{"href":"https:\/\/e.kosmolat.eu\/lv\/wp-json\/wp\/v2\/types\/product"}],"wp:featuredmedia":[{"embeddable":true,"href":"https:\/\/e.kosmolat.eu\/lv\/wp-json\/wp\/v2\/media\/99329"}],"wp:attachment":[{"href":"https:\/\/e.kosmolat.eu\/lv\/wp-json\/wp\/v2\/media?parent=70098"}],"wp:term":[{"taxonomy":"product_cat","embeddable":true,"href":"https:\/\/e.kosmolat.eu\/lv\/wp-json\/wp\/v2\/product_cat?post=70098"},{"taxonomy":"product_tag","embeddable":true,"href":"https:\/\/e.kosmolat.eu\/lv\/wp-json\/wp\/v2\/product_tag?post=70098"}],"curies":[{"name":"wp","href":"https:\/\/api.w.org\/{rel}","templated":true}]}}