{"id":70029,"date":"2025-05-26T07:12:49","date_gmt":"2025-05-26T07:12:49","guid":{"rendered":"https:\/\/e.kosmolat.eu\/product\/elitan-maska-balz-balin-mat-platina-efekts-250-ml\/"},"modified":"2026-04-10T07:34:43","modified_gmt":"2026-04-10T07:34:43","slug":"elitan-maska-balz-balin-mat-platina-efekts-250-ml","status":"publish","type":"product","link":"https:\/\/e.kosmolat.eu\/lv\/product\/elitan-maska-balz-balin-mat-platina-efekts-250-ml\/","title":{"rendered":"ELITAN Maska-balz. balin. mat. Plat\u012bna efekts, 250 ml"},"content":{"rendered":"<p>Violets pigments. Balin\u0101tiem matiem. Pret matu dzeltenuma. Rezult\u0101ts jau p\u0113c pirm\u0101s lieto\u0161anas reizes.<\/p>\n<p>Maska-balzams dab\u012bgiem, kr\u0101sotiem un balin\u0101tiem blondiem matiem. Neitraliz\u0113 dzeltenos to\u0146us, pie\u0161\u0137ir p\u0113r\u013cu sp\u012bdumu un atjauno boj\u0101tus matus. Barojo\u0161\u0101s vielas (melle\u0146u ekstrakts un abes\u012bnijas s\u0113klu e\u013c\u013ca) mitrina, aizsarg\u0101 matus no sausuma un trausluma.<\/p>\n<p>Lieto\u0161ana: uzkl\u0101t uz mitriem matiem vis\u0101 garum\u0101 un atst\u0101t uz 5\u201310 min\u016bt\u0113m. P\u0113c tam matus r\u016bp\u012bgi izskalot. Lietot regul\u0101ri, atbilsto\u0161i v\u0113lamajam neitraliz\u0101cijas l\u012bmenim.<\/p>\n<p>Piesardz\u012bbas pas\u0101kumi: uzglab\u0101t b\u0113rniem nepieejam\u0101 viet\u0101. Ivair\u012bties no iek\u013c\u016b\u0161anas ac\u012bs un mut\u0113. Tikai \u0101r\u012bgai lieto\u0161anai.<\/p>\n<p>Uzglab\u0101\u0161anas temperat\u016bra: no +5 l\u012bdz +25\u00b0C.<\/p>\n<p>Ra\u017eo\u0161anas datums: 36 m\u0113ne\u0161i pirms der\u012bguma termi\u0146a beig\u0101m.<\/p>\n","protected":false},"excerpt":{"rendered":"<p>Violets pigments. Balin\u0101tiem matiem. Pret matu dzeltenuma. Rezult\u0101ts jau p\u0113c pirm\u0101s lieto\u0161anas reizes. Maska-balzams dab\u012bgiem, kr\u0101sotiem un balin\u0101tiem blondiem matiem. Neitraliz\u0113 dzeltenos to\u0146us, pie\u0161\u0137ir p\u0113r\u013cu sp\u012bdumu un atjauno boj\u0101tus matus. Barojo\u0161\u0101s vielas (melle\u0146u ekstrakts un abes\u012bnijas s\u0113klu e\u013c\u013ca) mitrina, aizsarg\u0101 matus no sausuma un trausluma. Lieto\u0161ana: uzkl\u0101t uz mitriem matiem vis\u0101 garum\u0101 un atst\u0101t uz [&#8230;]\n","protected":false},"featured_media":98299,"template":"","meta":[],"product_cat":[1256],"product_tag":[],"class_list":{"0":"post-70029","1":"product","2":"type-product","3":"status-publish","4":"has-post-thumbnail","6":"product_brand-kombi_ua","7":"product_cat-plauku-kaukes","9":"first","10":"outofstock","11":"taxable","12":"shipping-taxable","13":"product-type-simple"},"_links":{"self":[{"href":"https:\/\/e.kosmolat.eu\/lv\/wp-json\/wp\/v2\/product\/70029","targetHints":{"allow":["GET"]}}],"collection":[{"href":"https:\/\/e.kosmolat.eu\/lv\/wp-json\/wp\/v2\/product"}],"about":[{"href":"https:\/\/e.kosmolat.eu\/lv\/wp-json\/wp\/v2\/types\/product"}],"wp:featuredmedia":[{"embeddable":true,"href":"https:\/\/e.kosmolat.eu\/lv\/wp-json\/wp\/v2\/media\/98299"}],"wp:attachment":[{"href":"https:\/\/e.kosmolat.eu\/lv\/wp-json\/wp\/v2\/media?parent=70029"}],"wp:term":[{"taxonomy":"product_cat","embeddable":true,"href":"https:\/\/e.kosmolat.eu\/lv\/wp-json\/wp\/v2\/product_cat?post=70029"},{"taxonomy":"product_tag","embeddable":true,"href":"https:\/\/e.kosmolat.eu\/lv\/wp-json\/wp\/v2\/product_tag?post=70029"}],"curies":[{"name":"wp","href":"https:\/\/api.w.org\/{rel}","templated":true}]}}