{"id":70021,"date":"2025-05-24T04:02:40","date_gmt":"2025-05-24T04:02:40","guid":{"rendered":"https:\/\/e.kosmolat.eu\/product\/zeleja-intimai-higienai-ar-lotosa-ekstr-un-tejas-koka-ellu-body-love-250-ml\/"},"modified":"2026-04-11T18:46:39","modified_gmt":"2026-04-11T18:46:39","slug":"i_zeleja-intimai-higienai-ar-lotosa-ekstr-un-tejas-koka-ellu-body-love-250-ml","status":"publish","type":"product","link":"https:\/\/e.kosmolat.eu\/lv\/product\/i_zeleja-intimai-higienai-ar-lotosa-ekstr-un-tejas-koka-ellu-body-love-250-ml\/","title":{"rendered":"I_\u017deleja int\u012bmai higi\u0113nai ar lotosa ekstr. un t\u0113jas koka e\u013c\u013cu \u201cBody Love\u201d 250 ml"},"content":{"rendered":"<p>Mazina diskomfortu p\u0113c epil\u0101cijas un sint\u0113tisk\u0101s apak\u0161ve\u013cas. \u017delejas sast\u0101v\u0101 k\u0101 akt\u012bv\u0101s sast\u0101vda\u013cas izmantoti lotosa ekstrakts un t\u0113jas koka \u0113terisk\u0101 e\u013c\u013ca, kas mazina diskomforta saj\u016btu un nodro\u0161ina kompleksu higi\u0113nisku iedarb\u012bbu.<\/p>\n<p>Lieto\u0161ana: nelielu daudzumu int\u012bm\u0101s higi\u0113nas \u017eelejas uzkl\u0101t uz int\u012bmaj\u0101m \u0137erme\u0146a zon\u0101m, saputot un r\u016bp\u012bgi noskalot. L\u012bdzeklis piem\u0113rots ikdienas higi\u0113nas proced\u016br\u0101m. Ieteicams gan sieviet\u0113m, gan v\u012brie\u0161iem.<\/p>\n<p>Kontrindik\u0101cijas: individu\u0101la jut\u012bba pret atsevi\u0161\u0137\u0101m sast\u0101vda\u013c\u0101m.<\/p>\n<p>Uzglab\u0101t temperat\u016br\u0101 no +5 \u00b0C l\u012bdz +25 \u00b0C.<\/p>\n<p>Der\u012bguma termi\u0146s: 24 m\u0113ne\u0161i.<\/p>\n","protected":false},"excerpt":{"rendered":"<p>Mazina diskomfortu p\u0113c epil\u0101cijas un sint\u0113tisk\u0101s apak\u0161ve\u013cas. \u017delejas sast\u0101v\u0101 k\u0101 akt\u012bv\u0101s sast\u0101vda\u013cas izmantoti lotosa ekstrakts un t\u0113jas koka \u0113terisk\u0101 e\u013c\u013ca, kas mazina diskomforta saj\u016btu un nodro\u0161ina kompleksu higi\u0113nisku iedarb\u012bbu. Lieto\u0161ana: nelielu daudzumu int\u012bm\u0101s higi\u0113nas \u017eelejas uzkl\u0101t uz int\u012bmaj\u0101m \u0137erme\u0146a zon\u0101m, saputot un r\u016bp\u012bgi noskalot. L\u012bdzeklis piem\u0113rots ikdienas higi\u0113nas proced\u016br\u0101m. Ieteicams gan sieviet\u0113m, gan v\u012brie\u0161iem. Kontrindik\u0101cijas: [&#8230;]\n","protected":false},"featured_media":82978,"template":"","meta":[],"product_cat":[1372],"product_tag":[],"class_list":{"0":"post-70021","1":"product","2":"type-product","3":"status-publish","4":"has-post-thumbnail","6":"product_brand-pharma-group_ua","7":"product_cat-intima-higiena","9":"first","10":"outofstock","11":"taxable","12":"shipping-taxable","13":"product-type-simple"},"_links":{"self":[{"href":"https:\/\/e.kosmolat.eu\/lv\/wp-json\/wp\/v2\/product\/70021","targetHints":{"allow":["GET"]}}],"collection":[{"href":"https:\/\/e.kosmolat.eu\/lv\/wp-json\/wp\/v2\/product"}],"about":[{"href":"https:\/\/e.kosmolat.eu\/lv\/wp-json\/wp\/v2\/types\/product"}],"wp:featuredmedia":[{"embeddable":true,"href":"https:\/\/e.kosmolat.eu\/lv\/wp-json\/wp\/v2\/media\/82978"}],"wp:attachment":[{"href":"https:\/\/e.kosmolat.eu\/lv\/wp-json\/wp\/v2\/media?parent=70021"}],"wp:term":[{"taxonomy":"product_cat","embeddable":true,"href":"https:\/\/e.kosmolat.eu\/lv\/wp-json\/wp\/v2\/product_cat?post=70021"},{"taxonomy":"product_tag","embeddable":true,"href":"https:\/\/e.kosmolat.eu\/lv\/wp-json\/wp\/v2\/product_tag?post=70021"}],"curies":[{"name":"wp","href":"https:\/\/api.w.org\/{rel}","templated":true}]}}