{"id":69985,"date":"2025-05-23T04:03:25","date_gmt":"2025-05-23T04:03:25","guid":{"rendered":"https:\/\/e.kosmolat.eu\/product\/nc-9-zales-zeleja-balz-pret-plaisam-varzacim-un-tulznam-40-g\/"},"modified":"2026-04-22T13:13:37","modified_gmt":"2026-04-22T13:13:37","slug":"nc-9-zales-zeleja-balz-pret-plaisam-varzacim-un-tulznam-40-g","status":"publish","type":"product","link":"https:\/\/e.kosmolat.eu\/lv\/product\/nc-9-zales-zeleja-balz-pret-plaisam-varzacim-un-tulznam-40-g\/","title":{"rendered":"NC 9 Z\u0101les \u017eeleja-balz. pret plais\u0101m, var\u017eac\u012bm un tulzn\u0101m, 40 g"},"content":{"rendered":"<p>Efekt\u012bvs l\u012bdzeklis pret tulzn\u0101m un var\u017eac\u012bm, kas izgatavots no dab\u012bg\u0101m sast\u0101vda\u013c\u0101m, pal\u012bdz m\u012bkstin\u0101t sabiez\u0113ju\u0161\u0101s \u0101das zonas, nov\u0113rst mikroplaisu veido\u0161anos, k\u0101 ar\u012b normaliz\u0113t epidermas elast\u012bbu un tvirtumu. Pal\u012bdz atbr\u012bvoties no diskomforta staig\u0101\u0161anas laik\u0101. \u017deleja-balzams ir \u012bpa\u0161i izstr\u0101d\u0101ts sausas, raupjas p\u0113du \u0101das kop\u0161anai, kas pak\u013cauta sausu tulznu un var\u017eacu veido\u0161anai. Regul\u0101ri lietojot, \u017eeleja-balzams mazina k\u0101ju piet\u016bkumu un nogurumu, padarot p\u0113du un pap\u0113\u017eu \u0101du maigu un samtainu.<\/p>\n<p>Akt\u012bv\u0101s sast\u0101vda\u013cas: piensk\u0101be, Sophora aug\u013cu ekstrakts, kli\u0146\u0123er\u012b\u0161u ziedu, asinsz\u0101les, kumel\u012btes, strutenes, pienenes lapu un stubl\u0101ju ekstrakti, salicilsk\u0101be, glicer\u012bns, rozmar\u012bna, eikalipta un lavandas \u0113terisk\u0101s e\u013c\u013cas, A vitam\u012bns, E vitam\u012bns.<\/p>\n<p>Satur A vitam\u012bnu. L\u016bgums pirms lieto\u0161anas p\u0101rdom\u0101t savu dienas devu.<\/p>\n<p>Lieto\u0161ana: p\u0113c karst\u0101s p\u0113du vanni\u0146as r\u016bp\u012bgi nosusin\u0101t problem\u0101tisk\u0101s \u0101das zonas. Uzkl\u0101t lok\u0101li uz problem\u0101tiskaj\u0101m viet\u0101m 2\u20133 reizes dien\u0101.<\/p>\n<p>Piesardz\u012bbas pas\u0101kumi: tikai \u0101r\u012bgai lieto\u0161anai. Nelietot, ja ir paaugstin\u0101ta jut\u012bba pret atsevi\u0161\u0137\u0101m sast\u0101vda\u013c\u0101m. Nav \u0101rstniecisks l\u012bdzeklis.<\/p>\n<p>Uzglab\u0101t temperat\u016br\u0101 no +5 \u00b0\u0421 l\u012bdz +25 \u00b0\u0421 un relat\u012bvaj\u0101 gaisa mitrum\u0101 ne vair\u0101k k\u0101 75%, sarg\u0101jot no tie\u0161iem saules stariem. Uzglab\u0101t b\u0113rniem nepieejam\u0101 viet\u0101.<\/p>\n<p>Der\u012bguma termi\u0146\u0161: 36 m\u0113ne\u0161i.<\/p>\n","protected":false},"excerpt":{"rendered":"<p>Efekt\u012bvs l\u012bdzeklis pret tulzn\u0101m un var\u017eac\u012bm, kas izgatavots no dab\u012bg\u0101m sast\u0101vda\u013c\u0101m, pal\u012bdz m\u012bkstin\u0101t sabiez\u0113ju\u0161\u0101s \u0101das zonas, nov\u0113rst mikroplaisu veido\u0161anos, k\u0101 ar\u012b normaliz\u0113t epidermas elast\u012bbu un tvirtumu. Pal\u012bdz atbr\u012bvoties no diskomforta staig\u0101\u0161anas laik\u0101. \u017deleja-balzams ir \u012bpa\u0161i izstr\u0101d\u0101ts sausas, raupjas p\u0113du \u0101das kop\u0161anai, kas pak\u013cauta sausu tulznu un var\u017eacu veido\u0161anai. Regul\u0101ri lietojot, \u017eeleja-balzams mazina k\u0101ju piet\u016bkumu un [&#8230;]\n","protected":false},"featured_media":99956,"template":"","meta":[],"product_cat":[1999],"product_tag":[],"class_list":{"0":"post-69985","1":"product","2":"type-product","3":"status-publish","4":"has-post-thumbnail","6":"product_brand-healer-cosmetics_ua","7":"product_cat-bez-kategorijas","9":"first","10":"instock","11":"taxable","12":"shipping-taxable","13":"product-type-simple"},"_links":{"self":[{"href":"https:\/\/e.kosmolat.eu\/lv\/wp-json\/wp\/v2\/product\/69985","targetHints":{"allow":["GET"]}}],"collection":[{"href":"https:\/\/e.kosmolat.eu\/lv\/wp-json\/wp\/v2\/product"}],"about":[{"href":"https:\/\/e.kosmolat.eu\/lv\/wp-json\/wp\/v2\/types\/product"}],"wp:featuredmedia":[{"embeddable":true,"href":"https:\/\/e.kosmolat.eu\/lv\/wp-json\/wp\/v2\/media\/99956"}],"wp:attachment":[{"href":"https:\/\/e.kosmolat.eu\/lv\/wp-json\/wp\/v2\/media?parent=69985"}],"wp:term":[{"taxonomy":"product_cat","embeddable":true,"href":"https:\/\/e.kosmolat.eu\/lv\/wp-json\/wp\/v2\/product_cat?post=69985"},{"taxonomy":"product_tag","embeddable":true,"href":"https:\/\/e.kosmolat.eu\/lv\/wp-json\/wp\/v2\/product_tag?post=69985"}],"curies":[{"name":"wp","href":"https:\/\/api.w.org\/{rel}","templated":true}]}}