{"id":69944,"date":"2025-05-22T11:48:36","date_gmt":"2025-05-22T11:48:36","guid":{"rendered":"https:\/\/e.kosmolat.eu\/product\/tualetes-udens-le-grand-bleu-serija-la-vie-viriesiem-100-ml\/"},"modified":"2025-07-21T05:23:49","modified_gmt":"2025-07-21T05:23:49","slug":"tualetes-udens-le-grand-bleu-serija-la-vie-viriesiem-100-ml","status":"publish","type":"product","link":"https:\/\/e.kosmolat.eu\/lv\/product\/tualetes-udens-le-grand-bleu-serija-la-vie-viriesiem-100-ml\/","title":{"rendered":"Tualetes \u016bdens &#8220;Le Grand Bleu&#8221; s\u0113rija &#8220;La Vie&#8221;, v\u012brie\u0161iem, 100 ml"},"content":{"rendered":"<p>UZGLAB\u0100\u0160ANAS NOSAC\u012aJUMI: parfim\u0113rijas izstr\u0101d\u0101jumus nedr\u012bkst glab\u0101t tie\u0161as saules gaismas iedarb\u012bb\u0101 un sildo\u0161u iek\u0101rtu tuvum\u0101. Neizsmidzin\u0101t atkl\u0101tas liesmas tuvum\u0101. \u0100r\u0113jai lieto\u0161anai.<br \/>\nUgunsnedro\u0161s! Izvair\u012bties no nok\u013c\u016b\u0161anas ac\u012bs.<\/p>\n<p>Uzglab\u0101t temperat\u016br\u0101 no +5\u00b0C l\u012bdz +25\u00b0C.<\/p>\n","protected":false},"excerpt":{"rendered":"<p>UZGLAB\u0100\u0160ANAS NOSAC\u012aJUMI: parfim\u0113rijas izstr\u0101d\u0101jumus nedr\u012bkst glab\u0101t tie\u0161as saules gaismas iedarb\u012bb\u0101 un sildo\u0161u iek\u0101rtu tuvum\u0101. Neizsmidzin\u0101t atkl\u0101tas liesmas tuvum\u0101. \u0100r\u0113jai lieto\u0161anai. Ugunsnedro\u0161s! Izvair\u012bties no nok\u013c\u016b\u0161anas ac\u012bs. Uzglab\u0101t temperat\u016br\u0101 no +5\u00b0C l\u012bdz +25\u00b0C.<\/p>\n","protected":false},"featured_media":70403,"template":"","meta":[],"product_cat":[1436],"product_tag":[],"class_list":{"0":"post-69944","1":"product","2":"type-product","3":"status-publish","4":"has-post-thumbnail","6":"product_brand-dilis-kosmetik_by","7":"product_cat-viriesu-smarzas-un-tualetes-udeni","9":"first","10":"outofstock","11":"taxable","12":"shipping-taxable","13":"product-type-simple"},"_links":{"self":[{"href":"https:\/\/e.kosmolat.eu\/lv\/wp-json\/wp\/v2\/product\/69944","targetHints":{"allow":["GET"]}}],"collection":[{"href":"https:\/\/e.kosmolat.eu\/lv\/wp-json\/wp\/v2\/product"}],"about":[{"href":"https:\/\/e.kosmolat.eu\/lv\/wp-json\/wp\/v2\/types\/product"}],"wp:featuredmedia":[{"embeddable":true,"href":"https:\/\/e.kosmolat.eu\/lv\/wp-json\/wp\/v2\/media\/70403"}],"wp:attachment":[{"href":"https:\/\/e.kosmolat.eu\/lv\/wp-json\/wp\/v2\/media?parent=69944"}],"wp:term":[{"taxonomy":"product_cat","embeddable":true,"href":"https:\/\/e.kosmolat.eu\/lv\/wp-json\/wp\/v2\/product_cat?post=69944"},{"taxonomy":"product_tag","embeddable":true,"href":"https:\/\/e.kosmolat.eu\/lv\/wp-json\/wp\/v2\/product_tag?post=69944"}],"curies":[{"name":"wp","href":"https:\/\/api.w.org\/{rel}","templated":true}]}}