{"id":69936,"date":"2025-05-22T04:00:38","date_gmt":"2025-05-22T04:00:38","guid":{"rendered":"https:\/\/e.kosmolat.eu\/product\/aromatizetajs-eikalipts-100-ml\/"},"modified":"2025-05-27T04:54:59","modified_gmt":"2025-05-27T04:54:59","slug":"aromatizetajs-eikalipts-100-ml","status":"publish","type":"product","link":"https:\/\/e.kosmolat.eu\/lv\/product\/aromatizetajs-eikalipts-100-ml\/","title":{"rendered":"Aromatiz\u0113t\u0101js &#8220;Eikalipts&#8221;, 100 ml"},"content":{"rendered":"<p>APRAKSTS: lieto\u0161anai vann\u0101, tvaika pirt\u012b vai saun\u0101. Uzlabo visp\u0101r\u0113jo pa\u0161saj\u016btu, veicina relaks\u0101ciju, mazina stresu, uzlabo garast\u0101vokli un pozit\u012bvi ietekm\u0113 uz \u0137erme\u0146a visp\u0101r\u0113jo st\u0101vokli.<\/p>\n<div>Eikalipta \u0113terisk\u0101 e\u013c\u013ca toniz\u0113 \u0137ermeni, kas ir \u012bpa\u0161i svar\u012bgi aukst\u0101 laik\u0101, kad im\u016bnsist\u0113ma ir nov\u0101jin\u0101ta. Mazina nogurumu, it \u012bpa\u0161i p\u0113c sporta vai p\u0113c lielas fiziskas slodzes.\n<\/div>\n<div>SAST\u0100VS: Aqua, Eucalyptus Globulus lapu e\u013c\u013ca, Steareth-21, fenoksietanols, Steareth-6, Ethylparaben, CI15985, CI19140, CI 42090.\n<\/div>\n<div>PIEM\u0112RO\u0160ANAS VEIDS: at\u0161\u0137aid\u012bt 5-10 ml arom\u0101ta uz 1 litr\u0101 \u016bdens (atkar\u012bb\u0101 no tvaika istabas lieluma) \u2013 ar \u0161\u0137idrumu var laist\u012bt telpas sienas un plauktus, \u0161\u0137idrum\u0101 var m\u0113rc\u0113t slotas un likt akme\u0146us.<\/div>\n","protected":false},"excerpt":{"rendered":"<p>APRAKSTS: lieto\u0161anai vann\u0101, tvaika pirt\u012b vai saun\u0101. Uzlabo visp\u0101r\u0113jo pa\u0161saj\u016btu, veicina relaks\u0101ciju, mazina stresu, uzlabo garast\u0101vokli un pozit\u012bvi ietekm\u0113 uz \u0137erme\u0146a visp\u0101r\u0113jo st\u0101vokli. Eikalipta \u0113terisk\u0101 e\u013c\u013ca toniz\u0113 \u0137ermeni, kas ir \u012bpa\u0161i svar\u012bgi aukst\u0101 laik\u0101, kad im\u016bnsist\u0113ma ir nov\u0101jin\u0101ta. Mazina nogurumu, it \u012bpa\u0161i p\u0113c sporta vai p\u0113c lielas fiziskas slodzes. SAST\u0100VS: Aqua, Eucalyptus Globulus lapu e\u013c\u013ca, [&#8230;]\n","protected":false},"featured_media":69940,"template":"","meta":[],"product_cat":[1613],"product_tag":[],"class_list":{"0":"post-69936","1":"product","2":"type-product","3":"status-publish","4":"has-post-thumbnail","6":"product_brand-malina-akcija","7":"product_cat-lidzekli-pirtij","9":"first","10":"outofstock","11":"taxable","12":"shipping-taxable","13":"product-type-simple"},"_links":{"self":[{"href":"https:\/\/e.kosmolat.eu\/lv\/wp-json\/wp\/v2\/product\/69936","targetHints":{"allow":["GET"]}}],"collection":[{"href":"https:\/\/e.kosmolat.eu\/lv\/wp-json\/wp\/v2\/product"}],"about":[{"href":"https:\/\/e.kosmolat.eu\/lv\/wp-json\/wp\/v2\/types\/product"}],"wp:featuredmedia":[{"embeddable":true,"href":"https:\/\/e.kosmolat.eu\/lv\/wp-json\/wp\/v2\/media\/69940"}],"wp:attachment":[{"href":"https:\/\/e.kosmolat.eu\/lv\/wp-json\/wp\/v2\/media?parent=69936"}],"wp:term":[{"taxonomy":"product_cat","embeddable":true,"href":"https:\/\/e.kosmolat.eu\/lv\/wp-json\/wp\/v2\/product_cat?post=69936"},{"taxonomy":"product_tag","embeddable":true,"href":"https:\/\/e.kosmolat.eu\/lv\/wp-json\/wp\/v2\/product_tag?post=69936"}],"curies":[{"name":"wp","href":"https:\/\/api.w.org\/{rel}","templated":true}]}}