{"id":69529,"date":"2025-05-15T04:02:26","date_gmt":"2025-05-15T04:02:26","guid":{"rendered":"https:\/\/e.kosmolat.eu\/product\/princessa-skidras-ziepes-persiku-bums-490-ml\/"},"modified":"2025-09-19T19:46:16","modified_gmt":"2025-09-19T19:46:16","slug":"princessa-skidras-ziepes-persiku-bums-490-ml","status":"publish","type":"product","link":"https:\/\/e.kosmolat.eu\/lv\/product\/princessa-skidras-ziepes-persiku-bums-490-ml\/","title":{"rendered":"PRINCESSA \u0160\u0137idr\u0101s ziepes Persiku Bums, 490 ml"},"content":{"rendered":"<\/p>\n<p>\u012asta d\u0101ma katru dienu r\u016bp\u0113jas par t\u012br\u012bbu un higi\u0113nu. Tas pal\u012bdz\u0113s \u0161\u0137idr\u0101s ziepes ar \u0113rtu dozatoru stabil\u0101 pudel\u0113! Smalks persiku arom\u0101ts atkal un atkal paaugstina princeses garu, maigais ziepju sast\u0101vs nodro\u0161ina t\u012br\u012bbu un r\u016bpes par vi\u0146as mazaj\u0101m rok\u0101m.<\/p>\n<p>\u00a0\u00a0\u00a0 B5 vitam\u012bns &#8211; akt\u012bvi mitrina, nodro\u0161ina \u0101das atjauno\u0161anu un aizsardz\u012bbu,<br \/>\u00a0\u00a0\u00a0 persiku ekstrakts &#8211; maigi kopj \u0101du, atbr\u012bvo to no kairin\u0101juma un sausuma<\/p>\n<p>Ziepes padara \u0101du maigu un samtainu, intens\u012bvi mitrina un uztur mitruma l\u012bdzsvaru visas dienas garum\u0101. Tas nesatur sint\u0113tisk\u0101s e\u013c\u013cas un silikonus, agres\u012bvo SLS komponentu.<\/p>\n","protected":false},"excerpt":{"rendered":"<p>\u012asta d\u0101ma katru dienu r\u016bp\u0113jas par t\u012br\u012bbu un higi\u0113nu. Tas pal\u012bdz\u0113s \u0161\u0137idr\u0101s ziepes ar \u0113rtu dozatoru stabil\u0101 pudel\u0113! Smalks persiku arom\u0101ts atkal un atkal paaugstina princeses garu, maigais ziepju sast\u0101vs nodro\u0161ina t\u012br\u012bbu un r\u016bpes par vi\u0146as mazaj\u0101m rok\u0101m. \u00a0\u00a0\u00a0 B5 vitam\u012bns &#8211; akt\u012bvi mitrina, nodro\u0161ina \u0101das atjauno\u0161anu un aizsardz\u012bbu,\u00a0\u00a0\u00a0 persiku ekstrakts &#8211; maigi kopj \u0101du, [&#8230;]\n","protected":false},"featured_media":83170,"template":"","meta":[],"product_cat":[1797],"product_tag":[],"class_list":{"0":"post-69529","1":"product","2":"type-product","3":"status-publish","4":"has-post-thumbnail","6":"product_brand-vecie-kodi","7":"product_cat-dusas-zelejas-ziepes-putas","9":"first","10":"outofstock","11":"taxable","12":"shipping-taxable","13":"product-type-simple"},"_links":{"self":[{"href":"https:\/\/e.kosmolat.eu\/lv\/wp-json\/wp\/v2\/product\/69529","targetHints":{"allow":["GET"]}}],"collection":[{"href":"https:\/\/e.kosmolat.eu\/lv\/wp-json\/wp\/v2\/product"}],"about":[{"href":"https:\/\/e.kosmolat.eu\/lv\/wp-json\/wp\/v2\/types\/product"}],"wp:featuredmedia":[{"embeddable":true,"href":"https:\/\/e.kosmolat.eu\/lv\/wp-json\/wp\/v2\/media\/83170"}],"wp:attachment":[{"href":"https:\/\/e.kosmolat.eu\/lv\/wp-json\/wp\/v2\/media?parent=69529"}],"wp:term":[{"taxonomy":"product_cat","embeddable":true,"href":"https:\/\/e.kosmolat.eu\/lv\/wp-json\/wp\/v2\/product_cat?post=69529"},{"taxonomy":"product_tag","embeddable":true,"href":"https:\/\/e.kosmolat.eu\/lv\/wp-json\/wp\/v2\/product_tag?post=69529"}],"curies":[{"name":"wp","href":"https:\/\/api.w.org\/{rel}","templated":true}]}}