{"id":69420,"date":"2025-05-14T04:00:41","date_gmt":"2025-05-14T04:00:41","guid":{"rendered":"https:\/\/e.kosmolat.eu\/product\/dr-s-cucumber-maska-skrubis-sejai-75-ml\/"},"modified":"2026-04-15T15:31:17","modified_gmt":"2026-04-15T15:31:17","slug":"dr-s-cucumber-maska-skrubis-sejai-75-ml","status":"publish","type":"product","link":"https:\/\/e.kosmolat.eu\/lv\/product\/dr-s-cucumber-maska-skrubis-sejai-75-ml\/","title":{"rendered":"&#8220;Dr.S.Cucumber&#8221; Maska-skrubis sejai, 75 ml"},"content":{"rendered":"<ul>\n<li><span style=\"line-height: 1.42857;\">Mat\u0113jo\u0161s efekts<\/span><\/li>\n<li>Norm\u0101lai \u0101dai un \u0101dai ar noslieci uz taukainumu<\/li>\n<li>Izl\u012bdzina toni un \u0101das reljefu<\/li>\n<li>Att\u012bra poras<\/li>\n<li>0% miner\u0101le\u013c\u013cu, parab\u0113nu<\/li>\n<\/ul>\n<p>Maska-skrubis likvid\u0113 apragoju\u0161\u0101s da\u013ci\u0146as kop\u0101 ar liekiem taukiem, nov\u0113r\u0161ot poru aizsprosto\u0161anos. Padara \u0101du gludu, izl\u012bdzinot t\u0101s toni.<\/p>\n<h4>Lieto\u0161ana:<\/h4>\n<p>uzkl\u0101t uz mitr\u0101s \u0101das. Pamas\u0113t, nomazg\u0101t ar \u016bdeni. Var izmantot 3-4 reizes ned\u0113\u013c\u0101.<\/p>\n","protected":false},"excerpt":{"rendered":"<p>Mat\u0113jo\u0161s efekts Norm\u0101lai \u0101dai un \u0101dai ar noslieci uz taukainumu Izl\u012bdzina toni un \u0101das reljefu Att\u012bra poras 0% miner\u0101le\u013c\u013cu, parab\u0113nu Maska-skrubis likvid\u0113 apragoju\u0161\u0101s da\u013ci\u0146as kop\u0101 ar liekiem taukiem, nov\u0113r\u0161ot poru aizsprosto\u0161anos. Padara \u0101du gludu, izl\u012bdzinot t\u0101s toni. Lieto\u0161ana: uzkl\u0101t uz mitr\u0101s \u0101das. Pamas\u0113t, nomazg\u0101t ar \u016bdeni. Var izmantot 3-4 reizes ned\u0113\u013c\u0101.<\/p>\n","protected":false},"featured_media":78970,"template":"","meta":[],"product_cat":[1396],"product_tag":[],"class_list":{"0":"post-69420","1":"product","2":"type-product","3":"status-publish","4":"has-post-thumbnail","6":"product_brand-elfa_ua","7":"product_cat-veido-sveitikliai-ir-pilingai","9":"first","10":"instock","11":"taxable","12":"shipping-taxable","13":"product-type-simple"},"_links":{"self":[{"href":"https:\/\/e.kosmolat.eu\/lv\/wp-json\/wp\/v2\/product\/69420","targetHints":{"allow":["GET"]}}],"collection":[{"href":"https:\/\/e.kosmolat.eu\/lv\/wp-json\/wp\/v2\/product"}],"about":[{"href":"https:\/\/e.kosmolat.eu\/lv\/wp-json\/wp\/v2\/types\/product"}],"wp:featuredmedia":[{"embeddable":true,"href":"https:\/\/e.kosmolat.eu\/lv\/wp-json\/wp\/v2\/media\/78970"}],"wp:attachment":[{"href":"https:\/\/e.kosmolat.eu\/lv\/wp-json\/wp\/v2\/media?parent=69420"}],"wp:term":[{"taxonomy":"product_cat","embeddable":true,"href":"https:\/\/e.kosmolat.eu\/lv\/wp-json\/wp\/v2\/product_cat?post=69420"},{"taxonomy":"product_tag","embeddable":true,"href":"https:\/\/e.kosmolat.eu\/lv\/wp-json\/wp\/v2\/product_tag?post=69420"}],"curies":[{"name":"wp","href":"https:\/\/api.w.org\/{rel}","templated":true}]}}