{"id":69066,"date":"2025-05-10T04:02:29","date_gmt":"2025-05-10T04:02:29","guid":{"rendered":"https:\/\/e.kosmolat.eu\/product\/balsam-zvezda-deguna-inhalators-zimulis-1-3-g\/"},"modified":"2026-03-30T17:11:02","modified_gmt":"2026-03-30T17:11:02","slug":"balsam-zvezda-deguna-inhalators-zimulis-1-3-g","status":"publish","type":"product","link":"https:\/\/e.kosmolat.eu\/lv\/product\/balsam-zvezda-deguna-inhalators-zimulis-1-3-g\/","title":{"rendered":"Balsam Zvezda Deguna inhalators-z\u012bmulis, 1.3 g"},"content":{"rendered":"<p>Nav \u0101rstniecisks l\u012bdzeklis.<\/p>\n<p>Deguna inhalators \u201cBALSAM ZVEZDA\u201d tiek lietots saaukst\u0113\u0161an\u0101s, galvass\u0101pju, noguruma, deguna aizsprostojuma, reibo\u0146a, ap\u0101tijas, miegain\u012bbas, izklaid\u012bbas un nervu spriedzes gad\u012bjumos.<\/p>\n<p>Lieto\u0161ana: No\u0146emiet v\u0101ci\u0146u, aizspiediet vienu n\u0101si, pielieciet inhalatoru pie otras n\u0101ss un ieelpojiet 1-3 reizes. Atk\u0101rtojiet to pa\u0161u ar otru n\u0101si. Aizveriet v\u0101ci\u0146u. Ieelpo\u0161anas ilgums \u2014 10\u201330 sekundes. Lietot l\u012bdz 10\u201315 reiz\u0113m dien\u0101 p\u0113c nepiecie\u0161am\u012bbas. Lieto\u0161anas ilgumu nosaka individu\u0101li.<\/p>\n<p>Piesardz\u012bbas pas\u0101kumi: Tikai \u0101r\u012bgai lieto\u0161anai. <\/p>\n<p>Kontrindik\u0101cijas: Nelietot gad\u012bjumos, ja ir bronhi\u0101l\u0101 astma vai paaugstin\u0101ta jut\u012bba pret k\u0101du no sast\u0101vda\u013c\u0101m. Nelietot gr\u016btniec\u012bbas un z\u012bd\u012b\u0161anas laik\u0101.<\/p>\n<p>Uzglab\u0101\u0161anas noteikumi: Uzglab\u0101t ori\u0123in\u0101laj\u0101 iepakojum\u0101 saus\u0101 viet\u0101, temperat\u016br\u0101 no +5 l\u012bdz +25\u202f\u00b0C, relat\u012bvaj\u0101 gaisa mitrum\u0101 ne augst\u0101k\u0101 par 75%, sarg\u0101jot no tie\u0161iem saules stariem, karstuma un atkl\u0101tas liesmas.<\/p>\n<p>Der\u012bguma termi\u0146\u0161: 36 m\u0113ne\u0161i no izgatavo\u0161anas datuma.<\/p>\n","protected":false},"excerpt":{"rendered":"<p>Nav \u0101rstniecisks l\u012bdzeklis. Deguna inhalators \u201cBALSAM ZVEZDA\u201d tiek lietots saaukst\u0113\u0161an\u0101s, galvass\u0101pju, noguruma, deguna aizsprostojuma, reibo\u0146a, ap\u0101tijas, miegain\u012bbas, izklaid\u012bbas un nervu spriedzes gad\u012bjumos. Lieto\u0161ana: No\u0146emiet v\u0101ci\u0146u, aizspiediet vienu n\u0101si, pielieciet inhalatoru pie otras n\u0101ss un ieelpojiet 1-3 reizes. Atk\u0101rtojiet to pa\u0161u ar otru n\u0101si. Aizveriet v\u0101ci\u0146u. Ieelpo\u0161anas ilgums \u2014 10\u201330 sekundes. Lietot l\u012bdz 10\u201315 reiz\u0113m dien\u0101 [&#8230;]\n","protected":false},"featured_media":94014,"template":"","meta":[],"product_cat":[1599],"product_tag":[],"class_list":{"0":"post-69066","1":"product","2":"type-product","3":"status-publish","4":"has-post-thumbnail","6":"product_brand-green-pharm-cosmetic_ua","7":"product_cat-aliejai-ir-kitos-specifines-priemones","9":"first","10":"instock","11":"taxable","12":"shipping-taxable","13":"product-type-simple"},"_links":{"self":[{"href":"https:\/\/e.kosmolat.eu\/lv\/wp-json\/wp\/v2\/product\/69066","targetHints":{"allow":["GET"]}}],"collection":[{"href":"https:\/\/e.kosmolat.eu\/lv\/wp-json\/wp\/v2\/product"}],"about":[{"href":"https:\/\/e.kosmolat.eu\/lv\/wp-json\/wp\/v2\/types\/product"}],"wp:featuredmedia":[{"embeddable":true,"href":"https:\/\/e.kosmolat.eu\/lv\/wp-json\/wp\/v2\/media\/94014"}],"wp:attachment":[{"href":"https:\/\/e.kosmolat.eu\/lv\/wp-json\/wp\/v2\/media?parent=69066"}],"wp:term":[{"taxonomy":"product_cat","embeddable":true,"href":"https:\/\/e.kosmolat.eu\/lv\/wp-json\/wp\/v2\/product_cat?post=69066"},{"taxonomy":"product_tag","embeddable":true,"href":"https:\/\/e.kosmolat.eu\/lv\/wp-json\/wp\/v2\/product_tag?post=69066"}],"curies":[{"name":"wp","href":"https:\/\/api.w.org\/{rel}","templated":true}]}}