{"id":68950,"date":"2025-05-09T04:12:24","date_gmt":"2025-05-09T04:12:24","guid":{"rendered":"https:\/\/e.kosmolat.eu\/product\/balsam-zvezda-balzams-10-g\/"},"modified":"2026-04-24T06:12:57","modified_gmt":"2026-04-24T06:12:57","slug":"balsam-zvezda-balzams-10-g","status":"publish","type":"product","link":"https:\/\/e.kosmolat.eu\/lv\/product\/balsam-zvezda-balzams-10-g\/","title":{"rendered":"Balsam Zvezda Balzams, 10 g"},"content":{"rendered":"<p>Profilaktisks balzams tiek lietots galvass\u0101pju, saaukst\u0113\u0161an\u0101s, musku\u013cu sasprindzin\u0101juma un kukai\u0146u kodumu gad\u012bjumos.<\/p>\n<p>Lieto\u0161ana:<br \/>\nUzkl\u0101jiet nelielu daudzumu balzama uz \u0101das un maigi iemas\u0113jiet:<br \/>\n\u2022 galvass\u0101pju gad\u012bjum\u0101 \u2014 deni\u0146u un pakau\u0161a zon\u0101s;<br \/>\n\u2022 iesnu gad\u012bjum\u0101 \u2014 zem n\u0101s\u012bm;<br \/>\n\u2022 saaukst\u0113\u0161an\u0101s simptomu gad\u012bjum\u0101\u2014 kr\u016b\u0161u un muguras zon\u0101;<br \/>\n\u2022 p\u0113c kukai\u0146u kodumiem \u2014 koduma viet\u0101.<\/p>\n<p>Piesardz\u012bbas pas\u0101kumi: Neuzkl\u0101t uz atv\u0113rt\u0101m br\u016bc\u0113m un g\u013cot\u0101d\u0101m. Izvair\u012bties no nok\u013c\u016b\u0161anas ac\u012bs. Lietot piesardz\u012bgi gr\u016btniec\u012bbas un z\u012bd\u012b\u0161anas laik\u0101. Nelietot, ja ir paaugstin\u0101ta jut\u012bba pret atsevi\u0161\u0137\u0101m sast\u0101vda\u013c\u0101m. Nav \u0101rstniecisks l\u012bdzeklis.<\/p>\n<p>Uzglab\u0101\u0161anas temperat\u016bra: no +5 l\u012bdz +25\u202f\u00b0C.<\/p>\n","protected":false},"excerpt":{"rendered":"<p>Profilaktisks balzams tiek lietots galvass\u0101pju, saaukst\u0113\u0161an\u0101s, musku\u013cu sasprindzin\u0101juma un kukai\u0146u kodumu gad\u012bjumos. Lieto\u0161ana: Uzkl\u0101jiet nelielu daudzumu balzama uz \u0101das un maigi iemas\u0113jiet: \u2022 galvass\u0101pju gad\u012bjum\u0101 \u2014 deni\u0146u un pakau\u0161a zon\u0101s; \u2022 iesnu gad\u012bjum\u0101 \u2014 zem n\u0101s\u012bm; \u2022 saaukst\u0113\u0161an\u0101s simptomu gad\u012bjum\u0101\u2014 kr\u016b\u0161u un muguras zon\u0101; \u2022 p\u0113c kukai\u0146u kodumiem \u2014 koduma viet\u0101. Piesardz\u012bbas pas\u0101kumi: Neuzkl\u0101t uz [&#8230;]\n","protected":false},"featured_media":101001,"template":"","meta":[],"product_cat":[1388],"product_tag":[],"class_list":{"0":"post-68950","1":"product","2":"type-product","3":"status-publish","4":"has-post-thumbnail","6":"product_brand-green-pharm-cosmetic_ua","7":"product_cat-kermena-kremi-pienini-sviesti","9":"first","10":"instock","11":"taxable","12":"shipping-taxable","13":"product-type-simple"},"_links":{"self":[{"href":"https:\/\/e.kosmolat.eu\/lv\/wp-json\/wp\/v2\/product\/68950","targetHints":{"allow":["GET"]}}],"collection":[{"href":"https:\/\/e.kosmolat.eu\/lv\/wp-json\/wp\/v2\/product"}],"about":[{"href":"https:\/\/e.kosmolat.eu\/lv\/wp-json\/wp\/v2\/types\/product"}],"wp:featuredmedia":[{"embeddable":true,"href":"https:\/\/e.kosmolat.eu\/lv\/wp-json\/wp\/v2\/media\/101001"}],"wp:attachment":[{"href":"https:\/\/e.kosmolat.eu\/lv\/wp-json\/wp\/v2\/media?parent=68950"}],"wp:term":[{"taxonomy":"product_cat","embeddable":true,"href":"https:\/\/e.kosmolat.eu\/lv\/wp-json\/wp\/v2\/product_cat?post=68950"},{"taxonomy":"product_tag","embeddable":true,"href":"https:\/\/e.kosmolat.eu\/lv\/wp-json\/wp\/v2\/product_tag?post=68950"}],"curies":[{"name":"wp","href":"https:\/\/api.w.org\/{rel}","templated":true}]}}