{"id":68214,"date":"2025-05-01T16:09:33","date_gmt":"2025-05-01T16:09:33","guid":{"rendered":"https:\/\/e.kosmolat.eu\/product\/dr-sante-stiprinosa-melna-ricinella-matiem-100-ml\/"},"modified":"2025-09-20T06:44:21","modified_gmt":"2025-09-20T06:44:21","slug":"dr-sante-stiprinosa-melna-ricinella-matiem-100-ml","status":"publish","type":"product","link":"https:\/\/e.kosmolat.eu\/lv\/product\/dr-sante-stiprinosa-melna-ricinella-matiem-100-ml\/","title":{"rendered":"Dr. Sante Stiprino\u0161\u0101 meln\u0101 r\u012bcine\u013cla matiem, 100 ml"},"content":{"rendered":"<p>Black Castor Oil s\u0113rija ir piepild\u012bta ar unik\u0101l\u0101m e\u013c\u013cu \u012bpa\u0161\u012bb\u0101m un augu aminosk\u0101bju sp\u0113ku. E\u013c\u013ca bag\u0101tina matus ar barojo\u0161\u0101m viel\u0101m, nov\u0113r\u0161 to p\u0101rm\u0113r\u012bgu izkri\u0161anu, l\u016b\u0161anu un \u0161\u0137el\u0161anos. P\u0113c lieto\u0161anas mati k\u013c\u016bst gludi, elast\u012bgi, sp\u012bd\u012bgi, biez\u0101ki un stipr\u0101ki.<\/p>\n<p>Lieto\u0161ana: ar pipeti vienm\u0113r\u012bgi uzkl\u0101jiet e\u013c\u013cu uz \u0101das un ier\u012bv\u0113jiet viegl\u0101m mas\u0101\u017eas kust\u012bb\u0101m. Uzvelciet uz galvas polietil\u0113na cepur\u012bti un ietiniet galvu dviel\u012b. P\u0113c 20-30 min\u016bt\u0113m nomazg\u0101jiet matus ar \u0161amp\u016bnu. Proced\u016bru atk\u0101rtojiet 2-3 reizes ned\u0113\u013c\u0101.<\/p>\n<p>Piesardz\u012bbas pas\u0101kumi: ja e\u013c\u013ca iek\u013c\u016bst ac\u012bs, nekav\u0113joties noskalojiet ar \u016bdeni.<\/p>\n<p>Uzglab\u0101t temperat\u016br\u0101 no +5 l\u012bdz +25\u00b0C.<\/p>\n","protected":false},"excerpt":{"rendered":"<p>Black Castor Oil s\u0113rija ir piepild\u012bta ar unik\u0101l\u0101m e\u013c\u013cu \u012bpa\u0161\u012bb\u0101m un augu aminosk\u0101bju sp\u0113ku. E\u013c\u013ca bag\u0101tina matus ar barojo\u0161\u0101m viel\u0101m, nov\u0113r\u0161 to p\u0101rm\u0113r\u012bgu izkri\u0161anu, l\u016b\u0161anu un \u0161\u0137el\u0161anos. P\u0113c lieto\u0161anas mati k\u013c\u016bst gludi, elast\u012bgi, sp\u012bd\u012bgi, biez\u0101ki un stipr\u0101ki. Lieto\u0161ana: ar pipeti vienm\u0113r\u012bgi uzkl\u0101jiet e\u013c\u013cu uz \u0101das un ier\u012bv\u0113jiet viegl\u0101m mas\u0101\u017eas kust\u012bb\u0101m. Uzvelciet uz galvas polietil\u0113na cepur\u012bti [&#8230;]\n","protected":false},"featured_media":94074,"template":"","meta":[],"product_cat":[1343],"product_tag":[],"class_list":{"0":"post-68214","1":"product","2":"type-product","3":"status-publish","4":"has-post-thumbnail","6":"product_brand-elfa_ua","7":"product_cat-citi-matu-kopsanas-produkti","9":"first","10":"outofstock","11":"taxable","12":"shipping-taxable","13":"product-type-simple"},"_links":{"self":[{"href":"https:\/\/e.kosmolat.eu\/lv\/wp-json\/wp\/v2\/product\/68214","targetHints":{"allow":["GET"]}}],"collection":[{"href":"https:\/\/e.kosmolat.eu\/lv\/wp-json\/wp\/v2\/product"}],"about":[{"href":"https:\/\/e.kosmolat.eu\/lv\/wp-json\/wp\/v2\/types\/product"}],"wp:featuredmedia":[{"embeddable":true,"href":"https:\/\/e.kosmolat.eu\/lv\/wp-json\/wp\/v2\/media\/94074"}],"wp:attachment":[{"href":"https:\/\/e.kosmolat.eu\/lv\/wp-json\/wp\/v2\/media?parent=68214"}],"wp:term":[{"taxonomy":"product_cat","embeddable":true,"href":"https:\/\/e.kosmolat.eu\/lv\/wp-json\/wp\/v2\/product_cat?post=68214"},{"taxonomy":"product_tag","embeddable":true,"href":"https:\/\/e.kosmolat.eu\/lv\/wp-json\/wp\/v2\/product_tag?post=68214"}],"curies":[{"name":"wp","href":"https:\/\/api.w.org\/{rel}","templated":true}]}}