{"id":68194,"date":"2025-05-01T16:07:33","date_gmt":"2025-05-01T16:07:33","guid":{"rendered":"https:\/\/e.kosmolat.eu\/product\/skinlite-sheet-mask-hyaluronic-acid-1-sheet\/"},"modified":"2026-04-10T07:25:58","modified_gmt":"2026-04-10T07:25:58","slug":"skinlite-sheet-mask-hyaluronic-acid-1-sheet","status":"publish","type":"product","link":"https:\/\/e.kosmolat.eu\/lv\/product\/skinlite-sheet-mask-hyaluronic-acid-1-sheet\/","title":{"rendered":"Skinlite Sheet Mask &#8220;Hyaluronic Acid&#8221;, 1 sheet"},"content":{"rendered":"<p>Auduma sejas maska &#8220;hialuronsk\u0101be&#8221; nodro\u0161ina ilgsto\u0161u, intens\u012bvu mitrin\u0101\u0161anu, samazina piet\u016bkumu, uzlabo \u0101das toni, sniedz komforta un svaiguma saj\u016btu.<\/p>\n<p>\u2022 Hialuronsk\u0101be normaliz\u0113 hidrolip\u012bdu l\u012bdzsvaru, nov\u0113r\u0161 sausumu un lob\u012b\u0161anos, atjauno \u0101das gludumu, nov\u0113r\u0161 dehidrat\u0101ciju, noturot mitrumu \u0101d\u0101. T\u0101 ar\u012b palielina \u0101das elast\u012bbu un bl\u012bvumu, veicina atjauno\u0161anos, izl\u012bdzina mikroreljefu un samazina grumbu izteiksm\u012bbu.<br \/>\n\u2022 Opuncijas un an\u012bsa ekstrakti nomierina, m\u012bkstina, nodro\u0161ina antioksidantu iedarb\u012bbu.<br \/>\n\u2022 Kolag\u0113ns nodto\u0161ina liftinga efektu, izl\u012bdzina smalk\u0101s grumbi\u0146as, uzlabo elast\u012bbu un tvirtumu.<\/p>\n<p>Lieto\u0161ana: uzkl\u0101jiet masku uz att\u012br\u012btas sejas \u0101das, atst\u0101jiet uz 15-20 min\u016bt\u0113m, p\u0113c tam no\u0146emiet. Ar pirkstu galiem maigi paplik\u0161\u0137iniet \u0101du, l\u012bdz akt\u012bv\u0101 seruma paliekas uzs\u016bcas \u0101d\u0101. Nav nepiecie\u0161ams noskalot.<\/p>\n<p>Masku var lietot jebkur\u0101 laik\u0101: no r\u012bta \u2013 p\u0113c miega, dienas laik\u0101 \u2013 pirms svar\u012bga notikuma, vakar\u0101 \u2013 pirms randi\u0146a.<\/p>\n<p>Piesardz\u012bbas pas\u0101kumi: 1) Nelietot uz boj\u0101tas, iekaisu\u0161as un saul\u0113 apdegu\u0161as \u0101das. 2) Nelietot, ja ir paaugstin\u0101ta jut\u012bba pret k\u0101du no maskas sast\u0101vda\u013c\u0101m. Ja lieto\u0161anas laik\u0101 par\u0101d\u0101s \u0101das aps\u0101rtums vai kairin\u0101jums, p\u0101rtrauciet lieto\u0161anu un konsult\u0113jieties ar \u0101rstu. 3) Izvairieties no saskares ar ac\u012bm. Ja iek\u013c\u016bst ac\u012bs, r\u016bp\u012bgi izskalojiet ar \u016bdeni. 4) Nelietojiet, ja \u0101da ir jut\u012bga pret p\u0101rs\u0113jiem, elast\u012bg\u0101m un adhez\u012bv\u0101m sait\u0113m un mask\u0101m. 5) Uzglab\u0101t b\u0113rniem nepieejam\u0101 viet\u0101, temperat\u016br\u0101 no 0 \u00b0C l\u012bdz 25 \u00b0C, sarg\u0101jot no tie\u0161iem saules stariem. 6) Tikai \u0101r\u012bgai lieto\u0161anai. Nenor\u012bt!<\/p>\n<p>Der\u012bguma termi\u0146\u0161: 3 gadi no izgatavo\u0161anas datuma.<\/p>\n","protected":false},"excerpt":{"rendered":"<p>Auduma sejas maska &#8220;hialuronsk\u0101be&#8221; nodro\u0161ina ilgsto\u0161u, intens\u012bvu mitrin\u0101\u0161anu, samazina piet\u016bkumu, uzlabo \u0101das toni, sniedz komforta un svaiguma saj\u016btu. \u2022 Hialuronsk\u0101be normaliz\u0113 hidrolip\u012bdu l\u012bdzsvaru, nov\u0113r\u0161 sausumu un lob\u012b\u0161anos, atjauno \u0101das gludumu, nov\u0113r\u0161 dehidrat\u0101ciju, noturot mitrumu \u0101d\u0101. T\u0101 ar\u012b palielina \u0101das elast\u012bbu un bl\u012bvumu, veicina atjauno\u0161anos, izl\u012bdzina mikroreljefu un samazina grumbu izteiksm\u012bbu. \u2022 Opuncijas un an\u012bsa ekstrakti [&#8230;]\n","protected":false},"featured_media":94034,"template":"","meta":[],"product_cat":[1367],"product_tag":[],"class_list":{"0":"post-68194","1":"product","2":"type-product","3":"status-publish","4":"has-post-thumbnail","6":"product_brand-skinlite","7":"product_cat-sejas-maskas","9":"first","10":"instock","11":"taxable","12":"shipping-taxable","13":"product-type-simple"},"_links":{"self":[{"href":"https:\/\/e.kosmolat.eu\/lv\/wp-json\/wp\/v2\/product\/68194","targetHints":{"allow":["GET"]}}],"collection":[{"href":"https:\/\/e.kosmolat.eu\/lv\/wp-json\/wp\/v2\/product"}],"about":[{"href":"https:\/\/e.kosmolat.eu\/lv\/wp-json\/wp\/v2\/types\/product"}],"wp:featuredmedia":[{"embeddable":true,"href":"https:\/\/e.kosmolat.eu\/lv\/wp-json\/wp\/v2\/media\/94034"}],"wp:attachment":[{"href":"https:\/\/e.kosmolat.eu\/lv\/wp-json\/wp\/v2\/media?parent=68194"}],"wp:term":[{"taxonomy":"product_cat","embeddable":true,"href":"https:\/\/e.kosmolat.eu\/lv\/wp-json\/wp\/v2\/product_cat?post=68194"},{"taxonomy":"product_tag","embeddable":true,"href":"https:\/\/e.kosmolat.eu\/lv\/wp-json\/wp\/v2\/product_tag?post=68194"}],"curies":[{"name":"wp","href":"https:\/\/api.w.org\/{rel}","templated":true}]}}