{"id":68182,"date":"2025-05-01T15:04:39","date_gmt":"2025-05-01T15:04:39","guid":{"rendered":"https:\/\/e.kosmolat.eu\/product\/eclu-balz-apjoms-plan-mat-augu-prot-un-alveja-400-ml\/"},"modified":"2026-04-16T10:30:11","modified_gmt":"2026-04-16T10:30:11","slug":"eclu-balz-apjoms-plan-mat-augu-prot-un-alveja-400-ml","status":"publish","type":"product","link":"https:\/\/e.kosmolat.eu\/lv\/product\/eclu-balz-apjoms-plan-mat-augu-prot-un-alveja-400-ml\/","title":{"rendered":"ECLU Balz. Apjoms pl\u0101n. mat. Augu prot. un alveja, 400 ml"},"content":{"rendered":"<p>Dabiskas un r\u016bp\u012bgi atlas\u012btas sast\u0101vda\u013cas baro un kopj matus, pie\u0161\u0137irot tiem sp\u012bdumu un vesel\u012bgu izskatu. <\/p>\n<p>Akt\u012bv\u0101s sast\u0101vda\u013cas: Alvejas sula stiprina un mitrina, stimul\u0113 matu aug\u0161anu un nov\u0113r\u0161 matu izkri\u0161anu. Augu prote\u012bns iek\u013c\u016bst matu strukt\u016br\u0101, piepilda to un pie\u0161\u0137ir matiem sp\u0113ku un apjomu. Croton Lechleri sve\u0137u ekstrakts (p\u016b\u0137a asinis), moringas ekstrakts, B5, B6, C, E vitam\u012bni stimul\u0113 \u0161\u016bnu detoksik\u0101ciju, atjauno \u0101du, tiem piem\u012bt augsta antioksidanta aktivit\u0101te un tie uzlabo \u0101das aizsargfunkcijas. Rezult\u0101t\u0101: mati k\u013c\u016bst bl\u012bv\u0101ki, apjom\u012bg\u0101ki un stipr\u0101ki.<\/p>\n<p>Lieto\u0161ana: uzkl\u0101t uz mitriem matiem, atst\u0101t uz 1\u20132 min\u016bt\u0113m, p\u0113c tam r\u016bp\u012bgi izskalot ar siltu \u016bdeni. Tikai \u0101r\u012bgai lieto\u0161anai.<\/p>\n","protected":false},"excerpt":{"rendered":"<p>Dabiskas un r\u016bp\u012bgi atlas\u012btas sast\u0101vda\u013cas baro un kopj matus, pie\u0161\u0137irot tiem sp\u012bdumu un vesel\u012bgu izskatu. Akt\u012bv\u0101s sast\u0101vda\u013cas: Alvejas sula stiprina un mitrina, stimul\u0113 matu aug\u0161anu un nov\u0113r\u0161 matu izkri\u0161anu. Augu prote\u012bns iek\u013c\u016bst matu strukt\u016br\u0101, piepilda to un pie\u0161\u0137ir matiem sp\u0113ku un apjomu. Croton Lechleri sve\u0137u ekstrakts (p\u016b\u0137a asinis), moringas ekstrakts, B5, B6, C, E vitam\u012bni [&#8230;]\n","protected":false},"featured_media":93270,"template":"","meta":[],"product_cat":[1638],"product_tag":[],"class_list":{"0":"post-68182","1":"product","2":"type-product","3":"status-publish","4":"has-post-thumbnail","6":"product_brand-ecolab_cs","7":"product_cat-balzami","9":"first","10":"instock","11":"taxable","12":"shipping-taxable","13":"product-type-simple"},"_links":{"self":[{"href":"https:\/\/e.kosmolat.eu\/lv\/wp-json\/wp\/v2\/product\/68182","targetHints":{"allow":["GET"]}}],"collection":[{"href":"https:\/\/e.kosmolat.eu\/lv\/wp-json\/wp\/v2\/product"}],"about":[{"href":"https:\/\/e.kosmolat.eu\/lv\/wp-json\/wp\/v2\/types\/product"}],"wp:featuredmedia":[{"embeddable":true,"href":"https:\/\/e.kosmolat.eu\/lv\/wp-json\/wp\/v2\/media\/93270"}],"wp:attachment":[{"href":"https:\/\/e.kosmolat.eu\/lv\/wp-json\/wp\/v2\/media?parent=68182"}],"wp:term":[{"taxonomy":"product_cat","embeddable":true,"href":"https:\/\/e.kosmolat.eu\/lv\/wp-json\/wp\/v2\/product_cat?post=68182"},{"taxonomy":"product_tag","embeddable":true,"href":"https:\/\/e.kosmolat.eu\/lv\/wp-json\/wp\/v2\/product_tag?post=68182"}],"curies":[{"name":"wp","href":"https:\/\/api.w.org\/{rel}","templated":true}]}}