{"id":68154,"date":"2025-05-01T15:03:38","date_gmt":"2025-05-01T15:03:38","guid":{"rendered":"https:\/\/e.kosmolat.eu\/product\/eclu-samp-apjoms-plan-matiem-augu-prot-un-alveja-600-ml\/"},"modified":"2026-04-15T11:54:38","modified_gmt":"2026-04-15T11:54:38","slug":"eclu-samp-apjoms-plan-matiem-augu-prot-un-alveja-600-ml","status":"publish","type":"product","link":"https:\/\/e.kosmolat.eu\/lv\/product\/eclu-samp-apjoms-plan-matiem-augu-prot-un-alveja-600-ml\/","title":{"rendered":"ECLU \u0160amp. Apjoms pl\u0101n. matiem Augu prot. un alveja, 600 ml"},"content":{"rendered":"<p>Dabisk\u0101s sast\u0101vda\u013cas un sabalans\u0113ta formula kopj matus, maigi att\u012bra, pie\u0161\u0137ir apjomu, koptu un vesel\u012bgu izskatu.<\/p>\n<p>Akt\u012bv\u0101s sast\u0101vda\u013cas: Alvejas sula maigi att\u012bra matus un galvas \u0101du, stiprina un mitrina, stimul\u0113 matu aug\u0161anu un nov\u0113r\u0161 matu izkri\u0161anu. Augu prote\u012bns iek\u013c\u016bst matu strukt\u016br\u0101, piepilda to un pie\u0161\u0137ir matiem sp\u0113ku un apjomu. Croton Lechleri sve\u0137u ekstrakts (p\u016b\u0137a asinis), moringas ekstrakts, B5, B6, C, E vitam\u012bni stimul\u0113 \u0161\u016bnu detoksik\u0101ciju, atjauno \u0101du, tiem piem\u012bt augsta antioksidanta aktivit\u0101te un tie uzlabo \u0101das aizsargfunkcijas. Rezult\u0101t\u0101: mati k\u013c\u016bst bl\u012bv\u0101ki, apjom\u012bg\u0101ki un stipr\u0101ki.<\/p>\n<p>Lieto\u0161ana: uzkl\u0101t uz mitriem matiem, saputot, izskalot ar siltu \u016bdeni. Tikai \u0101r\u012bgai lieto\u0161anai.<\/p>\n","protected":false},"excerpt":{"rendered":"<p>Dabisk\u0101s sast\u0101vda\u013cas un sabalans\u0113ta formula kopj matus, maigi att\u012bra, pie\u0161\u0137ir apjomu, koptu un vesel\u012bgu izskatu. Akt\u012bv\u0101s sast\u0101vda\u013cas: Alvejas sula maigi att\u012bra matus un galvas \u0101du, stiprina un mitrina, stimul\u0113 matu aug\u0161anu un nov\u0113r\u0161 matu izkri\u0161anu. Augu prote\u012bns iek\u013c\u016bst matu strukt\u016br\u0101, piepilda to un pie\u0161\u0137ir matiem sp\u0113ku un apjomu. Croton Lechleri sve\u0137u ekstrakts (p\u016b\u0137a asinis), moringas [&#8230;]\n","protected":false},"featured_media":93254,"template":"","meta":[],"product_cat":[1248],"product_tag":[],"class_list":{"0":"post-68154","1":"product","2":"type-product","3":"status-publish","4":"has-post-thumbnail","6":"product_brand-ecolab_cs","7":"product_cat-sampuni","9":"first","10":"instock","11":"taxable","12":"shipping-taxable","13":"product-type-simple"},"_links":{"self":[{"href":"https:\/\/e.kosmolat.eu\/lv\/wp-json\/wp\/v2\/product\/68154","targetHints":{"allow":["GET"]}}],"collection":[{"href":"https:\/\/e.kosmolat.eu\/lv\/wp-json\/wp\/v2\/product"}],"about":[{"href":"https:\/\/e.kosmolat.eu\/lv\/wp-json\/wp\/v2\/types\/product"}],"wp:featuredmedia":[{"embeddable":true,"href":"https:\/\/e.kosmolat.eu\/lv\/wp-json\/wp\/v2\/media\/93254"}],"wp:attachment":[{"href":"https:\/\/e.kosmolat.eu\/lv\/wp-json\/wp\/v2\/media?parent=68154"}],"wp:term":[{"taxonomy":"product_cat","embeddable":true,"href":"https:\/\/e.kosmolat.eu\/lv\/wp-json\/wp\/v2\/product_cat?post=68154"},{"taxonomy":"product_tag","embeddable":true,"href":"https:\/\/e.kosmolat.eu\/lv\/wp-json\/wp\/v2\/product_tag?post=68154"}],"curies":[{"name":"wp","href":"https:\/\/api.w.org\/{rel}","templated":true}]}}