{"id":68146,"date":"2025-05-01T15:03:20","date_gmt":"2025-05-01T15:03:20","guid":{"rendered":"https:\/\/e.kosmolat.eu\/product\/eclu-stiprin-samp-pret-matu-lus-si-sv-un-magnolija-600-ml\/"},"modified":"2026-04-22T05:54:10","modified_gmt":"2026-04-22T05:54:10","slug":"eclu-stiprin-samp-pret-matu-lus-si-sv-un-magnolija-600-ml","status":"publish","type":"product","link":"https:\/\/e.kosmolat.eu\/lv\/product\/eclu-stiprin-samp-pret-matu-lus-si-sv-un-magnolija-600-ml\/","title":{"rendered":"ECLU Stiprin. \u0161amp. pret matu l\u016b\u0161. \u0161\u012b sv. un magnolija, 600 ml"},"content":{"rendered":"<p>Dabisk\u0101s sast\u0101vda\u013cas un sabalans\u0113ta formula kopj matus, maigi att\u012bra, pie\u0161\u0137ir apjomu, koptu un vesel\u012bgu izskatu<\/p>\n<p>Akt\u012bv\u0101s sast\u0101vda\u013cas: \u0160\u012b sviests baro un mitrina sausus matus, atjauno to vitalit\u0101ti. Magnolijas ekstrakts stiprina un p\u0101rkl\u0101j trauslus matus, veido pl\u0113vi uz matu virsmas un aizsarg\u0101 tos no mitruma zuduma un agres\u012bvo apk\u0101rt\u0113j\u0101s vides faktoru iedarb\u012bbas. Regul\u0101ri lietojot, \u0161amp\u016bnam ir akumul\u0113jo\u0161a iedarb\u012bba. Croton Lechleri sve\u0137u ekstrakts (p\u016b\u0137a asinis), moringas ekstrakts, B5, B6, C, E vitam\u012bni stimul\u0113 \u0161\u016bnu detoksik\u0101ciju, atjauno \u0101du, tiem piem\u012bt augsta antioksidanta aktivit\u0101te un tie uzlabo \u0101das aizsargfunkcijas. Rezult\u0101t\u0101: sp\u0113c\u012bgi un biezi mati.<\/p>\n<p>Lieto\u0161ana: uzkl\u0101t uz mitriem matiem, saputot, izskalot ar siltu \u016bdeni. Tikai \u0101r\u012bgai lieto\u0161anai.<\/p>\n","protected":false},"excerpt":{"rendered":"<p>Dabisk\u0101s sast\u0101vda\u013cas un sabalans\u0113ta formula kopj matus, maigi att\u012bra, pie\u0161\u0137ir apjomu, koptu un vesel\u012bgu izskatu Akt\u012bv\u0101s sast\u0101vda\u013cas: \u0160\u012b sviests baro un mitrina sausus matus, atjauno to vitalit\u0101ti. Magnolijas ekstrakts stiprina un p\u0101rkl\u0101j trauslus matus, veido pl\u0113vi uz matu virsmas un aizsarg\u0101 tos no mitruma zuduma un agres\u012bvo apk\u0101rt\u0113j\u0101s vides faktoru iedarb\u012bbas. Regul\u0101ri lietojot, \u0161amp\u016bnam ir [&#8230;]\n","protected":false},"featured_media":93250,"template":"","meta":[],"product_cat":[1248],"product_tag":[],"class_list":{"0":"post-68146","1":"product","2":"type-product","3":"status-publish","4":"has-post-thumbnail","6":"product_brand-ecolab_cs","7":"product_cat-sampuni","9":"first","10":"instock","11":"taxable","12":"shipping-taxable","13":"product-type-simple"},"_links":{"self":[{"href":"https:\/\/e.kosmolat.eu\/lv\/wp-json\/wp\/v2\/product\/68146","targetHints":{"allow":["GET"]}}],"collection":[{"href":"https:\/\/e.kosmolat.eu\/lv\/wp-json\/wp\/v2\/product"}],"about":[{"href":"https:\/\/e.kosmolat.eu\/lv\/wp-json\/wp\/v2\/types\/product"}],"wp:featuredmedia":[{"embeddable":true,"href":"https:\/\/e.kosmolat.eu\/lv\/wp-json\/wp\/v2\/media\/93250"}],"wp:attachment":[{"href":"https:\/\/e.kosmolat.eu\/lv\/wp-json\/wp\/v2\/media?parent=68146"}],"wp:term":[{"taxonomy":"product_cat","embeddable":true,"href":"https:\/\/e.kosmolat.eu\/lv\/wp-json\/wp\/v2\/product_cat?post=68146"},{"taxonomy":"product_tag","embeddable":true,"href":"https:\/\/e.kosmolat.eu\/lv\/wp-json\/wp\/v2\/product_tag?post=68146"}],"curies":[{"name":"wp","href":"https:\/\/api.w.org\/{rel}","templated":true}]}}