{"id":68138,"date":"2025-05-01T15:03:02","date_gmt":"2025-05-01T15:03:02","guid":{"rendered":"https:\/\/e.kosmolat.eu\/product\/eclu-atjaun-samp-bojatiem-matiem-argana-ella-un-baltais-jasm-600-ml\/"},"modified":"2026-04-15T07:31:27","modified_gmt":"2026-04-15T07:31:27","slug":"eclu-atjaun-samp-bojatiem-matiem-argana-ella-un-baltais-jasm-600-ml","status":"publish","type":"product","link":"https:\/\/e.kosmolat.eu\/lv\/product\/eclu-atjaun-samp-bojatiem-matiem-argana-ella-un-baltais-jasm-600-ml\/","title":{"rendered":"ECLU Atjaun. \u0161amp. boj\u0101tiem matiem Arg\u0101na e\u013cla un baltais jasm., 600 ml"},"content":{"rendered":"<p>Dabisk\u0101s sast\u0101vda\u013cas un sabalans\u0113ta formula kopj matus, maigi att\u012bra, pie\u0161\u0137ir apjomu, koptu un vesel\u012bgu izskatu.<\/p>\n<p>Akt\u012bv\u0101s sast\u0101vda\u013cas: Arg\u0101na e\u013c\u013ca lieliski mitrina un atjauno boj\u0101tus matus, pie\u0161\u0137irot tiem sp\u0113ku un vesel\u012bgu sp\u012bdumu. T\u0101 aizsarg\u0101 matus no nelabv\u0113l\u012bgu faktoru iedarb\u012bbas. Jasm\u012bna ekstrakts \u012bpa\u0161i labv\u0113l\u012bgi iedarbojas uz sausiem un boj\u0101tiem matiem, atjauno to dabisko sp\u012bdumu un elast\u012bbu. Tas stiprina matu folikulus, veicina aug\u0161anu un pie\u0161\u0137ir matiem vesel\u012bgu, dabisku izskatu. Croton Lechleri sve\u0137u ekstrakts (p\u016b\u0137a asinis), moringas ekstrakts, B5, B6, C, E vitam\u012bni stimul\u0113 \u0161\u016bnu detoksik\u0101ciju, atjauno \u0101du, tiem piem\u012bt augsta antioksidanta aktivit\u0101te un tie uzlabo \u0101das aizsargfunkcijas. Rezult\u0101t\u0101: vesel\u012bgs mirdzums, skaisti un kopti mati.<\/p>\n<p>Lieto\u0161ana: uzkl\u0101t uz mitriem matiem, saputot, izskalot ar siltu \u016bdeni. Tikai \u0101r\u012bgai lieto\u0161anai.<\/p>\n","protected":false},"excerpt":{"rendered":"<p>Dabisk\u0101s sast\u0101vda\u013cas un sabalans\u0113ta formula kopj matus, maigi att\u012bra, pie\u0161\u0137ir apjomu, koptu un vesel\u012bgu izskatu. Akt\u012bv\u0101s sast\u0101vda\u013cas: Arg\u0101na e\u013c\u013ca lieliski mitrina un atjauno boj\u0101tus matus, pie\u0161\u0137irot tiem sp\u0113ku un vesel\u012bgu sp\u012bdumu. T\u0101 aizsarg\u0101 matus no nelabv\u0113l\u012bgu faktoru iedarb\u012bbas. Jasm\u012bna ekstrakts \u012bpa\u0161i labv\u0113l\u012bgi iedarbojas uz sausiem un boj\u0101tiem matiem, atjauno to dabisko sp\u012bdumu un elast\u012bbu. Tas [&#8230;]\n","protected":false},"featured_media":93246,"template":"","meta":[],"product_cat":[1248],"product_tag":[],"class_list":{"0":"post-68138","1":"product","2":"type-product","3":"status-publish","4":"has-post-thumbnail","6":"product_brand-ecolab_cs","7":"product_cat-sampuni","9":"first","10":"instock","11":"taxable","12":"shipping-taxable","13":"product-type-simple"},"_links":{"self":[{"href":"https:\/\/e.kosmolat.eu\/lv\/wp-json\/wp\/v2\/product\/68138","targetHints":{"allow":["GET"]}}],"collection":[{"href":"https:\/\/e.kosmolat.eu\/lv\/wp-json\/wp\/v2\/product"}],"about":[{"href":"https:\/\/e.kosmolat.eu\/lv\/wp-json\/wp\/v2\/types\/product"}],"wp:featuredmedia":[{"embeddable":true,"href":"https:\/\/e.kosmolat.eu\/lv\/wp-json\/wp\/v2\/media\/93246"}],"wp:attachment":[{"href":"https:\/\/e.kosmolat.eu\/lv\/wp-json\/wp\/v2\/media?parent=68138"}],"wp:term":[{"taxonomy":"product_cat","embeddable":true,"href":"https:\/\/e.kosmolat.eu\/lv\/wp-json\/wp\/v2\/product_cat?post=68138"},{"taxonomy":"product_tag","embeddable":true,"href":"https:\/\/e.kosmolat.eu\/lv\/wp-json\/wp\/v2\/product_tag?post=68138"}],"curies":[{"name":"wp","href":"https:\/\/api.w.org\/{rel}","templated":true}]}}