{"id":68130,"date":"2025-05-01T15:02:47","date_gmt":"2025-05-01T15:02:47","guid":{"rendered":"https:\/\/e.kosmolat.eu\/product\/eclu-anti-pollution-micel-samp-visiem-matu-tip-kokosr-un-zidkoks-600-ml\/"},"modified":"2026-04-08T05:54:21","modified_gmt":"2026-04-08T05:54:21","slug":"eclu-anti-pollution-micel-samp-visiem-matu-tip-kokosr-un-zidkoks-600-ml","status":"publish","type":"product","link":"https:\/\/e.kosmolat.eu\/lv\/product\/eclu-anti-pollution-micel-samp-visiem-matu-tip-kokosr-un-zidkoks-600-ml\/","title":{"rendered":"ECLU Anti-Pollution Micel. \u0161amp. visiem matu tip. Kokosr. un z\u012bdkoks, 600 ml"},"content":{"rendered":"<p>Dabisk\u0101s sast\u0101vda\u013cas un sabalans\u0113ta formula kopj matus, maigi att\u012bra, pie\u0161\u0137ir apjomu, koptu un vesel\u012bgu izskatu.<\/p>\n<p>Akt\u012bv\u0101s sast\u0101vda\u013cas: Kokosriekstu e\u013c\u013ca efekt\u012bvi mitrina matus, atjauno sa\u0161\u0137eltos matu galus, aizsarg\u0101 tos karst\u0101s matu veido\u0161anas laik\u0101 un pasarg\u0101 no nelabv\u0113l\u012bgas apk\u0101rt\u0113j\u0101s vides ietekmes.Z\u012bdkoka ekstrakts pie\u0161\u0137ir matiem sp\u012bdumu un z\u012bdainu m\u012bkstumu. Tas aizsarg\u0101 matus no nelabv\u0113l\u012bgas apk\u0101rt\u0113j\u0101s vides ietekmes. Croton Lechleri sve\u0137u ekstrakts (p\u016b\u0137a asinis), moringas ekstrakts, B5, B6, C, E vitam\u012bni stimul\u0113 \u0161\u016bnu detoksik\u0101ciju, atjauno \u0101du, tiem piem\u012bt augsta antioksidanta aktivit\u0101te un tie uzlabo \u0101das aizsargfunkcijas.<\/p>\n<p>Regul\u0101ri lietojot, \u0161amp\u016bns pal\u012bdz l\u012bdzsvarot galvas \u0101das sebuma veido\u0161anos un pie\u0161\u0137ir matiem sp\u012bdumu.<\/p>\n<p>Lieto\u0161ana: uzkl\u0101t uz mitriem matiem, saputot, izskalot ar siltu \u016bdeni. Tikai \u0101r\u012bgai lieto\u0161anai.<\/p>\n","protected":false},"excerpt":{"rendered":"<p>Dabisk\u0101s sast\u0101vda\u013cas un sabalans\u0113ta formula kopj matus, maigi att\u012bra, pie\u0161\u0137ir apjomu, koptu un vesel\u012bgu izskatu. Akt\u012bv\u0101s sast\u0101vda\u013cas: Kokosriekstu e\u013c\u013ca efekt\u012bvi mitrina matus, atjauno sa\u0161\u0137eltos matu galus, aizsarg\u0101 tos karst\u0101s matu veido\u0161anas laik\u0101 un pasarg\u0101 no nelabv\u0113l\u012bgas apk\u0101rt\u0113j\u0101s vides ietekmes.Z\u012bdkoka ekstrakts pie\u0161\u0137ir matiem sp\u012bdumu un z\u012bdainu m\u012bkstumu. Tas aizsarg\u0101 matus no nelabv\u0113l\u012bgas apk\u0101rt\u0113j\u0101s vides ietekmes. Croton [&#8230;]\n","protected":false},"featured_media":93242,"template":"","meta":[],"product_cat":[1248],"product_tag":[],"class_list":{"0":"post-68130","1":"product","2":"type-product","3":"status-publish","4":"has-post-thumbnail","6":"product_brand-ecolab_cs","7":"product_cat-sampuni","9":"first","10":"instock","11":"taxable","12":"shipping-taxable","13":"product-type-simple"},"_links":{"self":[{"href":"https:\/\/e.kosmolat.eu\/lv\/wp-json\/wp\/v2\/product\/68130","targetHints":{"allow":["GET"]}}],"collection":[{"href":"https:\/\/e.kosmolat.eu\/lv\/wp-json\/wp\/v2\/product"}],"about":[{"href":"https:\/\/e.kosmolat.eu\/lv\/wp-json\/wp\/v2\/types\/product"}],"wp:featuredmedia":[{"embeddable":true,"href":"https:\/\/e.kosmolat.eu\/lv\/wp-json\/wp\/v2\/media\/93242"}],"wp:attachment":[{"href":"https:\/\/e.kosmolat.eu\/lv\/wp-json\/wp\/v2\/media?parent=68130"}],"wp:term":[{"taxonomy":"product_cat","embeddable":true,"href":"https:\/\/e.kosmolat.eu\/lv\/wp-json\/wp\/v2\/product_cat?post=68130"},{"taxonomy":"product_tag","embeddable":true,"href":"https:\/\/e.kosmolat.eu\/lv\/wp-json\/wp\/v2\/product_tag?post=68130"}],"curies":[{"name":"wp","href":"https:\/\/api.w.org\/{rel}","templated":true}]}}