{"id":68118,"date":"2025-05-01T15:02:20","date_gmt":"2025-05-01T15:02:20","guid":{"rendered":"https:\/\/e.kosmolat.eu\/product\/eclp-stiprinoss-un-atjaunojoss-sampuns-400-ml\/"},"modified":"2026-04-22T05:53:55","modified_gmt":"2026-04-22T05:53:55","slug":"eclp-stiprinoss-un-atjaunojoss-sampuns-400-ml","status":"publish","type":"product","link":"https:\/\/e.kosmolat.eu\/lv\/product\/eclp-stiprinoss-un-atjaunojoss-sampuns-400-ml\/","title":{"rendered":"ECLP Stiprino\u0161s un atjaunojo\u0161s \u0161amp\u016bns, 400 ml"},"content":{"rendered":"<p>Strengthen &#038; Repair \u0161amp\u016bns ECOLATIER\u00ae POWER efekt\u012bvi un maigi att\u012bra matus un galvas \u0101du. Pal\u012bdz stiprin\u0101t matu folikulus, nov\u0113r\u0161 matu l\u016b\u0161anu un izkri\u0161anu. Normaliz\u0113 galvas \u0101das hidrolip\u012bdu l\u012bdzsvaru, padara matus stipr\u0101kus un biez\u0101kus, vienlaikus kopjot tos un aizsarg\u0101jot tos no negat\u012bviem apk\u0101rt\u0113j\u0101s vides faktoriem. Piem\u0113rots visiem matu tipiem.<\/p>\n<p>Akt\u012bv\u0101s sast\u0101vda\u013cas: Bergamotes ekstrakts samazina matu l\u016b\u0161anu un nov\u0113r\u0161 matu izkri\u0161anu. Cipreses e\u013c\u013ca normaliz\u0113 tauku dziedzeru darb\u012bbu un stimul\u0113 \u0161\u016bnu atjauno\u0161anos. Kofe\u012bnam piem\u012bt toniz\u0113jo\u0161a, stiprino\u0161a un matu aug\u0161anas veicino\u0161a iedarb\u012bba. Aminosk\u0101bju komplekss un B3 vitam\u012bns aktiviz\u0113 vielmai\u0146as procesus matu folikul\u0101s, stiprinot matu strukt\u016bru. <\/p>\n<p>Lieto\u0161ana: uzkl\u0101t uz mitriem matiem, saputot, izskalot ar siltu \u016bdeni. Tikai \u0101r\u012bgai lieto\u0161anai.<\/p>\n","protected":false},"excerpt":{"rendered":"<p>Strengthen &#038; Repair \u0161amp\u016bns ECOLATIER\u00ae POWER efekt\u012bvi un maigi att\u012bra matus un galvas \u0101du. Pal\u012bdz stiprin\u0101t matu folikulus, nov\u0113r\u0161 matu l\u016b\u0161anu un izkri\u0161anu. Normaliz\u0113 galvas \u0101das hidrolip\u012bdu l\u012bdzsvaru, padara matus stipr\u0101kus un biez\u0101kus, vienlaikus kopjot tos un aizsarg\u0101jot tos no negat\u012bviem apk\u0101rt\u0113j\u0101s vides faktoriem. Piem\u0113rots visiem matu tipiem. Akt\u012bv\u0101s sast\u0101vda\u013cas: Bergamotes ekstrakts samazina matu l\u016b\u0161anu [&#8230;]\n","protected":false},"featured_media":93234,"template":"","meta":[],"product_cat":[1248],"product_tag":[],"class_list":{"0":"post-68118","1":"product","2":"type-product","3":"status-publish","4":"has-post-thumbnail","6":"product_brand-ecolab_cs","7":"product_cat-sampuni","9":"first","10":"instock","11":"taxable","12":"shipping-taxable","13":"product-type-simple"},"_links":{"self":[{"href":"https:\/\/e.kosmolat.eu\/lv\/wp-json\/wp\/v2\/product\/68118","targetHints":{"allow":["GET"]}}],"collection":[{"href":"https:\/\/e.kosmolat.eu\/lv\/wp-json\/wp\/v2\/product"}],"about":[{"href":"https:\/\/e.kosmolat.eu\/lv\/wp-json\/wp\/v2\/types\/product"}],"wp:featuredmedia":[{"embeddable":true,"href":"https:\/\/e.kosmolat.eu\/lv\/wp-json\/wp\/v2\/media\/93234"}],"wp:attachment":[{"href":"https:\/\/e.kosmolat.eu\/lv\/wp-json\/wp\/v2\/media?parent=68118"}],"wp:term":[{"taxonomy":"product_cat","embeddable":true,"href":"https:\/\/e.kosmolat.eu\/lv\/wp-json\/wp\/v2\/product_cat?post=68118"},{"taxonomy":"product_tag","embeddable":true,"href":"https:\/\/e.kosmolat.eu\/lv\/wp-json\/wp\/v2\/product_tag?post=68118"}],"curies":[{"name":"wp","href":"https:\/\/api.w.org\/{rel}","templated":true}]}}